{"id":7325,"date":"2021-05-14T10:26:56","date_gmt":"2021-05-14T10:26:56","guid":{"rendered":"http:\/\/95.39.50.142\/territorio-y-paisaje\/"},"modified":"2021-05-23T17:50:28","modified_gmt":"2021-05-23T17:50:28","slug":"territory-and-landscape","status":"publish","type":"page","link":"https:\/\/manisescityofceramics.es\/en\/territory-and-landscape\/","title":{"rendered":"Territory and landscape"},"content":{"rendered":"\t\t<div data-elementor-type=\"wp-page\" data-elementor-id=\"7325\" class=\"elementor elementor-7325 elementor-7265\">\n\t\t\t\t\t\t<div class=\"elementor-inner\">\n\t\t\t\t<div class=\"elementor-section-wrap\">\n\t\t\t\t\t\t\t\t\t<section class=\"elementor-section elementor-top-section elementor-element elementor-element-66741f96 elementor-section-content-middle elementor-section-height-min-height elementor-section-boxed elementor-section-height-default elementor-section-items-middle\" data-id=\"66741f96\" data-element_type=\"section\" data-settings=\"{&quot;background_background&quot;:&quot;classic&quot;}\">\n\t\t\t\t\t\t<div class=\"elementor-container elementor-column-gap-no\">\n\t\t\t\t\t\t\t<div class=\"elementor-row\">\n\t\t\t\t\t<div class=\"elementor-column elementor-col-100 elementor-top-column elementor-element elementor-element-128262a5\" data-id=\"128262a5\" data-element_type=\"column\">\n\t\t\t<div class=\"elementor-column-wrap elementor-element-populated\">\n\t\t\t\t\t\t\t<div class=\"elementor-widget-wrap\">\n\t\t\t\t\t\t<div class=\"elementor-element elementor-element-69fbaeb8 elementor-widget elementor-widget-heading\" data-id=\"69fbaeb8\" data-element_type=\"widget\" data-widget_type=\"heading.default\">\n\t\t\t\t<div class=\"elementor-widget-container\">\n\t\t\t<h1 class=\"elementor-heading-title elementor-size-default\">Territory and<br> landscape<\/h1>\t\t<\/div>\n\t\t\t\t<\/div>\n\t\t\t\t\t\t<\/div>\n\t\t\t\t\t<\/div>\n\t\t<\/div>\n\t\t\t\t\t\t\t\t<\/div>\n\t\t\t\t\t<\/div>\n\t\t<\/section>\n\t\t\t\t<section class=\"elementor-section elementor-top-section elementor-element elementor-element-6fdac2b1 elementor-section-boxed elementor-section-height-default elementor-section-height-default\" data-id=\"6fdac2b1\" data-element_type=\"section\">\n\t\t\t\t\t\t<div class=\"elementor-container elementor-column-gap-default\">\n\t\t\t\t\t\t\t<div class=\"elementor-row\">\n\t\t\t\t\t<div class=\"elementor-column elementor-col-50 elementor-top-column elementor-element elementor-element-700457d8\" data-id=\"700457d8\" data-element_type=\"column\">\n\t\t\t<div class=\"elementor-column-wrap elementor-element-populated\">\n\t\t\t\t\t\t\t<div class=\"elementor-widget-wrap\">\n\t\t\t\t\t\t<div class=\"elementor-element elementor-element-627fc8cf elementor-widget elementor-widget-text-editor\" data-id=\"627fc8cf\" data-element_type=\"widget\" data-widget_type=\"text-editor.default\">\n\t\t\t\t<div class=\"elementor-widget-container\">\n\t\t\t\t\t\t\t\t<div class=\"elementor-text-editor elementor-clearfix\">\n\t\t\t\t<p>Manises is a Mediterranean town located in the metropolitan area of Val\u00e8ncia (Spain), 8 km NW of the city. This municipality (21 km2) stands on the right bank of the river T\u00faria and is part of the Horta de Val\u00e8ncia, a cultural landscape related to the historic traditional Roman irrigation system that is still in operation and governed by the Tribunal de las Aguas.\u00a0<\/p><p>It is a medium-sized town with 30,919 inhabitants and is well connected by road and subway to Val\u00e8ncia city centre, to the major regional roads (E-901 motorway) and the Valencian port. Furthermore, Val\u00e8ncia International Airport is located in Manises. The town&#8217;s economy is based on services, light industry, commerce and irrigated agriculture (oranges, vegetables, legumes, etc.).<\/p>\t\t\t\t\t<\/div>\n\t\t\t\t\t\t<\/div>\n\t\t\t\t<\/div>\n\t\t\t\t\t\t<\/div>\n\t\t\t\t\t<\/div>\n\t\t<\/div>\n\t\t\t\t<div class=\"elementor-column elementor-col-50 elementor-top-column elementor-element elementor-element-585619e5\" data-id=\"585619e5\" data-element_type=\"column\">\n\t\t\t<div class=\"elementor-column-wrap elementor-element-populated\">\n\t\t\t\t\t\t\t<div class=\"elementor-widget-wrap\">\n\t\t\t\t\t\t<div class=\"elementor-element elementor-element-c3960bf elementor-aspect-ratio-169 elementor-widget elementor-widget-video\" data-id=\"c3960bf\" data-element_type=\"widget\" data-settings=\"{&quot;autoplay&quot;:&quot;yes&quot;,&quot;play_on_mobile&quot;:&quot;yes&quot;,&quot;mute&quot;:&quot;yes&quot;,&quot;video_type&quot;:&quot;hosted&quot;,&quot;aspect_ratio&quot;:&quot;169&quot;}\" data-widget_type=\"video.default\">\n\t\t\t\t<div class=\"elementor-widget-container\">\n\t\t\t\t\t<div class=\"e-hosted-video elementor-wrapper elementor-fit-aspect-ratio elementor-open-inline\">\n\t\t\t\t\t<video class=\"elementor-video\" src=\"https:\/\/manisescityofceramics.es\/wp-content\/uploads\/video-manises.mp4\" autoplay=\"\" muted=\"muted\" playsinline=\"\" controlsList=\"nodownload\"><\/video>\n\t\t\t\t<\/div>\n\t\t\t\t<\/div>\n\t\t\t\t<\/div>\n\t\t\t\t\t\t<\/div>\n\t\t\t\t\t<\/div>\n\t\t<\/div>\n\t\t\t\t\t\t\t\t<\/div>\n\t\t\t\t\t<\/div>\n\t\t<\/section>\n\t\t\t\t<section class=\"elementor-section elementor-top-section elementor-element elementor-element-091d0a4 elementor-section-boxed elementor-section-height-default elementor-section-height-default\" data-id=\"091d0a4\" data-element_type=\"section\">\n\t\t\t\t\t\t<div class=\"elementor-container elementor-column-gap-default\">\n\t\t\t\t\t\t\t<div class=\"elementor-row\">\n\t\t\t\t\t<div class=\"elementor-column elementor-col-50 elementor-top-column elementor-element elementor-element-48f8535\" data-id=\"48f8535\" data-element_type=\"column\">\n\t\t\t<div class=\"elementor-column-wrap elementor-element-populated\">\n\t\t\t\t\t\t\t<div class=\"elementor-widget-wrap\">\n\t\t\t\t\t\t<div class=\"elementor-element elementor-element-af2c73d elementor-widget elementor-widget-image\" data-id=\"af2c73d\" data-element_type=\"widget\" data-widget_type=\"image.default\">\n\t\t\t\t<div class=\"elementor-widget-container\">\n\t\t\t\t\t\t\t\t<div class=\"elementor-image\">\n\t\t\t\t\t\t\t\t\t\t\t\t<img width=\"683\" height=\"1024\" src=\"https:\/\/manisescityofceramics.es\/wp-content\/uploads\/2021\/05\/JAMBAS-683x1024.jpg\" class=\"attachment-large size-large\" alt=\"\" loading=\"lazy\" srcset=\"https:\/\/manisescityofceramics.es\/wp-content\/uploads\/2021\/05\/JAMBAS-683x1024.jpg 683w, https:\/\/manisescityofceramics.es\/wp-content\/uploads\/2021\/05\/JAMBAS-200x300.jpg 200w, https:\/\/manisescityofceramics.es\/wp-content\/uploads\/2021\/05\/JAMBAS-768x1152.jpg 768w, https:\/\/manisescityofceramics.es\/wp-content\/uploads\/2021\/05\/JAMBAS.jpg 852w\" sizes=\"(max-width: 683px) 100vw, 683px\" \/>\t\t\t\t\t\t\t\t\t\t\t\t\t\t<\/div>\n\t\t\t\t\t\t<\/div>\n\t\t\t\t<\/div>\n\t\t\t\t\t\t<\/div>\n\t\t\t\t\t<\/div>\n\t\t<\/div>\n\t\t\t\t<div class=\"elementor-column elementor-col-50 elementor-top-column elementor-element elementor-element-9a9f92f\" data-id=\"9a9f92f\" data-element_type=\"column\">\n\t\t\t<div class=\"elementor-column-wrap elementor-element-populated\">\n\t\t\t\t\t\t\t<div class=\"elementor-widget-wrap\">\n\t\t\t\t\t\t<div class=\"elementor-element elementor-element-321fb40 elementor-widget elementor-widget-text-editor\" data-id=\"321fb40\" data-element_type=\"widget\" data-widget_type=\"text-editor.default\">\n\t\t\t\t<div class=\"elementor-widget-container\">\n\t\t\t\t\t\t\t\t<div class=\"elementor-text-editor elementor-clearfix\">\n\t\t\t\t<p>Manises is part of several international networks dealing with ceramics issues like the EUROPEAN ROUTE OF CERAMICS of the Council of Europe, EUROPEAN GROUPING OF TERRITORIAL COOPERATION CITIES OF CERAMICS (AeuCC), created within the European Union and to which 120 cities are affiliated, with Manises currently holding the presidency, and the INTERNATIONAL INTERNATIONAL ACDEMY OF CERAMICS, affiliated with UNESCO, that is the main organisation representing the interests of ceramists worldwide, and in which Manises is currently being included.\u00a0<\/p><p>At the international scope, Manises is member of the WORLD ALLIANCE OF CITIES AGAINST POVERTY, formed at the initiative of the United Nations Development Programme (UNDP) that promotes exchange experiences, strengthen local capacity and city to city co-operation in the fight against poverty and the INTERNATIONAL NETWORK OF HEALTH PROMOTING HOSPITALS &amp; HEALTH SERVICES, created by World Health Organization (WHO) to promote health in the population and environmental sustainability from the health institutions themselves.<\/p><p>The city is a holder, together with other cities, of the ERASMUS CHARTER FOR HIGHER EDUCATION (ECHE) that provides the general quality framework for European and international cooperation activities (European Union&#8217;s Erasmus+ Programme)<\/p><p>SPANISH NETWORK OF REFUGEE-HOSTING MUNICIPALITIES that facilitates the reception process and assists the integration of displaced persons.<br \/>Additionally, the town is part of the two regional alliances: one is CITIES ALLIANCE FOR SUSTAINABLE DEVELOPMENT, above mentioned, and the NETWORK OF MUNICIPALITIES TO FIGHT GENDER-BASED VIOLENCE.<\/p>\t\t\t\t\t<\/div>\n\t\t\t\t\t\t<\/div>\n\t\t\t\t<\/div>\n\t\t\t\t\t\t<\/div>\n\t\t\t\t\t<\/div>\n\t\t<\/div>\n\t\t\t\t\t\t\t\t<\/div>\n\t\t\t\t\t<\/div>\n\t\t<\/section>\n\t\t\t\t\t\t\t\t\t<\/div>\n\t\t\t<\/div>\n\t\t\t\t\t<\/div>\n\t\t","protected":false},"excerpt":{"rendered":"<p>Territory and landscape Manises is a Mediterranean town located in the metropolitan area of Val\u00e8ncia (Spain), 8 km NW of the city. This municipality (21 km2) stands on the right &hellip;<\/p>\n<p class=\"read-more\"> <a class=\"\" href=\"https:\/\/manisescityofceramics.es\/en\/territory-and-landscape\/\"> <span class=\"screen-reader-text\">Territory and landscape<\/span> Read More &raquo;<\/a><\/p>\n","protected":false},"author":2,"featured_media":0,"parent":0,"menu_order":0,"comment_status":"closed","ping_status":"closed","template":"","meta":{"_monsterinsights_skip_tracking":false,"_monsterinsights_sitenote_active":false,"_monsterinsights_sitenote_note":"","_monsterinsights_sitenote_category":0},"yoast_head":"<!-- This site is optimized with the Yoast SEO plugin v16.5 - https:\/\/yoast.com\/wordpress\/plugins\/seo\/ -->\r\n<title>Territory and landscape - Manises<\/title>\r\n<meta name=\"robots\" content=\"index, follow, max-snippet:-1, max-image-preview:large, max-video-preview:-1\" \/>\r\n<link rel=\"canonical\" href=\"https:\/\/manisescityofceramics.es\/en\/territory-and-landscape\/\" \/>\r\n<meta property=\"og:locale\" content=\"en_US\" \/>\r\n<meta property=\"og:type\" content=\"article\" \/>\r\n<meta property=\"og:title\" content=\"Territory and landscape - Manises\" \/>\r\n<meta property=\"og:description\" content=\"Territory and landscape Manises is a Mediterranean town located in the metropolitan area of Val\u00e8ncia (Spain), 8 km NW of the city. This municipality (21 km2) stands on the right &hellip; Territory and landscape Read More &raquo;\" \/>\r\n<meta property=\"og:url\" content=\"https:\/\/manisescityofceramics.es\/en\/territory-and-landscape\/\" \/>\r\n<meta property=\"og:site_name\" content=\"Manises\" \/>\r\n<meta property=\"article:modified_time\" content=\"2021-05-23T17:50:28+00:00\" \/>\r\n<meta property=\"og:image\" content=\"https:\/\/manisescityofceramics.es\/wp-content\/uploads\/2021\/05\/JAMBAS-683x1024.jpg\" \/>\r\n<meta name=\"twitter:card\" content=\"summary_large_image\" \/>\r\n<meta name=\"twitter:label1\" content=\"Est. reading time\" \/>\n\t<meta name=\"twitter:data1\" content=\"2 minutes\" \/>\r\n<script type=\"application\/ld+json\" class=\"yoast-schema-graph\">{\"@context\":\"https:\/\/schema.org\",\"@graph\":[{\"@type\":\"WebSite\",\"@id\":\"https:\/\/manisescityofceramics.es\/#website\",\"url\":\"https:\/\/manisescityofceramics.es\/\",\"name\":\"Manises\",\"description\":\"\",\"potentialAction\":[{\"@type\":\"SearchAction\",\"target\":\"https:\/\/manisescityofceramics.es\/?s={search_term_string}\",\"query-input\":\"required name=search_term_string\"}],\"inLanguage\":\"en-US\"},{\"@type\":\"ImageObject\",\"@id\":\"https:\/\/manisescityofceramics.es\/en\/territory-and-landscape\/#primaryimage\",\"inLanguage\":\"en-US\",\"url\":\"https:\/\/manisescityofceramics.es\/wp-content\/uploads\/2021\/05\/JAMBAS.jpg\",\"contentUrl\":\"https:\/\/manisescityofceramics.es\/wp-content\/uploads\/2021\/05\/JAMBAS.jpg\",\"width\":852,\"height\":1278},{\"@type\":\"WebPage\",\"@id\":\"https:\/\/manisescityofceramics.es\/en\/territory-and-landscape\/#webpage\",\"url\":\"https:\/\/manisescityofceramics.es\/en\/territory-and-landscape\/\",\"name\":\"Territory and landscape - Manises\",\"isPartOf\":{\"@id\":\"https:\/\/manisescityofceramics.es\/#website\"},\"primaryImageOfPage\":{\"@id\":\"https:\/\/manisescityofceramics.es\/en\/territory-and-landscape\/#primaryimage\"},\"datePublished\":\"2021-05-14T10:26:56+00:00\",\"dateModified\":\"2021-05-23T17:50:28+00:00\",\"breadcrumb\":{\"@id\":\"https:\/\/manisescityofceramics.es\/en\/territory-and-landscape\/#breadcrumb\"},\"inLanguage\":\"en-US\",\"potentialAction\":[{\"@type\":\"ReadAction\",\"target\":[\"https:\/\/manisescityofceramics.es\/en\/territory-and-landscape\/\"]}]},{\"@type\":\"BreadcrumbList\",\"@id\":\"https:\/\/manisescityofceramics.es\/en\/territory-and-landscape\/#breadcrumb\",\"itemListElement\":[{\"@type\":\"ListItem\",\"position\":1,\"name\":\"Inicio\",\"item\":\"https:\/\/manisescityofceramics.es\/en\/\"},{\"@type\":\"ListItem\",\"position\":2,\"name\":\"Territory and landscape\"}]}]}<\/script>\r\n<!-- \/ Yoast SEO plugin. -->","_links":{"self":[{"href":"https:\/\/manisescityofceramics.es\/en\/wp-json\/wp\/v2\/pages\/7325"}],"collection":[{"href":"https:\/\/manisescityofceramics.es\/en\/wp-json\/wp\/v2\/pages"}],"about":[{"href":"https:\/\/manisescityofceramics.es\/en\/wp-json\/wp\/v2\/types\/page"}],"author":[{"embeddable":true,"href":"https:\/\/manisescityofceramics.es\/en\/wp-json\/wp\/v2\/users\/2"}],"replies":[{"embeddable":true,"href":"https:\/\/manisescityofceramics.es\/en\/wp-json\/wp\/v2\/comments?post=7325"}],"version-history":[{"count":10,"href":"https:\/\/manisescityofceramics.es\/en\/wp-json\/wp\/v2\/pages\/7325\/revisions"}],"predecessor-version":[{"id":7821,"href":"https:\/\/manisescityofceramics.es\/en\/wp-json\/wp\/v2\/pages\/7325\/revisions\/7821"}],"wp:attachment":[{"href":"https:\/\/manisescityofceramics.es\/en\/wp-json\/wp\/v2\/media?parent=7325"}],"curies":[{"name":"wp","href":"https:\/\/api.w.org\/{rel}","templated":true}]}}