{"id":6448,"date":"2021-03-29T09:10:08","date_gmt":"2021-03-29T09:10:08","guid":{"rendered":"http:\/\/95.39.50.142\/ruta-europea-de-la-ceramica\/"},"modified":"2021-06-12T07:34:26","modified_gmt":"2021-06-12T07:34:26","slug":"european-route-of-ceramics","status":"publish","type":"page","link":"https:\/\/manisescityofceramics.es\/en\/european-route-of-ceramics\/","title":{"rendered":"European route of ceramics"},"content":{"rendered":"\t\t<div data-elementor-type=\"wp-page\" data-elementor-id=\"6448\" class=\"elementor elementor-6448 elementor-6432\">\n\t\t\t\t\t\t<div class=\"elementor-inner\">\n\t\t\t\t<div class=\"elementor-section-wrap\">\n\t\t\t\t\t\t\t\t\t<section class=\"elementor-section elementor-top-section elementor-element elementor-element-6590ef64 elementor-section-content-middle elementor-section-height-min-height elementor-section-boxed elementor-section-height-default elementor-section-items-middle\" data-id=\"6590ef64\" data-element_type=\"section\" data-settings=\"{&quot;background_background&quot;:&quot;classic&quot;}\">\n\t\t\t\t\t\t\t<div class=\"elementor-background-overlay\"><\/div>\n\t\t\t\t\t\t\t<div class=\"elementor-container elementor-column-gap-no\">\n\t\t\t\t\t\t\t<div class=\"elementor-row\">\n\t\t\t\t\t<div class=\"elementor-column elementor-col-100 elementor-top-column elementor-element elementor-element-19db739b\" data-id=\"19db739b\" data-element_type=\"column\">\n\t\t\t<div class=\"elementor-column-wrap elementor-element-populated\">\n\t\t\t\t\t\t\t<div class=\"elementor-widget-wrap\">\n\t\t\t\t\t\t<div class=\"elementor-element elementor-element-2e58161b elementor-widget elementor-widget-heading\" data-id=\"2e58161b\" data-element_type=\"widget\" data-widget_type=\"heading.default\">\n\t\t\t\t<div class=\"elementor-widget-container\">\n\t\t\t<h1 class=\"elementor-heading-title elementor-size-default\">European Route <br>of Ceramics<\/h1>\t\t<\/div>\n\t\t\t\t<\/div>\n\t\t\t\t\t\t<\/div>\n\t\t\t\t\t<\/div>\n\t\t<\/div>\n\t\t\t\t\t\t\t\t<\/div>\n\t\t\t\t\t<\/div>\n\t\t<\/section>\n\t\t\t\t<section class=\"elementor-section elementor-top-section elementor-element elementor-element-73f9dd7 elementor-section-boxed elementor-section-height-default elementor-section-height-default\" data-id=\"73f9dd7\" data-element_type=\"section\">\n\t\t\t\t\t\t<div class=\"elementor-container elementor-column-gap-default\">\n\t\t\t\t\t\t\t<div class=\"elementor-row\">\n\t\t\t\t\t<div class=\"elementor-column elementor-col-100 elementor-top-column elementor-element elementor-element-c9609af\" data-id=\"c9609af\" data-element_type=\"column\">\n\t\t\t<div class=\"elementor-column-wrap elementor-element-populated\">\n\t\t\t\t\t\t\t<div class=\"elementor-widget-wrap\">\n\t\t\t\t\t\t<div class=\"elementor-element elementor-element-0c71256 elementor-widget elementor-widget-image\" data-id=\"0c71256\" data-element_type=\"widget\" data-widget_type=\"image.default\">\n\t\t\t\t<div class=\"elementor-widget-container\">\n\t\t\t\t\t\t\t\t<div class=\"elementor-image\">\n\t\t\t\t\t\t\t\t\t\t\t\t<img width=\"1024\" height=\"111\" src=\"https:\/\/manisescityofceramics.es\/wp-content\/uploads\/2021\/05\/ruta-europea-1024x111.jpg\" class=\"attachment-large size-large\" alt=\"\" loading=\"lazy\" srcset=\"https:\/\/manisescityofceramics.es\/wp-content\/uploads\/2021\/05\/ruta-europea-1024x111.jpg 1024w, https:\/\/manisescityofceramics.es\/wp-content\/uploads\/2021\/05\/ruta-europea-300x33.jpg 300w, https:\/\/manisescityofceramics.es\/wp-content\/uploads\/2021\/05\/ruta-europea-768x84.jpg 768w, https:\/\/manisescityofceramics.es\/wp-content\/uploads\/2021\/05\/ruta-europea-1536x167.jpg 1536w, https:\/\/manisescityofceramics.es\/wp-content\/uploads\/2021\/05\/ruta-europea.jpg 1838w\" sizes=\"(max-width: 1024px) 100vw, 1024px\" \/>\t\t\t\t\t\t\t\t\t\t\t\t\t\t<\/div>\n\t\t\t\t\t\t<\/div>\n\t\t\t\t<\/div>\n\t\t\t\t<section class=\"elementor-section elementor-inner-section elementor-element elementor-element-618e7f4 elementor-section-boxed elementor-section-height-default elementor-section-height-default\" data-id=\"618e7f4\" data-element_type=\"section\">\n\t\t\t\t\t\t<div class=\"elementor-container elementor-column-gap-default\">\n\t\t\t\t\t\t\t<div class=\"elementor-row\">\n\t\t\t\t\t<div class=\"elementor-column elementor-col-50 elementor-inner-column elementor-element elementor-element-7c2b8e2\" data-id=\"7c2b8e2\" data-element_type=\"column\">\n\t\t\t<div class=\"elementor-column-wrap elementor-element-populated\">\n\t\t\t\t\t\t\t<div class=\"elementor-widget-wrap\">\n\t\t\t\t\t\t<div class=\"elementor-element elementor-element-cca03cd elementor-widget elementor-widget-text-editor\" data-id=\"cca03cd\" data-element_type=\"widget\" data-widget_type=\"text-editor.default\">\n\t\t\t\t<div class=\"elementor-widget-container\">\n\t\t\t\t\t\t\t\t<div class=\"elementor-text-editor elementor-clearfix\">\n\t\t\t\t<p>The European Route of Ceramics is a cultural route certified by the European Council since 2012 and aims at giving value to the cultural heritage linked to ceramic production and its ancient tradition, creating a sustainable and competitive offer in tourism, based not only on artistic productions and collections (workshops and museums), but especially on the cultural and social development that these destinations have been undergoing down through the years.\u00a0<\/p><p>This Association has its origin in a 2011 European project that is currently shared by the cities of: Boles\u0142awiec (Poland), Castell\u00f3 de la Plana, Delft (Holland), Faenza (Italy), Gmunden (Austria), H\u00f6hr-Grenzhausen (Germany), Iznik Foundation (Turkey), Limoges (France), Selb (Germany) and Manises.<\/p>\t\t\t\t\t<\/div>\n\t\t\t\t\t\t<\/div>\n\t\t\t\t<\/div>\n\t\t\t\t\t\t<\/div>\n\t\t\t\t\t<\/div>\n\t\t<\/div>\n\t\t\t\t<div class=\"elementor-column elementor-col-50 elementor-inner-column elementor-element elementor-element-35daf7a\" data-id=\"35daf7a\" data-element_type=\"column\">\n\t\t\t<div class=\"elementor-column-wrap elementor-element-populated\">\n\t\t\t\t\t\t\t<div class=\"elementor-widget-wrap\">\n\t\t\t\t\t\t<div class=\"elementor-element elementor-element-a665f21 elementor-widget elementor-widget-image\" data-id=\"a665f21\" data-element_type=\"widget\" data-widget_type=\"image.default\">\n\t\t\t\t<div class=\"elementor-widget-container\">\n\t\t\t\t\t\t\t\t<div class=\"elementor-image\">\n\t\t\t\t\t\t\t\t\t\t\t\t<img width=\"1024\" height=\"768\" src=\"https:\/\/manisescityofceramics.es\/wp-content\/uploads\/2021\/05\/ruta-europea-ceramica-1024x768.jpg\" class=\"attachment-large size-large\" alt=\"\" loading=\"lazy\" srcset=\"https:\/\/manisescityofceramics.es\/wp-content\/uploads\/2021\/05\/ruta-europea-ceramica-1024x768.jpg 1024w, https:\/\/manisescityofceramics.es\/wp-content\/uploads\/2021\/05\/ruta-europea-ceramica-300x225.jpg 300w, https:\/\/manisescityofceramics.es\/wp-content\/uploads\/2021\/05\/ruta-europea-ceramica-768x576.jpg 768w, https:\/\/manisescityofceramics.es\/wp-content\/uploads\/2021\/05\/ruta-europea-ceramica-1536x1152.jpg 1536w, https:\/\/manisescityofceramics.es\/wp-content\/uploads\/2021\/05\/ruta-europea-ceramica-2048x1536.jpg 2048w\" sizes=\"(max-width: 1024px) 100vw, 1024px\" \/>\t\t\t\t\t\t\t\t\t\t\t\t\t\t<\/div>\n\t\t\t\t\t\t<\/div>\n\t\t\t\t<\/div>\n\t\t\t\t\t\t<\/div>\n\t\t\t\t\t<\/div>\n\t\t<\/div>\n\t\t\t\t\t\t\t\t<\/div>\n\t\t\t\t\t<\/div>\n\t\t<\/section>\n\t\t\t\t\t\t<\/div>\n\t\t\t\t\t<\/div>\n\t\t<\/div>\n\t\t\t\t\t\t\t\t<\/div>\n\t\t\t\t\t<\/div>\n\t\t<\/section>\n\t\t\t\t<section class=\"elementor-section elementor-top-section elementor-element elementor-element-a63412b elementor-section-boxed elementor-section-height-default elementor-section-height-default\" data-id=\"a63412b\" data-element_type=\"section\">\n\t\t\t\t\t\t<div class=\"elementor-container elementor-column-gap-default\">\n\t\t\t\t\t\t\t<div class=\"elementor-row\">\n\t\t\t\t\t<div class=\"elementor-column elementor-col-100 elementor-top-column elementor-element elementor-element-bd8498d\" data-id=\"bd8498d\" data-element_type=\"column\">\n\t\t\t<div class=\"elementor-column-wrap elementor-element-populated\">\n\t\t\t\t\t\t\t<div class=\"elementor-widget-wrap\">\n\t\t\t\t\t\t<div class=\"elementor-element elementor-element-9953d4f elementor-align-center elementor-widget elementor-widget-button\" data-id=\"9953d4f\" data-element_type=\"widget\" data-widget_type=\"button.default\">\n\t\t\t\t<div class=\"elementor-widget-container\">\n\t\t\t\t\t<div class=\"elementor-button-wrapper\">\n\t\t\t<a href=\"https:\/\/www.europeanrouteofceramics.eu\/\" target=\"_blank\" class=\"elementor-button-link elementor-button elementor-size-xl elementor-animation-shrink\" role=\"button\">\n\t\t\t\t\t\t<span class=\"elementor-button-content-wrapper\">\n\t\t\t\t\t\t\t<span class=\"elementor-button-icon elementor-align-icon-left\">\n\t\t\t\t<i aria-hidden=\"true\" class=\"fas fa-info-circle\"><\/i>\t\t\t<\/span>\n\t\t\t\t\t\t<span class=\"elementor-button-text\">https:\/\/www.europeanrouteofceramics.eu\/<\/span>\n\t\t<\/span>\n\t\t\t\t\t<\/a>\n\t\t<\/div>\n\t\t\t\t<\/div>\n\t\t\t\t<\/div>\n\t\t\t\t\t\t<\/div>\n\t\t\t\t\t<\/div>\n\t\t<\/div>\n\t\t\t\t\t\t\t\t<\/div>\n\t\t\t\t\t<\/div>\n\t\t<\/section>\n\t\t\t\t\t\t\t\t\t<\/div>\n\t\t\t<\/div>\n\t\t\t\t\t<\/div>\n\t\t","protected":false},"excerpt":{"rendered":"<p>European Route of Ceramics The European Route of Ceramics is a cultural route certified by the European Council since 2012 and aims at giving value to the cultural heritage linked &hellip;<\/p>\n<p class=\"read-more\"> <a class=\"\" href=\"https:\/\/manisescityofceramics.es\/en\/european-route-of-ceramics\/\"> <span class=\"screen-reader-text\">European route of ceramics<\/span> Read More &raquo;<\/a><\/p>\n","protected":false},"author":2,"featured_media":0,"parent":0,"menu_order":0,"comment_status":"closed","ping_status":"closed","template":"","meta":{"_monsterinsights_skip_tracking":false,"_monsterinsights_sitenote_active":false,"_monsterinsights_sitenote_note":"","_monsterinsights_sitenote_category":0},"yoast_head":"<!-- This site is optimized with the Yoast SEO plugin v16.5 - https:\/\/yoast.com\/wordpress\/plugins\/seo\/ -->\r\n<title>European route of ceramics - Manises<\/title>\r\n<meta name=\"robots\" content=\"index, follow, max-snippet:-1, max-image-preview:large, max-video-preview:-1\" \/>\r\n<link rel=\"canonical\" href=\"https:\/\/manisescityofceramics.es\/en\/european-route-of-ceramics\/\" \/>\r\n<meta property=\"og:locale\" content=\"en_US\" \/>\r\n<meta property=\"og:type\" content=\"article\" \/>\r\n<meta property=\"og:title\" content=\"European route of ceramics - Manises\" \/>\r\n<meta property=\"og:description\" content=\"European Route of Ceramics The European Route of Ceramics is a cultural route certified by the European Council since 2012 and aims at giving value to the cultural heritage linked &hellip; European route of ceramics Read More &raquo;\" \/>\r\n<meta property=\"og:url\" content=\"https:\/\/manisescityofceramics.es\/en\/european-route-of-ceramics\/\" \/>\r\n<meta property=\"og:site_name\" content=\"Manises\" \/>\r\n<meta property=\"article:modified_time\" content=\"2021-06-12T07:34:26+00:00\" \/>\r\n<meta property=\"og:image\" content=\"https:\/\/manisescityofceramics.es\/wp-content\/uploads\/2021\/05\/ruta-europea-1024x111.jpg\" \/>\r\n<meta name=\"twitter:card\" content=\"summary_large_image\" \/>\r\n<meta name=\"twitter:label1\" content=\"Est. reading time\" \/>\n\t<meta name=\"twitter:data1\" content=\"1 minute\" \/>\r\n<script type=\"application\/ld+json\" class=\"yoast-schema-graph\">{\"@context\":\"https:\/\/schema.org\",\"@graph\":[{\"@type\":\"WebSite\",\"@id\":\"https:\/\/manisescityofceramics.es\/#website\",\"url\":\"https:\/\/manisescityofceramics.es\/\",\"name\":\"Manises\",\"description\":\"\",\"potentialAction\":[{\"@type\":\"SearchAction\",\"target\":\"https:\/\/manisescityofceramics.es\/?s={search_term_string}\",\"query-input\":\"required name=search_term_string\"}],\"inLanguage\":\"en-US\"},{\"@type\":\"ImageObject\",\"@id\":\"https:\/\/manisescityofceramics.es\/en\/european-route-of-ceramics\/#primaryimage\",\"inLanguage\":\"en-US\",\"url\":\"https:\/\/manisescityofceramics.es\/wp-content\/uploads\/2021\/05\/ruta-europea.jpg\",\"contentUrl\":\"https:\/\/manisescityofceramics.es\/wp-content\/uploads\/2021\/05\/ruta-europea.jpg\",\"width\":1838,\"height\":200},{\"@type\":\"WebPage\",\"@id\":\"https:\/\/manisescityofceramics.es\/en\/european-route-of-ceramics\/#webpage\",\"url\":\"https:\/\/manisescityofceramics.es\/en\/european-route-of-ceramics\/\",\"name\":\"European route of ceramics - Manises\",\"isPartOf\":{\"@id\":\"https:\/\/manisescityofceramics.es\/#website\"},\"primaryImageOfPage\":{\"@id\":\"https:\/\/manisescityofceramics.es\/en\/european-route-of-ceramics\/#primaryimage\"},\"datePublished\":\"2021-03-29T09:10:08+00:00\",\"dateModified\":\"2021-06-12T07:34:26+00:00\",\"breadcrumb\":{\"@id\":\"https:\/\/manisescityofceramics.es\/en\/european-route-of-ceramics\/#breadcrumb\"},\"inLanguage\":\"en-US\",\"potentialAction\":[{\"@type\":\"ReadAction\",\"target\":[\"https:\/\/manisescityofceramics.es\/en\/european-route-of-ceramics\/\"]}]},{\"@type\":\"BreadcrumbList\",\"@id\":\"https:\/\/manisescityofceramics.es\/en\/european-route-of-ceramics\/#breadcrumb\",\"itemListElement\":[{\"@type\":\"ListItem\",\"position\":1,\"name\":\"Inicio\",\"item\":\"https:\/\/manisescityofceramics.es\/en\/\"},{\"@type\":\"ListItem\",\"position\":2,\"name\":\"European route of ceramics\"}]}]}<\/script>\r\n<!-- \/ Yoast SEO plugin. -->","_links":{"self":[{"href":"https:\/\/manisescityofceramics.es\/en\/wp-json\/wp\/v2\/pages\/6448"}],"collection":[{"href":"https:\/\/manisescityofceramics.es\/en\/wp-json\/wp\/v2\/pages"}],"about":[{"href":"https:\/\/manisescityofceramics.es\/en\/wp-json\/wp\/v2\/types\/page"}],"author":[{"embeddable":true,"href":"https:\/\/manisescityofceramics.es\/en\/wp-json\/wp\/v2\/users\/2"}],"replies":[{"embeddable":true,"href":"https:\/\/manisescityofceramics.es\/en\/wp-json\/wp\/v2\/comments?post=6448"}],"version-history":[{"count":16,"href":"https:\/\/manisescityofceramics.es\/en\/wp-json\/wp\/v2\/pages\/6448\/revisions"}],"predecessor-version":[{"id":8416,"href":"https:\/\/manisescityofceramics.es\/en\/wp-json\/wp\/v2\/pages\/6448\/revisions\/8416"}],"wp:attachment":[{"href":"https:\/\/manisescityofceramics.es\/en\/wp-json\/wp\/v2\/media?parent=6448"}],"curies":[{"name":"wp","href":"https:\/\/api.w.org\/{rel}","templated":true}]}}