{"id":5646,"date":"2021-03-10T10:35:52","date_gmt":"2021-03-10T10:35:52","guid":{"rendered":"http:\/\/95.39.50.142\/repositorio-bibliografico\/"},"modified":"2021-05-17T16:04:21","modified_gmt":"2021-05-17T16:04:21","slug":"bibliographic-repository","status":"publish","type":"page","link":"https:\/\/manisescityofceramics.es\/en\/bibliographic-repository\/","title":{"rendered":"Bibliographic repository"},"content":{"rendered":"\t\t<div data-elementor-type=\"wp-page\" data-elementor-id=\"5646\" class=\"elementor elementor-5646 elementor-5637\">\n\t\t\t\t\t\t<div class=\"elementor-inner\">\n\t\t\t\t<div class=\"elementor-section-wrap\">\n\t\t\t\t\t\t\t\t\t<section class=\"elementor-section elementor-top-section elementor-element elementor-element-8169975 elementor-section-content-middle elementor-section-height-min-height elementor-section-boxed elementor-section-height-default elementor-section-items-middle\" data-id=\"8169975\" data-element_type=\"section\" data-settings=\"{&quot;background_background&quot;:&quot;classic&quot;}\">\n\t\t\t\t\t\t\t<div class=\"elementor-background-overlay\"><\/div>\n\t\t\t\t\t\t\t<div class=\"elementor-container elementor-column-gap-no\">\n\t\t\t\t\t\t\t<div class=\"elementor-row\">\n\t\t\t\t\t<div class=\"elementor-column elementor-col-100 elementor-top-column elementor-element elementor-element-7937cdd1\" data-id=\"7937cdd1\" data-element_type=\"column\">\n\t\t\t<div class=\"elementor-column-wrap elementor-element-populated\">\n\t\t\t\t\t\t\t<div class=\"elementor-widget-wrap\">\n\t\t\t\t\t\t<div class=\"elementor-element elementor-element-7e6a0f01 elementor-widget elementor-widget-heading\" data-id=\"7e6a0f01\" data-element_type=\"widget\" data-widget_type=\"heading.default\">\n\t\t\t\t<div class=\"elementor-widget-container\">\n\t\t\t<h1 class=\"elementor-heading-title elementor-size-default\">Bibliographic<br> repository<\/h1>\t\t<\/div>\n\t\t\t\t<\/div>\n\t\t\t\t\t\t<\/div>\n\t\t\t\t\t<\/div>\n\t\t<\/div>\n\t\t\t\t\t\t\t\t<\/div>\n\t\t\t\t\t<\/div>\n\t\t<\/section>\n\t\t\t\t<section class=\"elementor-section elementor-top-section elementor-element elementor-element-6f60ec2 elementor-section-boxed elementor-section-height-default elementor-section-height-default\" data-id=\"6f60ec2\" data-element_type=\"section\" id=\"repositorio-bibliografico\" data-settings=\"{&quot;background_background&quot;:&quot;classic&quot;}\">\n\t\t\t\t\t\t<div class=\"elementor-container elementor-column-gap-default\">\n\t\t\t\t\t\t\t<div class=\"elementor-row\">\n\t\t\t\t\t<div class=\"elementor-column elementor-col-100 elementor-top-column elementor-element elementor-element-e60017d\" data-id=\"e60017d\" data-element_type=\"column\">\n\t\t\t<div class=\"elementor-column-wrap elementor-element-populated\">\n\t\t\t\t\t\t\t<div class=\"elementor-widget-wrap\">\n\t\t\t\t\t\t<div class=\"elementor-element elementor-element-1006e0a elementor-widget elementor-widget-heading\" data-id=\"1006e0a\" data-element_type=\"widget\" data-widget_type=\"heading.default\">\n\t\t\t\t<div class=\"elementor-widget-container\">\n\t\t\t<h2 class=\"elementor-heading-title elementor-size-default\"><span style=\"color: #cc6633;font-weight:500;\">CERAMIC OF <\/span>  MANISES<\/h2>\t\t<\/div>\n\t\t\t\t<\/div>\n\t\t\t\t<div class=\"elementor-element elementor-element-a417056 elementor-widget elementor-widget-text-editor\" data-id=\"a417056\" data-element_type=\"widget\" data-widget_type=\"text-editor.default\">\n\t\t\t\t<div class=\"elementor-widget-container\">\n\t\t\t\t\t\t\t\t<div class=\"elementor-text-editor elementor-clearfix\">\n\t\t\t\tThe bibliographic production on Manises ceramics is very extensive, as can be seen in the list below:\t\t\t\t\t<\/div>\n\t\t\t\t\t\t<\/div>\n\t\t\t\t<\/div>\n\t\t\t\t<div class=\"elementor-element elementor-element-2ae3fad elementor-widget elementor-widget-text-editor\" data-id=\"2ae3fad\" data-element_type=\"widget\" data-widget_type=\"text-editor.default\">\n\t\t\t\t<div class=\"elementor-widget-container\">\n\t\t\t\t\t\t\t\t<div class=\"elementor-text-editor elementor-clearfix\">\n\t\t\t\t<ul>\n \t<li>Almela y Vives, Francesc. 1933. <em>Vocabulario de la cer\u00e1mica de Manises<\/em>. Castell\u00f3n de la Plana: Sociedad Castellonense de Cultura, 371-384.<\/li>\n \t<li>Alonso, A. J., J. Manuel Boronat, and J. V. Mart\u00ednez. La industria cer\u00e1mica de Manises: un an\u00e1lisis econ\u00f3mico \/ A. J. Alonso, J. M. Boronat, J. V. Mart\u00ednez. Val\u00e8ncia: Conselleria d\u2019Ind\u00fastria, Comer\u00e7 i Turisme, 1985.<\/li>\n \t<li>Coll Conesa, Jaume. La loza decorada en Espa\u00f1a. En: Ars longa: cuadernos de arte, 2008, No. 17: 151-168.<\/li>\n \t<li>Coll Conesa, Jaume. 2009. <em style=\"font-size: 16px;\">La cer\u00e1mica valenciana. Apuntes para una s\u00edntesis<\/em><span style=\"font-size: 16px;\">. Manises: Asociaci\u00f3n Valenciana de Cer\u00e1mica.\u00a0 <\/span><\/li>\n \t<li>Coll Conesa, Jaume. 2014. T\u00e9cnica, \u00e1ulica y distinci\u00f3n social en la cer\u00e1mica medieval. Anales de historia del arte (Vol. 24, pp. 69-97). Universidad Complutense de Madrid. http:\/\/dx.doi.org\/10.5209\/rev_ANHA.2014.48270<\/li>\n \t<li>Coll Conesa, Jaume. 2019. Her\u00e1ldica real in\u00e9dita hallada en el Barri d\u2019Obradors de Manises. Reflexiones sobre la cer\u00e1mica: presente, pasado y futuro. Actas del XXI Congreso de la Asociaci\u00f3n de Ceramolog\u00eda celebrado en el Museu del Disseny de Barcelona, del 4 al 6 de diciembre de 2018, pp. 127-134). Asociaci\u00f3n de Ceramolog\u00eda \/ Museu del Disseny de Barcelona.<\/li>\n \t<li>Coll Conesa, Jaume, Marta Caroscio y Josep P\u00e9rez Camps. 2015. <em style=\"font-size: 16px;\">Excavaciones en el Barri d\u2019Obradors de Manises. Resultados de la campa\u00f1a 2011<\/em><span style=\"font-size: 16px;\">. Origen y evoluci\u00f3n de la alfarer\u00eda de Agost y comarcas lim\u00edtrofes. Actas del XVI Congreso de la Asociaci\u00f3n de Ceramolog\u00eda celebrado en el Museo de Alfarer\u00eda de Agost, del 2 al 4 de noviembre de 2012. Agost (Alicante): Asociaci\u00f3n de Ceramolog\u00eda.<\/span><\/li>\n \t<li>Coll Conesa, Jaume, Josep P\u00e9rez Camps y Sara Puggioni. 2017. <em style=\"font-size: 16px;\">Barri d\u2019obradors de Manises. Resultados de la excavaci\u00f3n de C\/ Valencia, n\u00ba 17 (2014-2015)<\/em><span style=\"font-size: 16px;\">. Actas XIX Congreso de la Asociaci\u00f3n de Ceramolog\u00eda. Obra negra y alfarer\u00eda de cocina, pp. 197-229. Asociaci\u00f3n de Ceramolog\u00eda \/ Ajuntament de Quart (Girona).<\/span><\/li>\n \t<li>Coll Conesa, Jaume, Josep P\u00e9rez Camps, Trinitat Pradell, Judit Molera, Claudio Capelli, Sara Blanes, Marta Caroscio, Roberta Di Febo. 2017.<em style=\"font-size: 16px;\"> La \u201cloza negra\u201d de Manises hallada en el Barri dels Obradors<\/em><span style=\"font-size: 16px;\">. Actas XIX Congreso de la Asociaci\u00f3n de Ceramolog\u00eda. Obra negra y alfarer\u00eda de cocina, pp. 171-195. Asociaci\u00f3n de Ceramolog\u00eda \/ Ajuntament de Quart (Girona).<\/span><\/li>\n \t<li>Ferris i Soler, Vicent, y Josep M\u00aa Catal\u00e0 i Gimeno. 1987. <em style=\"font-size: 16px;\">La cer\u00e0mica de Manises: els seus vocables i locucions<\/em><span style=\"font-size: 16px;\">. Valencia: Diputaci\u00f3 Provincial de Val\u00e8ncia.<\/span><\/li>\n \t<li>Garc\u00eda Porras, Alberto. La cer\u00e1mica en azul y dorado valenciana del siglo XIV e inicios del XV \/ Alberto Garc\u00eda Porras. Valencia: Amigos del Museo Nacional de Cer\u00e1mica y Artes Suntuarias Gonz\u00e1lez Mart\u00ed, 2009.<\/li>\n \t<li>Gonz\u00e1lez Mart\u00ed, Manuel, and Francisco Alcayde Vilar. Aportaci\u00f3n de la Escuela de Cer\u00e1mica de Manises &#8230; en el IV Centenario de Juan Luis Vives \/ por Manuel Gonz\u00e1lez Mart\u00ed. Valencia: [s.n.], 1941.<\/li>\n \t<li>Lerma, Josep Vicent. Tipolog\u00eda de la loza decorada de paterna\/Manises \/ Josep Vicent Lerma Alegr\u00eda. Valencia: Diputaci\u00f3n Provincial de Valencia, Servicio de Investigaci\u00f3n Prehist\u00f3rica, 1989. Separata de: Archivo de prehistoria levantina. Vol. XIX (1989).<\/li>\n \t<li>Lerma, J., Mart\u00ed, J., Pascual, J., Paz, M., Escrib\u00e1, F., &amp; Mesquida, M. (1986). <em style=\"font-size: 16px;\">Sistematizaci\u00f3n de la loza g\u00f3tico-mud\u00e9jar de Paterna\/Manise<\/em><span style=\"font-size: 16px;\">s. La ceramica medievale nel Mediterraneo Occidentale. Atti del III Congresso Internazionale organizzato dal Dipartimento di Archeologia e Storia delle Arti dell&#8217;Universit\u00e0 degli Studi di Siena e dal Museo delle Ceramiche di Faenza (Siena-Faenza 1984), 183-203.<\/span><\/li>\n \t<li>Llibrer Escrig, Antoni. 2014. <em style=\"font-size: 16px;\">Relaciones protoindustriales en la producci\u00f3n cer\u00e1mica. Manises y Paterna en la segunda mitad del siglo XV<\/em><span style=\"font-size: 16px;\">. Medievalismo, (24), 213-239. https:\/\/revistas.um.es\/medievalismo\/article\/view\/210581<\/span><\/li>\n \t<li>L\u00f3pez Elum, Pedro. Los or\u00edgenes de la cer\u00e1mica de Manises y de Paterna (1285-1335) \/ Pedro L\u00f3pez Elum. 2a ed. Manises (Val\u00e8ncia): Ateneu Cultural i Recreatiu Cant i Fum, 1985.<\/li>\n \t<li>L\u00f3pez Elum, Pedro. 1986. <em style=\"font-size: 16px;\">Origen y evoluci\u00f3n de dos grandes centros cer\u00e1micos: Manises y Paterna<\/em><span style=\"font-size: 16px;\">. La ceramica medievale nel Mediterraneo Occidentale. Atti del III Congresso Internazionale organizzato dal Dipartimento di Archeologia e Storia delle Arti dell&#8217;Universit\u00e0 degli Studi di Siena e dal Museo delle Ceramiche di Faenza (Siena-Faenza 1984) (p. 163-181).<\/span><\/li>\n \t<li>L\u00f3pez Elum, Pedro, and Jaume Coll Conesa. La producci\u00f3n cer\u00e1mica de lujo en la Baja Edad Media: Manises y Paterna: los materiales de los recipientes para uso alimentario: su evoluci\u00f3n y cambios seg\u00fan los inventarios notariales \/ Pedro L\u00f3pez Elum\u202f; con la colaboraci\u00f3n de Jaume Coll Conesa en las fichas catalogr\u00e1ficas. Valencia: Amigos del Museo Nacional de Cer\u00e1mica y Artes Suntuarias Gonz\u00e1lez Mart\u00ed, 2006.<\/li>\n \t<li>Mart\u00ednez Caviro, Balbina. Cat\u00e1logo de cer\u00e1mica espa\u00f1ola: Paterna, Arag\u00f3n, Catalu\u00f1a, Cuerda seca, Talavera de la Reina, Alcora, Manises \/ por Balbina Mart\u00ednez Cavir\u00f3. Madrid: [s.n.], 1968.<\/li>\n \t<li>Montagut, Robert. El reflejo de Manises: cer\u00e1mica hispano-morisca del Museo de Cluny de Paris: [exposici\u00f3n] Museu de Belles Arts de Val\u00e8ncia, mayo-septiembre 1996 \/ cat\u00e1logo a cargo de Robert Montagut. Val\u00e8ncia: Consorcio de Museos de la Comunidad Valenciana, 1996.<\/li>\n \t<li>Moreno Royo, Jos\u00e9 Mar\u00eda. La cer\u00e1mica de Manises. Aportaciones a su evoluci\u00f3n industrial y art\u00edstica \/ por Jos\u00e9 Mar\u00eda Moreno Royo. Zaragoza: Instituci\u00f3n Fernando el Cat\u00f3lico, 1983.<\/li>\n \t<li>Moreno Royo, Jos\u00e9 Mar\u00eda. Los maestros alfareros de Manises: aportes para su estudio en el siglo XVIII \/ Jos\u00e9 M\u00aa Moreno Royo. S.l: [s.n.], 1986. Separata de: XVI Asamblea de Cronistas Oficiales del Reino de Valencia, Valencia: Conselleria de Cultura, Educaci\u00f3n y Ciencia, 1986.<\/li>\n \t<li>Navarro. 1982. <em style=\"font-size: 16px;\">La fabricaci\u00f3n actual de la cer\u00e1mica industrial de Manises<\/em><span style=\"font-size: 16px;\">. Bolet\u00edn de la Sociedad Espa\u00f1ola de Cer\u00e1mica y Vidrio, vol. 21, n\u00ba 1.<\/span><\/li>\n \t<li>Osma, Guillermo J. de. Los maestros alfareros de Manises, Paterna y Valencia: contratos y ordenanzas de los siglos XIV, XV y XVI \/ G. J. de Osma. 2a ed. Madrid: Editorial Reus, 1923.<\/li>\n \t<li>P\u00e9rez Camps, Josep. 2008. <em style=\"font-size: 16px;\">Sobre la manera de fabricar la azulejer\u00eda en Manises durante los siglos XIV al XVI<\/em><span style=\"font-size: 16px;\">. El azulejo, evoluci\u00f3n t\u00e9cnica: del taller a la f\u00e1brica. Actas del XI Congreso Anual de la Asociaci\u00f3n de Ceramolog\u00eda celebrado en el Museo del Azulejo \u201cManolo Safont\u201d de Onda, del 7 al 9 diciembre del 2006. Fundaci\u00f3n Museo del Azulejo \u201cManolo Safont\u201d, Asociaci\u00f3n de Ceramolog\u00eda.<\/span><\/li>\n \t<li>P\u00e9rez Camps, Josep. 2017. <em style=\"font-size: 16px;\">La producci\u00f3n de azulejos en Manises a mediados del siglo XIX: Las muestras recuperadas de la casa n\u00ba 28 de la calle Buenavista atribuidas a la F\u00e1brica de Rafael Gonz\u00e1lez Valls<\/em><span style=\"font-size: 16px;\">. La azulejer\u00eda espa\u00f1ola de los siglos XIX-XX. Actas del VIII Congreso de la Asociaci\u00f3n de Ceramolog\u00eda celebrado en el Museo de Bellas Artes de Castell\u00f3n, del 31 de octubre al 2 de noviembre de 2003. Asociaci\u00f3n de Ceramolog\u00eda.<\/span><\/li>\n \t<li>P\u00e9rez Camps, Josep, y Rafael Requena D\u00edez. 1987. <em style=\"font-size: 16px;\">Taulells de Manises 1900-1936<\/em><span style=\"font-size: 16px;\">. Manises: Ayuntamiento de Manises.<\/span><\/li>\n \t<li>P\u00e9rez Guill\u00e9n, Inocencio V. 2003. <em style=\"font-size: 16px;\">La cer\u00e1mica valenciana del siglo XV como modelo en la Italia del Quattrocento<\/em><span style=\"font-size: 16px;\">. Ars Longa, 12, pp. 17-25.<\/span><\/li>\n \t<li>Pinedo, Concepci\u00f3n, y Mar\u00eda Eugenia Vizca\u00edno Mart\u00ed. 1977. <em style=\"font-size: 16px;\">La cer\u00e1mica de Manises en la historia<\/em><span style=\"font-size: 16px;\">. Le\u00f3n: Everest.<\/span><\/li>\n \t<li>Reginard, Helena. Un olpe de sigillata aretina de El Tossal de Manises (Alicante) \/ Helena Reginard. Valencia: Facultad de Filosof\u00eda y Letras, 1970.<\/li>\n \t<li>Ribera i Lacomba, Albert. Marcas de terra sigillata del Tossal de Manises \/ Albert Ribera i Lacomba. Alicante: Universidad de Alicante, 1989. Separata de: Lucentum: Anales de la Universidad de Alicante, Prehistoria, Arqueolog\u00eda e Historia Antigua. Vol. VII-VIII (1988-89)<\/li>\n \t<li>Requena D\u00edez, Rafael, Josep P\u00e9rez Camps, Jaume Coll Conesa, Ignacio Hortelano Uceda. 2019. <em style=\"font-size: 16px;\">Espai Arqueol\u00f2gic dels Obradors de Manises, una propuesta para su declaraci\u00f3n como Bien de Relevancia Local<\/em><span style=\"font-size: 16px;\">. Reflexiones sobre la cer\u00e1mica: presente, pasado y futuro. Actas del XXI Congreso de la Asociaci\u00f3n de Ceramolog\u00eda celebrado en el Museu del Disseny de Barcelona, del 4 al 6 de diciembre de 2018, pp. 113-125. Asociaci\u00f3n de Ceramolog\u00eda \/ Museu del Disseny de Barcelona.<\/span><\/li>\n \t<li>Rossell\u00f3 Verger, V. 1961. <em style=\"font-size: 16px;\">Manises, ciudad de la cer\u00e1mica<\/em><span style=\"font-size: 16px;\">. Saitabi, pp. 145-190.<\/span><\/li>\n \t<li>S\u00e1nchez, Rom\u00e1n. 2010. <em style=\"font-size: 16px;\">La cer\u00e1mica valenciana: \u00a1desc\u00fabrela!<\/em><span style=\"font-size: 16px;\"> Manises: Asociaci\u00f3n Valenciana de Cer\u00e1mica Avec-Gremio.<\/span><\/li>\n \t<li>Santamarina Campos, Virginia, y Mar\u00eda Angeles Carabal Montagud. 2011. <em style=\"font-size: 16px;\">La cer\u00e1mica de Manises: oficios del pasado, recursos patrimoniales del presente<\/em><span style=\"font-size: 16px;\">. Val\u00e8ncia: Editorial UPV.<\/span><\/li>\n \t<li>Trilles Mateu, Mar\u00eda Consolaci\u00f3n. 2014. <em style=\"font-size: 16px;\">La cer\u00e1mica de Manises y Paterna S.XIV-XV: els socarrats<\/em><span style=\"font-size: 16px;\">. F\u00f2rum de recerca, n\u00fam. 19, p. 191-207. http:\/\/hdl.handle.net\/10234\/169112<\/span><\/li>\n<\/ul>\t\t\t\t\t<\/div>\n\t\t\t\t\t\t<\/div>\n\t\t\t\t<\/div>\n\t\t\t\t\t\t<\/div>\n\t\t\t\t\t<\/div>\n\t\t<\/div>\n\t\t\t\t\t\t\t\t<\/div>\n\t\t\t\t\t<\/div>\n\t\t<\/section>\n\t\t\t\t\t\t\t\t\t<\/div>\n\t\t\t<\/div>\n\t\t\t\t\t<\/div>\n\t\t","protected":false},"excerpt":{"rendered":"<p>Bibliographic repository CERAMIC OF MANISES The bibliographic production on Manises ceramics is very extensive, as can be seen in the list below: Almela y Vives, Francesc. 1933. Vocabulario de la &hellip;<\/p>\n<p class=\"read-more\"> <a class=\"\" href=\"https:\/\/manisescityofceramics.es\/en\/bibliographic-repository\/\"> <span class=\"screen-reader-text\">Bibliographic repository<\/span> Read More &raquo;<\/a><\/p>\n","protected":false},"author":2,"featured_media":0,"parent":0,"menu_order":0,"comment_status":"closed","ping_status":"closed","template":"","meta":{"_monsterinsights_skip_tracking":false,"_monsterinsights_sitenote_active":false,"_monsterinsights_sitenote_note":"","_monsterinsights_sitenote_category":0},"yoast_head":"<!-- This site is optimized with the Yoast SEO plugin v16.5 - https:\/\/yoast.com\/wordpress\/plugins\/seo\/ -->\r\n<title>Bibliographic repository - Manises<\/title>\r\n<meta name=\"robots\" content=\"index, follow, max-snippet:-1, max-image-preview:large, max-video-preview:-1\" \/>\r\n<link rel=\"canonical\" href=\"https:\/\/manisescityofceramics.es\/en\/bibliographic-repository\/\" \/>\r\n<meta property=\"og:locale\" content=\"en_US\" \/>\r\n<meta property=\"og:type\" content=\"article\" \/>\r\n<meta property=\"og:title\" content=\"Bibliographic repository - Manises\" \/>\r\n<meta property=\"og:description\" content=\"Bibliographic repository CERAMIC OF MANISES The bibliographic production on Manises ceramics is very extensive, as can be seen in the list below: Almela y Vives, Francesc. 1933. Vocabulario de la &hellip; Bibliographic repository Read More &raquo;\" \/>\r\n<meta property=\"og:url\" content=\"https:\/\/manisescityofceramics.es\/en\/bibliographic-repository\/\" \/>\r\n<meta property=\"og:site_name\" content=\"Manises\" \/>\r\n<meta property=\"article:modified_time\" content=\"2021-05-17T16:04:21+00:00\" \/>\r\n<meta name=\"twitter:card\" content=\"summary_large_image\" \/>\r\n<meta name=\"twitter:label1\" content=\"Est. reading time\" \/>\n\t<meta name=\"twitter:data1\" content=\"6 minutes\" \/>\r\n<script type=\"application\/ld+json\" class=\"yoast-schema-graph\">{\"@context\":\"https:\/\/schema.org\",\"@graph\":[{\"@type\":\"WebSite\",\"@id\":\"https:\/\/manisescityofceramics.es\/#website\",\"url\":\"https:\/\/manisescityofceramics.es\/\",\"name\":\"Manises\",\"description\":\"\",\"potentialAction\":[{\"@type\":\"SearchAction\",\"target\":\"https:\/\/manisescityofceramics.es\/?s={search_term_string}\",\"query-input\":\"required name=search_term_string\"}],\"inLanguage\":\"en-US\"},{\"@type\":\"WebPage\",\"@id\":\"https:\/\/manisescityofceramics.es\/en\/bibliographic-repository\/#webpage\",\"url\":\"https:\/\/manisescityofceramics.es\/en\/bibliographic-repository\/\",\"name\":\"Bibliographic repository - Manises\",\"isPartOf\":{\"@id\":\"https:\/\/manisescityofceramics.es\/#website\"},\"datePublished\":\"2021-03-10T10:35:52+00:00\",\"dateModified\":\"2021-05-17T16:04:21+00:00\",\"breadcrumb\":{\"@id\":\"https:\/\/manisescityofceramics.es\/en\/bibliographic-repository\/#breadcrumb\"},\"inLanguage\":\"en-US\",\"potentialAction\":[{\"@type\":\"ReadAction\",\"target\":[\"https:\/\/manisescityofceramics.es\/en\/bibliographic-repository\/\"]}]},{\"@type\":\"BreadcrumbList\",\"@id\":\"https:\/\/manisescityofceramics.es\/en\/bibliographic-repository\/#breadcrumb\",\"itemListElement\":[{\"@type\":\"ListItem\",\"position\":1,\"name\":\"Inicio\",\"item\":\"https:\/\/manisescityofceramics.es\/en\/\"},{\"@type\":\"ListItem\",\"position\":2,\"name\":\"Bibliographic repository\"}]}]}<\/script>\r\n<!-- \/ Yoast SEO plugin. -->","_links":{"self":[{"href":"https:\/\/manisescityofceramics.es\/en\/wp-json\/wp\/v2\/pages\/5646"}],"collection":[{"href":"https:\/\/manisescityofceramics.es\/en\/wp-json\/wp\/v2\/pages"}],"about":[{"href":"https:\/\/manisescityofceramics.es\/en\/wp-json\/wp\/v2\/types\/page"}],"author":[{"embeddable":true,"href":"https:\/\/manisescityofceramics.es\/en\/wp-json\/wp\/v2\/users\/2"}],"replies":[{"embeddable":true,"href":"https:\/\/manisescityofceramics.es\/en\/wp-json\/wp\/v2\/comments?post=5646"}],"version-history":[{"count":7,"href":"https:\/\/manisescityofceramics.es\/en\/wp-json\/wp\/v2\/pages\/5646\/revisions"}],"predecessor-version":[{"id":7498,"href":"https:\/\/manisescityofceramics.es\/en\/wp-json\/wp\/v2\/pages\/5646\/revisions\/7498"}],"wp:attachment":[{"href":"https:\/\/manisescityofceramics.es\/en\/wp-json\/wp\/v2\/media?parent=5646"}],"curies":[{"name":"wp","href":"https:\/\/api.w.org\/{rel}","templated":true}]}}