{"id":7992,"date":"2021-05-25T17:10:38","date_gmt":"2021-05-25T17:10:38","guid":{"rendered":"http:\/\/95.39.50.142\/pasaporte-ceramica\/"},"modified":"2021-06-12T07:59:58","modified_gmt":"2021-06-12T07:59:58","slug":"passaport-ceramica","status":"publish","type":"page","link":"https:\/\/manisescityofceramics.es\/ca\/passaport-ceramica\/","title":{"rendered":"Passaport Cer\u00e0mica"},"content":{"rendered":"\t\t<div data-elementor-type=\"wp-page\" data-elementor-id=\"7992\" class=\"elementor elementor-7992 elementor-7968\">\n\t\t\t\t\t\t<div class=\"elementor-inner\">\n\t\t\t\t<div class=\"elementor-section-wrap\">\n\t\t\t\t\t\t\t\t\t<section class=\"elementor-section elementor-top-section elementor-element elementor-element-a1c1cae elementor-section-content-middle elementor-section-height-min-height elementor-section-boxed elementor-section-height-default elementor-section-items-middle\" data-id=\"a1c1cae\" data-element_type=\"section\" data-settings=\"{&quot;background_background&quot;:&quot;classic&quot;}\">\n\t\t\t\t\t\t\t<div class=\"elementor-background-overlay\"><\/div>\n\t\t\t\t\t\t\t<div class=\"elementor-container elementor-column-gap-no\">\n\t\t\t\t\t\t\t<div class=\"elementor-row\">\n\t\t\t\t\t<div class=\"elementor-column elementor-col-100 elementor-top-column elementor-element elementor-element-91620ec\" data-id=\"91620ec\" data-element_type=\"column\">\n\t\t\t<div class=\"elementor-column-wrap elementor-element-populated\">\n\t\t\t\t\t\t\t<div class=\"elementor-widget-wrap\">\n\t\t\t\t\t\t<div class=\"elementor-element elementor-element-e2f5a9a elementor-widget elementor-widget-heading\" data-id=\"e2f5a9a\" data-element_type=\"widget\" data-widget_type=\"heading.default\">\n\t\t\t\t<div class=\"elementor-widget-container\">\n\t\t\t<h1 class=\"elementor-heading-title elementor-size-default\">Passaport <br>a Cer\u00e0mica<\/h1>\t\t<\/div>\n\t\t\t\t<\/div>\n\t\t\t\t\t\t<\/div>\n\t\t\t\t\t<\/div>\n\t\t<\/div>\n\t\t\t\t\t\t\t\t<\/div>\n\t\t\t\t\t<\/div>\n\t\t<\/section>\n\t\t\t\t<section class=\"elementor-section elementor-top-section elementor-element elementor-element-1acb24d elementor-section-boxed elementor-section-height-default elementor-section-height-default\" data-id=\"1acb24d\" data-element_type=\"section\">\n\t\t\t\t\t\t<div class=\"elementor-container elementor-column-gap-default\">\n\t\t\t\t\t\t\t<div class=\"elementor-row\">\n\t\t\t\t\t<div class=\"elementor-column elementor-col-50 elementor-top-column elementor-element elementor-element-257d81b\" data-id=\"257d81b\" data-element_type=\"column\">\n\t\t\t<div class=\"elementor-column-wrap elementor-element-populated\">\n\t\t\t\t\t\t\t<div class=\"elementor-widget-wrap\">\n\t\t\t\t\t\t<div class=\"elementor-element elementor-element-e8c0ab7 elementor-widget elementor-widget-image\" data-id=\"e8c0ab7\" data-element_type=\"widget\" data-widget_type=\"image.default\">\n\t\t\t\t<div class=\"elementor-widget-container\">\n\t\t\t\t\t\t\t\t<div class=\"elementor-image\">\n\t\t\t\t\t\t\t\t\t\t\t\t<img width=\"747\" height=\"1024\" src=\"https:\/\/manisescityofceramics.es\/wp-content\/uploads\/2021\/05\/pasaporte-ceramica-747x1024.jpg\" class=\"attachment-large size-large\" alt=\"\" loading=\"lazy\" srcset=\"https:\/\/manisescityofceramics.es\/wp-content\/uploads\/2021\/05\/pasaporte-ceramica-747x1024.jpg 747w, https:\/\/manisescityofceramics.es\/wp-content\/uploads\/2021\/05\/pasaporte-ceramica-219x300.jpg 219w, https:\/\/manisescityofceramics.es\/wp-content\/uploads\/2021\/05\/pasaporte-ceramica-768x1053.jpg 768w, https:\/\/manisescityofceramics.es\/wp-content\/uploads\/2021\/05\/pasaporte-ceramica-1121x1536.jpg 1121w, https:\/\/manisescityofceramics.es\/wp-content\/uploads\/2021\/05\/pasaporte-ceramica.jpg 1293w\" sizes=\"(max-width: 747px) 100vw, 747px\" \/>\t\t\t\t\t\t\t\t\t\t\t\t\t\t<\/div>\n\t\t\t\t\t\t<\/div>\n\t\t\t\t<\/div>\n\t\t\t\t\t\t<\/div>\n\t\t\t\t\t<\/div>\n\t\t<\/div>\n\t\t\t\t<div class=\"elementor-column elementor-col-50 elementor-top-column elementor-element elementor-element-71702e9\" data-id=\"71702e9\" data-element_type=\"column\">\n\t\t\t<div class=\"elementor-column-wrap elementor-element-populated\">\n\t\t\t\t\t\t\t<div class=\"elementor-widget-wrap\">\n\t\t\t\t\t\t<div class=\"elementor-element elementor-element-1c27d49 elementor-widget elementor-widget-text-editor\" data-id=\"1c27d49\" data-element_type=\"widget\" data-widget_type=\"text-editor.default\">\n\t\t\t\t<div class=\"elementor-widget-container\">\n\t\t\t\t\t\t\t\t<div class=\"elementor-text-editor elementor-clearfix\">\n\t\t\t\t<p>El Passaport de la Cer\u00e0mica \u00e9s una iniciativa que t\u00e9 per objectiu incentivar la visita als recursos culturals locals, l&#8217;adquisici\u00f3 d&#8217;artesania cer\u00e0mica i la participaci\u00f3 en la resta d&#8217;activitats com la Jornada de Portes Obertes. L&#8217;edici\u00f3 anterior contemplo un sorteig de diversos premis entre els visitants. Entre d&#8217;altres, les empreses i institucions participants van ser:\u00a0<\/p>\t\t\t\t\t<\/div>\n\t\t\t\t\t\t<\/div>\n\t\t\t\t<\/div>\n\t\t\t\t<div class=\"elementor-element elementor-element-7f723aa elementor-widget elementor-widget-text-editor\" data-id=\"7f723aa\" data-element_type=\"widget\" data-widget_type=\"text-editor.default\">\n\t\t\t\t<div class=\"elementor-widget-container\">\n\t\t\t\t\t\t\t\t<div class=\"elementor-text-editor elementor-clearfix\">\n\t\t\t\t<ul><li>MUMAF- Colecci\u00f3n Museogr\u00e1fica de Fotograf\u00eda de Manises \u2013 Carlos Sanchis\u00a0<\/li><li>Museu de Cer\u00e0mica de Manises (M.C.M.)<\/li><li>La Cer\u00e1mica Valenciana de Jos\u00e9 Gimeno Mart\u00ednez<\/li><li>Asociaci\u00f3n Valenciana de Cer\u00e1mica AVEC-Gremio<\/li><li>Aliarte Cer\u00e1mica<\/li><li>Taller Cer\u00e0miques Pepe Royo<\/li><li>Taller Arturo MoraLa Cer\u00e1mica de Reflejo Met\u00e1lico<\/li><li>Cer\u00e1micas Palanca<\/li><li>Drac Ceramic<\/li><li>Porcelanas Mercedes<\/li><li>Edificio antigua f\u00e1brica de Juli\u00e1n Vilar (Rte. \u201cCasa Guillermo\u201d)<\/li><li>Cer\u00e1micas Gales<\/li><li>Azulejos Leopoldo Mora<\/li><li>Teresa Lahuerta<\/li><li>Cer\u00e1micas T\u00edpicas A. Botet Verd\u00fa<\/li><li>AVEC-Gremio Shop, Prodesco<\/li><li>Vicente D\u00edez<\/li><li>La Botiga de Gema y Porcelanas Mercedes.<\/li><li>Y, por supuesto, en \u201cFesta de la Cer\u00e0mica\u201d.<\/li><\/ul>\t\t\t\t\t<\/div>\n\t\t\t\t\t\t<\/div>\n\t\t\t\t<\/div>\n\t\t\t\t\t\t<\/div>\n\t\t\t\t\t<\/div>\n\t\t<\/div>\n\t\t\t\t\t\t\t\t<\/div>\n\t\t\t\t\t<\/div>\n\t\t<\/section>\n\t\t\t\t\t\t\t\t\t<\/div>\n\t\t\t<\/div>\n\t\t\t\t\t<\/div>\n\t\t","protected":false},"excerpt":{"rendered":"<p>Passaport a Cer\u00e0mica El Passaport de la Cer\u00e0mica \u00e9s una iniciativa que t\u00e9 per objectiu incentivar la visita als recursos culturals locals, l&#8217;adquisici\u00f3 d&#8217;artesania cer\u00e0mica i la participaci\u00f3 en la &hellip;<\/p>\n<p class=\"read-more\"> <a class=\"\" href=\"https:\/\/manisescityofceramics.es\/ca\/passaport-ceramica\/\"> <span class=\"screen-reader-text\">Passaport Cer\u00e0mica<\/span> Llegeix m\u00e9s &raquo;<\/a><\/p>\n","protected":false},"author":2,"featured_media":0,"parent":0,"menu_order":0,"comment_status":"closed","ping_status":"closed","template":"","meta":{"_monsterinsights_skip_tracking":false,"_monsterinsights_sitenote_active":false,"_monsterinsights_sitenote_note":"","_monsterinsights_sitenote_category":0},"yoast_head":"<!-- This site is optimized with the Yoast SEO plugin v16.5 - https:\/\/yoast.com\/wordpress\/plugins\/seo\/ -->\r\n<title>Passaport Cer\u00e0mica - Manises<\/title>\r\n<meta name=\"robots\" content=\"index, follow, max-snippet:-1, max-image-preview:large, max-video-preview:-1\" \/>\r\n<link rel=\"canonical\" href=\"https:\/\/manisescityofceramics.es\/ca\/passaport-ceramica\/\" \/>\r\n<meta property=\"og:locale\" content=\"ca_ES\" \/>\r\n<meta property=\"og:type\" content=\"article\" \/>\r\n<meta property=\"og:title\" content=\"Passaport Cer\u00e0mica - Manises\" \/>\r\n<meta property=\"og:description\" content=\"Passaport a Cer\u00e0mica El Passaport de la Cer\u00e0mica \u00e9s una iniciativa que t\u00e9 per objectiu incentivar la visita als recursos culturals locals, l&#8217;adquisici\u00f3 d&#8217;artesania cer\u00e0mica i la participaci\u00f3 en la &hellip; Passaport Cer\u00e0mica Llegeix m\u00e9s &raquo;\" \/>\r\n<meta property=\"og:url\" content=\"https:\/\/manisescityofceramics.es\/ca\/passaport-ceramica\/\" \/>\r\n<meta property=\"og:site_name\" content=\"Manises\" \/>\r\n<meta property=\"article:modified_time\" content=\"2021-06-12T07:59:58+00:00\" \/>\r\n<meta property=\"og:image\" content=\"https:\/\/manisescityofceramics.es\/wp-content\/uploads\/2021\/05\/pasaporte-ceramica-747x1024.jpg\" \/>\r\n<meta name=\"twitter:card\" content=\"summary_large_image\" \/>\r\n<meta name=\"twitter:label1\" content=\"Temps estimat de lectura\" \/>\n\t<meta name=\"twitter:data1\" content=\"1 minut\" \/>\r\n<script type=\"application\/ld+json\" class=\"yoast-schema-graph\">{\"@context\":\"https:\/\/schema.org\",\"@graph\":[{\"@type\":\"WebSite\",\"@id\":\"https:\/\/manisescityofceramics.es\/#website\",\"url\":\"https:\/\/manisescityofceramics.es\/\",\"name\":\"Manises\",\"description\":\"\",\"potentialAction\":[{\"@type\":\"SearchAction\",\"target\":\"https:\/\/manisescityofceramics.es\/?s={search_term_string}\",\"query-input\":\"required name=search_term_string\"}],\"inLanguage\":\"ca\"},{\"@type\":\"ImageObject\",\"@id\":\"https:\/\/manisescityofceramics.es\/ca\/passaport-ceramica\/#primaryimage\",\"inLanguage\":\"ca\",\"url\":\"https:\/\/manisescityofceramics.es\/wp-content\/uploads\/2021\/05\/pasaporte-ceramica.jpg\",\"contentUrl\":\"https:\/\/manisescityofceramics.es\/wp-content\/uploads\/2021\/05\/pasaporte-ceramica.jpg\",\"width\":1293,\"height\":1772},{\"@type\":\"WebPage\",\"@id\":\"https:\/\/manisescityofceramics.es\/ca\/passaport-ceramica\/#webpage\",\"url\":\"https:\/\/manisescityofceramics.es\/ca\/passaport-ceramica\/\",\"name\":\"Passaport Cer\\u00e0mica - Manises\",\"isPartOf\":{\"@id\":\"https:\/\/manisescityofceramics.es\/#website\"},\"primaryImageOfPage\":{\"@id\":\"https:\/\/manisescityofceramics.es\/ca\/passaport-ceramica\/#primaryimage\"},\"datePublished\":\"2021-05-25T17:10:38+00:00\",\"dateModified\":\"2021-06-12T07:59:58+00:00\",\"breadcrumb\":{\"@id\":\"https:\/\/manisescityofceramics.es\/ca\/passaport-ceramica\/#breadcrumb\"},\"inLanguage\":\"ca\",\"potentialAction\":[{\"@type\":\"ReadAction\",\"target\":[\"https:\/\/manisescityofceramics.es\/ca\/passaport-ceramica\/\"]}]},{\"@type\":\"BreadcrumbList\",\"@id\":\"https:\/\/manisescityofceramics.es\/ca\/passaport-ceramica\/#breadcrumb\",\"itemListElement\":[{\"@type\":\"ListItem\",\"position\":1,\"name\":\"Inicio\",\"item\":\"https:\/\/manisescityofceramics.es\/ca\/\"},{\"@type\":\"ListItem\",\"position\":2,\"name\":\"Passaport Cer\\u00e0mica\"}]}]}<\/script>\r\n<!-- \/ Yoast SEO plugin. -->","_links":{"self":[{"href":"https:\/\/manisescityofceramics.es\/ca\/wp-json\/wp\/v2\/pages\/7992"}],"collection":[{"href":"https:\/\/manisescityofceramics.es\/ca\/wp-json\/wp\/v2\/pages"}],"about":[{"href":"https:\/\/manisescityofceramics.es\/ca\/wp-json\/wp\/v2\/types\/page"}],"author":[{"embeddable":true,"href":"https:\/\/manisescityofceramics.es\/ca\/wp-json\/wp\/v2\/users\/2"}],"replies":[{"embeddable":true,"href":"https:\/\/manisescityofceramics.es\/ca\/wp-json\/wp\/v2\/comments?post=7992"}],"version-history":[{"count":13,"href":"https:\/\/manisescityofceramics.es\/ca\/wp-json\/wp\/v2\/pages\/7992\/revisions"}],"predecessor-version":[{"id":8489,"href":"https:\/\/manisescityofceramics.es\/ca\/wp-json\/wp\/v2\/pages\/7992\/revisions\/8489"}],"wp:attachment":[{"href":"https:\/\/manisescityofceramics.es\/ca\/wp-json\/wp\/v2\/media?parent=7992"}],"curies":[{"name":"wp","href":"https:\/\/api.w.org\/{rel}","templated":true}]}}