{"id":7958,"date":"2021-05-25T16:38:48","date_gmt":"2021-05-25T16:38:48","guid":{"rendered":"http:\/\/95.39.50.142\/five-countries-one-vision\/"},"modified":"2021-06-12T07:21:00","modified_gmt":"2021-06-12T07:21:00","slug":"five-countries-one-vision","status":"publish","type":"page","link":"https:\/\/manisescityofceramics.es\/ca\/five-countries-one-vision\/","title":{"rendered":"Five Countries One Vision"},"content":{"rendered":"\t\t<div data-elementor-type=\"wp-page\" data-elementor-id=\"7958\" class=\"elementor elementor-7958 elementor-7939\">\n\t\t\t\t\t\t<div class=\"elementor-inner\">\n\t\t\t\t<div class=\"elementor-section-wrap\">\n\t\t\t\t\t\t\t\t\t<section class=\"elementor-section elementor-top-section elementor-element elementor-element-25c959f5 elementor-section-content-middle elementor-section-height-min-height elementor-section-boxed elementor-section-height-default elementor-section-items-middle\" data-id=\"25c959f5\" data-element_type=\"section\" data-settings=\"{&quot;background_background&quot;:&quot;classic&quot;}\">\n\t\t\t\t\t\t\t<div class=\"elementor-background-overlay\"><\/div>\n\t\t\t\t\t\t\t<div class=\"elementor-container elementor-column-gap-no\">\n\t\t\t\t\t\t\t<div class=\"elementor-row\">\n\t\t\t\t\t<div class=\"elementor-column elementor-col-100 elementor-top-column elementor-element elementor-element-29a1d073\" data-id=\"29a1d073\" data-element_type=\"column\">\n\t\t\t<div class=\"elementor-column-wrap elementor-element-populated\">\n\t\t\t\t\t\t\t<div class=\"elementor-widget-wrap\">\n\t\t\t\t\t\t<div class=\"elementor-element elementor-element-34e70bbf elementor-widget elementor-widget-heading\" data-id=\"34e70bbf\" data-element_type=\"widget\" data-widget_type=\"heading.default\">\n\t\t\t\t<div class=\"elementor-widget-container\">\n\t\t\t<h1 class=\"elementor-heading-title elementor-size-default\">Five Countries <br>One Vision<\/h1>\t\t<\/div>\n\t\t\t\t<\/div>\n\t\t\t\t\t\t<\/div>\n\t\t\t\t\t<\/div>\n\t\t<\/div>\n\t\t\t\t\t\t\t\t<\/div>\n\t\t\t\t\t<\/div>\n\t\t<\/section>\n\t\t\t\t<section class=\"elementor-section elementor-top-section elementor-element elementor-element-afcacd5 elementor-section-boxed elementor-section-height-default elementor-section-height-default\" data-id=\"afcacd5\" data-element_type=\"section\">\n\t\t\t\t\t\t<div class=\"elementor-container elementor-column-gap-default\">\n\t\t\t\t\t\t\t<div class=\"elementor-row\">\n\t\t\t\t\t<div class=\"elementor-column elementor-col-100 elementor-top-column elementor-element elementor-element-7cdd50b\" data-id=\"7cdd50b\" data-element_type=\"column\">\n\t\t\t<div class=\"elementor-column-wrap elementor-element-populated\">\n\t\t\t\t\t\t\t<div class=\"elementor-widget-wrap\">\n\t\t\t\t\t\t<div class=\"elementor-element elementor-element-2439ea2b elementor-widget elementor-widget-heading\" data-id=\"2439ea2b\" data-element_type=\"widget\" data-widget_type=\"heading.default\">\n\t\t\t\t<div class=\"elementor-widget-container\">\n\t\t\t<h2 class=\"elementor-heading-title elementor-size-default\"><span style=\"color: #cc6633;font-weight:500;\">Five Countries One Vision -<\/span>   Cinc Pa\u00efsos, una Visi\u00f3<\/h2>\t\t<\/div>\n\t\t\t\t<\/div>\n\t\t\t\t\t\t<\/div>\n\t\t\t\t\t<\/div>\n\t\t<\/div>\n\t\t\t\t\t\t\t\t<\/div>\n\t\t\t\t\t<\/div>\n\t\t<\/section>\n\t\t\t\t<section class=\"elementor-section elementor-top-section elementor-element elementor-element-2e43282e elementor-section-boxed elementor-section-height-default elementor-section-height-default\" data-id=\"2e43282e\" data-element_type=\"section\">\n\t\t\t\t\t\t<div class=\"elementor-container elementor-column-gap-default\">\n\t\t\t\t\t\t\t<div class=\"elementor-row\">\n\t\t\t\t\t<div class=\"elementor-column elementor-col-50 elementor-top-column elementor-element elementor-element-154cd14a\" data-id=\"154cd14a\" data-element_type=\"column\">\n\t\t\t<div class=\"elementor-column-wrap elementor-element-populated\">\n\t\t\t\t\t\t\t<div class=\"elementor-widget-wrap\">\n\t\t\t\t\t\t<div class=\"elementor-element elementor-element-74202f46 elementor-widget elementor-widget-text-editor\" data-id=\"74202f46\" data-element_type=\"widget\" data-widget_type=\"text-editor.default\">\n\t\t\t\t<div class=\"elementor-widget-container\">\n\t\t\t\t\t\t\t\t<div class=\"elementor-text-editor elementor-clearfix\">\n\t\t\t\t<p>El projecte <strong>Five Countries one Vision &#8211; Cinc Pa\u00efsos, una visi\u00f3 <\/strong>\u00a0es va celebrar a Manises del 12 de juliol a el 9 d&#8217;agost de 2019. Aquest projecte va congregar a artistes de l&#8217;Iran, It\u00e0lia, Regne Unit, Austr\u00e0lia i Espanya. Tots ells van mostrar una completa selecci\u00f3 de peces realitzades amb t\u00e8cnica de reflex met\u00e0l\u00b7lic contemporani.<\/p><p>El viatge del reflex met\u00e0l\u00b7lic va comen\u00e7ar fa tretze segles al cor del m\u00f3n isl\u00e0mic. Des de Mesopot\u00e0mia, S\u00edria i Egipte, la innovaci\u00f3 de la t\u00e8cnica del reflex met\u00e0l\u00b7lic va seguir l\u2019expansi\u00f3 del m\u00f3n \u00e0rab a trav\u00e9s del Magrib, fins a arribar a Espanya i m\u00e9s tard a It\u00e0lia.<\/p>\t\t\t\t\t<\/div>\n\t\t\t\t\t\t<\/div>\n\t\t\t\t<\/div>\n\t\t\t\t\t\t<\/div>\n\t\t\t\t\t<\/div>\n\t\t<\/div>\n\t\t\t\t<div class=\"elementor-column elementor-col-50 elementor-top-column elementor-element elementor-element-7132064\" data-id=\"7132064\" data-element_type=\"column\">\n\t\t\t<div class=\"elementor-column-wrap elementor-element-populated\">\n\t\t\t\t\t\t\t<div class=\"elementor-widget-wrap\">\n\t\t\t\t\t\t<div class=\"elementor-element elementor-element-ffa2eb6 elementor-widget elementor-widget-image\" data-id=\"ffa2eb6\" data-element_type=\"widget\" data-widget_type=\"image.default\">\n\t\t\t\t<div class=\"elementor-widget-container\">\n\t\t\t\t\t\t\t\t<div class=\"elementor-image\">\n\t\t\t\t\t\t\t\t\t\t\t\t<img width=\"900\" height=\"863\" src=\"https:\/\/manisescityofceramics.es\/wp-content\/uploads\/2021\/05\/5-paises.jpg\" class=\"attachment-large size-large\" alt=\"\" loading=\"lazy\" srcset=\"https:\/\/manisescityofceramics.es\/wp-content\/uploads\/2021\/05\/5-paises.jpg 900w, https:\/\/manisescityofceramics.es\/wp-content\/uploads\/2021\/05\/5-paises-300x288.jpg 300w, https:\/\/manisescityofceramics.es\/wp-content\/uploads\/2021\/05\/5-paises-768x736.jpg 768w\" sizes=\"(max-width: 900px) 100vw, 900px\" \/>\t\t\t\t\t\t\t\t\t\t\t\t\t\t<\/div>\n\t\t\t\t\t\t<\/div>\n\t\t\t\t<\/div>\n\t\t\t\t\t\t<\/div>\n\t\t\t\t\t<\/div>\n\t\t<\/div>\n\t\t\t\t\t\t\t\t<\/div>\n\t\t\t\t\t<\/div>\n\t\t<\/section>\n\t\t\t\t<section class=\"elementor-section elementor-top-section elementor-element elementor-element-2b4af1c3 elementor-reverse-tablet elementor-reverse-mobile elementor-section-boxed elementor-section-height-default elementor-section-height-default\" data-id=\"2b4af1c3\" data-element_type=\"section\">\n\t\t\t\t\t\t<div class=\"elementor-container elementor-column-gap-default\">\n\t\t\t\t\t\t\t<div class=\"elementor-row\">\n\t\t\t\t\t<div class=\"elementor-column elementor-col-50 elementor-top-column elementor-element elementor-element-2ef3a1b0\" data-id=\"2ef3a1b0\" data-element_type=\"column\">\n\t\t\t<div class=\"elementor-column-wrap elementor-element-populated\">\n\t\t\t\t\t\t\t<div class=\"elementor-widget-wrap\">\n\t\t\t\t\t\t<div class=\"elementor-element elementor-element-aab042e elementor-widget elementor-widget-image\" data-id=\"aab042e\" data-element_type=\"widget\" data-widget_type=\"image.default\">\n\t\t\t\t<div class=\"elementor-widget-container\">\n\t\t\t\t\t\t\t\t<div class=\"elementor-image\">\n\t\t\t\t\t\t\t\t\t\t\t\t<img width=\"1024\" height=\"702\" src=\"https:\/\/manisescityofceramics.es\/wp-content\/uploads\/2021\/05\/cinco-paises-1024x702.jpg\" class=\"attachment-large size-large\" alt=\"\" loading=\"lazy\" srcset=\"https:\/\/manisescityofceramics.es\/wp-content\/uploads\/2021\/05\/cinco-paises-1024x702.jpg 1024w, https:\/\/manisescityofceramics.es\/wp-content\/uploads\/2021\/05\/cinco-paises-300x206.jpg 300w, https:\/\/manisescityofceramics.es\/wp-content\/uploads\/2021\/05\/cinco-paises-768x527.jpg 768w, https:\/\/manisescityofceramics.es\/wp-content\/uploads\/2021\/05\/cinco-paises-1536x1053.jpg 1536w, https:\/\/manisescityofceramics.es\/wp-content\/uploads\/2021\/05\/cinco-paises.jpg 1934w\" sizes=\"(max-width: 1024px) 100vw, 1024px\" \/>\t\t\t\t\t\t\t\t\t\t\t\t\t\t<\/div>\n\t\t\t\t\t\t<\/div>\n\t\t\t\t<\/div>\n\t\t\t\t\t\t<\/div>\n\t\t\t\t\t<\/div>\n\t\t<\/div>\n\t\t\t\t<div class=\"elementor-column elementor-col-50 elementor-top-column elementor-element elementor-element-64e996fc\" data-id=\"64e996fc\" data-element_type=\"column\">\n\t\t\t<div class=\"elementor-column-wrap elementor-element-populated\">\n\t\t\t\t\t\t\t<div class=\"elementor-widget-wrap\">\n\t\t\t\t\t\t<div class=\"elementor-element elementor-element-2eb05d7e elementor-widget elementor-widget-text-editor\" data-id=\"2eb05d7e\" data-element_type=\"widget\" data-widget_type=\"text-editor.default\">\n\t\t\t\t<div class=\"elementor-widget-container\">\n\t\t\t\t\t\t\t\t<div class=\"elementor-text-editor elementor-clearfix\">\n\t\t\t\t<p>Ja en la segona meitat del segle XIX es va expandir primer a Anglaterra i despr\u00e9s a la resta d\u2019Europa.\u00a0<\/p><p>El prestigi dels ceramistes participants, Abbas Akbari (Kashan, Iran), Arturo Mora Benavent (Manises, Espanya), Giampietro Rampini (Gubbio, It\u00e0lia), Jonathan Chiswell Jones (Hankham, Regne Unit), John Kuczwal (Wollongong, Austr\u00e0lia), i el convidat, Joan Carrillo (Catalunya, Espanya), va fer que Manises es convertira durant uns dies en un centre de culte per a artistes i amants de la cer\u00e0mica d\u2019Europa.<\/p>\t\t\t\t\t<\/div>\n\t\t\t\t\t\t<\/div>\n\t\t\t\t<\/div>\n\t\t\t\t\t\t<\/div>\n\t\t\t\t\t<\/div>\n\t\t<\/div>\n\t\t\t\t\t\t\t\t<\/div>\n\t\t\t\t\t<\/div>\n\t\t<\/section>\n\t\t\t\t\t\t\t\t\t<\/div>\n\t\t\t<\/div>\n\t\t\t\t\t<\/div>\n\t\t","protected":false},"excerpt":{"rendered":"<p>Five Countries One Vision Five Countries One Vision &#8211; Cinc Pa\u00efsos, una Visi\u00f3 El projecte Five Countries one Vision &#8211; Cinc Pa\u00efsos, una visi\u00f3 \u00a0es va celebrar a Manises del &hellip;<\/p>\n<p class=\"read-more\"> <a class=\"\" href=\"https:\/\/manisescityofceramics.es\/ca\/five-countries-one-vision\/\"> <span class=\"screen-reader-text\">Five Countries One Vision<\/span> Llegeix m\u00e9s &raquo;<\/a><\/p>\n","protected":false},"author":2,"featured_media":0,"parent":0,"menu_order":0,"comment_status":"closed","ping_status":"closed","template":"","meta":{"_monsterinsights_skip_tracking":false,"_monsterinsights_sitenote_active":false,"_monsterinsights_sitenote_note":"","_monsterinsights_sitenote_category":0},"yoast_head":"<!-- This site is optimized with the Yoast SEO plugin v16.5 - https:\/\/yoast.com\/wordpress\/plugins\/seo\/ -->\r\n<title>Five Countries One Vision - Manises<\/title>\r\n<meta name=\"robots\" content=\"index, follow, max-snippet:-1, max-image-preview:large, max-video-preview:-1\" \/>\r\n<link rel=\"canonical\" href=\"https:\/\/manisescityofceramics.es\/ca\/five-countries-one-vision\/\" \/>\r\n<meta property=\"og:locale\" content=\"ca_ES\" \/>\r\n<meta property=\"og:type\" content=\"article\" \/>\r\n<meta property=\"og:title\" content=\"Five Countries One Vision - Manises\" \/>\r\n<meta property=\"og:description\" content=\"Five Countries One Vision Five Countries One Vision &#8211; Cinc Pa\u00efsos, una Visi\u00f3 El projecte Five Countries one Vision &#8211; Cinc Pa\u00efsos, una visi\u00f3 \u00a0es va celebrar a Manises del &hellip; Five Countries One Vision Llegeix m\u00e9s &raquo;\" \/>\r\n<meta property=\"og:url\" content=\"https:\/\/manisescityofceramics.es\/ca\/five-countries-one-vision\/\" \/>\r\n<meta property=\"og:site_name\" content=\"Manises\" \/>\r\n<meta property=\"article:modified_time\" content=\"2021-06-12T07:21:00+00:00\" \/>\r\n<meta property=\"og:image\" content=\"https:\/\/manisescityofceramics.es\/wp-content\/uploads\/2021\/05\/5-paises.jpg\" \/>\r\n<meta name=\"twitter:card\" content=\"summary_large_image\" \/>\r\n<meta name=\"twitter:label1\" content=\"Temps estimat de lectura\" \/>\n\t<meta name=\"twitter:data1\" content=\"2 minuts\" \/>\r\n<script type=\"application\/ld+json\" class=\"yoast-schema-graph\">{\"@context\":\"https:\/\/schema.org\",\"@graph\":[{\"@type\":\"WebSite\",\"@id\":\"https:\/\/manisescityofceramics.es\/#website\",\"url\":\"https:\/\/manisescityofceramics.es\/\",\"name\":\"Manises\",\"description\":\"\",\"potentialAction\":[{\"@type\":\"SearchAction\",\"target\":\"https:\/\/manisescityofceramics.es\/?s={search_term_string}\",\"query-input\":\"required name=search_term_string\"}],\"inLanguage\":\"ca\"},{\"@type\":\"ImageObject\",\"@id\":\"https:\/\/manisescityofceramics.es\/ca\/five-countries-one-vision\/#primaryimage\",\"inLanguage\":\"ca\",\"url\":\"https:\/\/manisescityofceramics.es\/wp-content\/uploads\/2021\/05\/5-paises.jpg\",\"contentUrl\":\"https:\/\/manisescityofceramics.es\/wp-content\/uploads\/2021\/05\/5-paises.jpg\",\"width\":900,\"height\":863},{\"@type\":\"WebPage\",\"@id\":\"https:\/\/manisescityofceramics.es\/ca\/five-countries-one-vision\/#webpage\",\"url\":\"https:\/\/manisescityofceramics.es\/ca\/five-countries-one-vision\/\",\"name\":\"Five Countries One Vision - Manises\",\"isPartOf\":{\"@id\":\"https:\/\/manisescityofceramics.es\/#website\"},\"primaryImageOfPage\":{\"@id\":\"https:\/\/manisescityofceramics.es\/ca\/five-countries-one-vision\/#primaryimage\"},\"datePublished\":\"2021-05-25T16:38:48+00:00\",\"dateModified\":\"2021-06-12T07:21:00+00:00\",\"breadcrumb\":{\"@id\":\"https:\/\/manisescityofceramics.es\/ca\/five-countries-one-vision\/#breadcrumb\"},\"inLanguage\":\"ca\",\"potentialAction\":[{\"@type\":\"ReadAction\",\"target\":[\"https:\/\/manisescityofceramics.es\/ca\/five-countries-one-vision\/\"]}]},{\"@type\":\"BreadcrumbList\",\"@id\":\"https:\/\/manisescityofceramics.es\/ca\/five-countries-one-vision\/#breadcrumb\",\"itemListElement\":[{\"@type\":\"ListItem\",\"position\":1,\"name\":\"Inicio\",\"item\":\"https:\/\/manisescityofceramics.es\/ca\/\"},{\"@type\":\"ListItem\",\"position\":2,\"name\":\"Five Countries One Vision\"}]}]}<\/script>\r\n<!-- \/ Yoast SEO plugin. -->","_links":{"self":[{"href":"https:\/\/manisescityofceramics.es\/ca\/wp-json\/wp\/v2\/pages\/7958"}],"collection":[{"href":"https:\/\/manisescityofceramics.es\/ca\/wp-json\/wp\/v2\/pages"}],"about":[{"href":"https:\/\/manisescityofceramics.es\/ca\/wp-json\/wp\/v2\/types\/page"}],"author":[{"embeddable":true,"href":"https:\/\/manisescityofceramics.es\/ca\/wp-json\/wp\/v2\/users\/2"}],"replies":[{"embeddable":true,"href":"https:\/\/manisescityofceramics.es\/ca\/wp-json\/wp\/v2\/comments?post=7958"}],"version-history":[{"count":12,"href":"https:\/\/manisescityofceramics.es\/ca\/wp-json\/wp\/v2\/pages\/7958\/revisions"}],"predecessor-version":[{"id":8396,"href":"https:\/\/manisescityofceramics.es\/ca\/wp-json\/wp\/v2\/pages\/7958\/revisions\/8396"}],"wp:attachment":[{"href":"https:\/\/manisescityofceramics.es\/ca\/wp-json\/wp\/v2\/media?parent=7958"}],"curies":[{"name":"wp","href":"https:\/\/api.w.org\/{rel}","templated":true}]}}