{"id":7514,"date":"2021-05-18T08:14:07","date_gmt":"2021-05-18T08:14:07","guid":{"rendered":"http:\/\/95.39.50.142\/actividades-creativas\/"},"modified":"2021-05-18T12:10:02","modified_gmt":"2021-05-18T12:10:02","slug":"activitats-creatives","status":"publish","type":"page","link":"https:\/\/manisescityofceramics.es\/ca\/activitats-creatives\/","title":{"rendered":"Activitats creatives"},"content":{"rendered":"\t\t<div data-elementor-type=\"wp-page\" data-elementor-id=\"7514\" class=\"elementor elementor-7514 elementor-7502\">\n\t\t\t\t\t\t<div class=\"elementor-inner\">\n\t\t\t\t<div class=\"elementor-section-wrap\">\n\t\t\t\t\t\t\t\t\t<section class=\"elementor-section elementor-top-section elementor-element elementor-element-03acdfd elementor-section-content-middle elementor-section-height-min-height elementor-section-boxed elementor-section-height-default elementor-section-items-middle\" data-id=\"03acdfd\" data-element_type=\"section\" data-settings=\"{&quot;background_background&quot;:&quot;classic&quot;}\">\n\t\t\t\t\t\t\t<div class=\"elementor-background-overlay\"><\/div>\n\t\t\t\t\t\t\t<div class=\"elementor-container elementor-column-gap-no\">\n\t\t\t\t\t\t\t<div class=\"elementor-row\">\n\t\t\t\t\t<div class=\"elementor-column elementor-col-100 elementor-top-column elementor-element elementor-element-73cda80\" data-id=\"73cda80\" data-element_type=\"column\">\n\t\t\t<div class=\"elementor-column-wrap elementor-element-populated\">\n\t\t\t\t\t\t\t<div class=\"elementor-widget-wrap\">\n\t\t\t\t\t\t<div class=\"elementor-element elementor-element-e0c0af2 elementor-widget elementor-widget-heading\" data-id=\"e0c0af2\" data-element_type=\"widget\" data-widget_type=\"heading.default\">\n\t\t\t\t<div class=\"elementor-widget-container\">\n\t\t\t<h1 class=\"elementor-heading-title elementor-size-default\">Activitats <br>creatives<\/h1>\t\t<\/div>\n\t\t\t\t<\/div>\n\t\t\t\t\t\t<\/div>\n\t\t\t\t\t<\/div>\n\t\t<\/div>\n\t\t\t\t\t\t\t\t<\/div>\n\t\t\t\t\t<\/div>\n\t\t<\/section>\n\t\t\t\t<section class=\"elementor-section elementor-top-section elementor-element elementor-element-060c4fa elementor-section-boxed elementor-section-height-default elementor-section-height-default\" data-id=\"060c4fa\" data-element_type=\"section\">\n\t\t\t\t\t\t<div class=\"elementor-container elementor-column-gap-default\">\n\t\t\t\t\t\t\t<div class=\"elementor-row\">\n\t\t\t\t\t<div class=\"elementor-column elementor-col-100 elementor-top-column elementor-element elementor-element-25135ef\" data-id=\"25135ef\" data-element_type=\"column\">\n\t\t\t<div class=\"elementor-column-wrap elementor-element-populated\">\n\t\t\t\t\t\t\t<div class=\"elementor-widget-wrap\">\n\t\t\t\t\t\t<div class=\"elementor-element elementor-element-4b3478d elementor-widget elementor-widget-heading\" data-id=\"4b3478d\" data-element_type=\"widget\" data-widget_type=\"heading.default\">\n\t\t\t\t<div class=\"elementor-widget-container\">\n\t\t\t<h2 class=\"elementor-heading-title elementor-size-default\"><span style=\"color: #cc6633;font-weight:bold;\">Encisar-te <\/span>  Manises<\/h2>\t\t<\/div>\n\t\t\t\t<\/div>\n\t\t\t\t<section class=\"elementor-section elementor-inner-section elementor-element elementor-element-dc57af6 elementor-section-boxed elementor-section-height-default elementor-section-height-default\" data-id=\"dc57af6\" data-element_type=\"section\">\n\t\t\t\t\t\t<div class=\"elementor-container elementor-column-gap-default\">\n\t\t\t\t\t\t\t<div class=\"elementor-row\">\n\t\t\t\t\t<div class=\"elementor-column elementor-col-50 elementor-inner-column elementor-element elementor-element-13f4630\" data-id=\"13f4630\" data-element_type=\"column\">\n\t\t\t<div class=\"elementor-column-wrap elementor-element-populated\">\n\t\t\t\t\t\t\t<div class=\"elementor-widget-wrap\">\n\t\t\t\t\t\t<div class=\"elementor-element elementor-element-817ac89 elementor-widget elementor-widget-text-editor\" data-id=\"817ac89\" data-element_type=\"widget\" data-widget_type=\"text-editor.default\">\n\t\t\t\t<div class=\"elementor-widget-container\">\n\t\t\t\t\t\t\t\t<div class=\"elementor-text-editor elementor-clearfix\">\n\t\t\t\t<p>Encisar-te \u00e9s una associaci\u00f3 sense \u00e0nim de lucre dedicada a divulgar la cer\u00e0mica. El pro-jecte d\u2019aquesta associaci\u00f3 va comen\u00e7ar l\u2019any 2005 i continua fins ara amb la mateixa il\u00b7lusi\u00f3.\u00a0<\/p><p>L\u2019equip d\u2019Encisar-te est\u00e0 format per professionals en cer\u00e0mica art\u00edstica de l\u2019Escola d\u2019Art i Superior de Cer\u00e0mica de Manises, que conviden tots els grups a aprendre i divertir-se amb la cer\u00e0mica en els seus tallers, davall la premissa \u201cSigues protagonista de la teua pr\u00f2pia obra\u201d.<\/p>\t\t\t\t\t<\/div>\n\t\t\t\t\t\t<\/div>\n\t\t\t\t<\/div>\n\t\t\t\t\t\t<\/div>\n\t\t\t\t\t<\/div>\n\t\t<\/div>\n\t\t\t\t<div class=\"elementor-column elementor-col-50 elementor-inner-column elementor-element elementor-element-1bd95b1\" data-id=\"1bd95b1\" data-element_type=\"column\">\n\t\t\t<div class=\"elementor-column-wrap elementor-element-populated\">\n\t\t\t\t\t\t\t<div class=\"elementor-widget-wrap\">\n\t\t\t\t\t\t<div class=\"elementor-element elementor-element-253e197 elementor-widget elementor-widget-image\" data-id=\"253e197\" data-element_type=\"widget\" data-widget_type=\"image.default\">\n\t\t\t\t<div class=\"elementor-widget-container\">\n\t\t\t\t\t\t\t\t<div class=\"elementor-image\">\n\t\t\t\t\t\t\t\t\t\t\t\t<img width=\"960\" height=\"480\" src=\"https:\/\/manisescityofceramics.es\/wp-content\/uploads\/2021\/02\/encisarte.jpg\" class=\"attachment-full size-full\" alt=\"\" loading=\"lazy\" srcset=\"https:\/\/manisescityofceramics.es\/wp-content\/uploads\/2021\/02\/encisarte.jpg 960w, https:\/\/manisescityofceramics.es\/wp-content\/uploads\/2021\/02\/encisarte-300x150.jpg 300w, https:\/\/manisescityofceramics.es\/wp-content\/uploads\/2021\/02\/encisarte-768x384.jpg 768w\" sizes=\"(max-width: 960px) 100vw, 960px\" \/>\t\t\t\t\t\t\t\t\t\t\t\t\t\t<\/div>\n\t\t\t\t\t\t<\/div>\n\t\t\t\t<\/div>\n\t\t\t\t\t\t<\/div>\n\t\t\t\t\t<\/div>\n\t\t<\/div>\n\t\t\t\t\t\t\t\t<\/div>\n\t\t\t\t\t<\/div>\n\t\t<\/section>\n\t\t\t\t<div class=\"elementor-element elementor-element-ef0165a elementor-widget elementor-widget-text-editor\" data-id=\"ef0165a\" data-element_type=\"widget\" data-widget_type=\"text-editor.default\">\n\t\t\t\t<div class=\"elementor-widget-container\">\n\t\t\t\t\t\t\t\t<div class=\"elementor-text-editor elementor-clearfix\">\n\t\t\t\t<p>Els tallers van dirigits a grups de totes les edats, amb experi\u00e8ncia o sense. Mitjan\u00e7ant les diferents t\u00e8cniques que s\u2019hi treballen, les persones participants adquireixen m\u00e9s coneixement i sensibilitat envers la cer\u00e0mica: aprenen a valorar la cer\u00e0mica en el nostre entorn urb\u00e0 i dom\u00e8stic i, sobretot, comparteixen noves i originals experi\u00e8ncies creatives.\u00a0<\/p><p>Aquest tipus de tallers es pot combinar amb la visita al Museu de Cer\u00e0mica de Manises.<\/p><p><strong><u>Tallers que es poden fer:<\/u><\/strong><\/p><ul><li><strong>TALLER DE PLANXES: <\/strong>Modelant plaques de fang, a partir d\u2019una pe\u00e7a plana, s\u2019apliquen relleus, textures, incisions, etc.<\/li><li><strong style=\"font-size: 16px;\">TALLER DE MOSAICS: <\/strong><span style=\"font-size: 16px;\">Composicions art\u00edstiques amb tessel\u00b7les, encaixant trossets de taulells com a peces d\u2019un trencaclosques.<\/span><\/li><li><strong style=\"font-size: 16px;\">TALLER DE BIJUTERIA: <\/strong><span style=\"font-size: 16px;\">Dissenyant arracades i penjolls en cer\u00e0mica i decorant xicotetes formes per a crear una bijuteria original.<\/span><\/li><li><strong style=\"font-size: 16px;\">TALLER DE JOCS: <\/strong><span style=\"font-size: 16px;\">Amb els jocs de taula m\u00e9s creatius. Dissenyant i decorant un joc de taula i modelant-ne les fitxes amb argila.<\/span><\/li><li><strong style=\"font-size: 16px;\">TALLER DE SOCARRAT: <\/strong><span style=\"font-size: 16px;\">Decorant sobre cer\u00e0mica bescuitada sense vern\u00eds, una de les t\u00e8cniques m\u00e9s representatives de la cer\u00e0mica valenciana.<\/span><\/li><li><strong style=\"font-size: 16px;\">TALLERS TEM\u00c0TICS:<\/strong><span style=\"font-size: 16px;\"> Una opci\u00f3 per a aprofitar i complementar un tema que s\u2019estiga donant a classe sobre algun estil art\u00edstic, un tema social, una dedicat\u00f2ria i, per qu\u00e8 no, l\u2019orla de final de curs.<\/span><\/li><li><strong style=\"font-size: 16px;\">TALLERS DE TEMPORADA:<\/strong><span style=\"font-size: 16px;\"> En els quals les decoracions i t\u00e8cniques s\u2019adapten a la tem\u00e0tica de l\u2019\u00e8poca triada (Nadal, Pasqua, estiu&#8230;).<\/span><\/li><\/ul>\t\t\t\t\t<\/div>\n\t\t\t\t\t\t<\/div>\n\t\t\t\t<\/div>\n\t\t\t\t\t\t<\/div>\n\t\t\t\t\t<\/div>\n\t\t<\/div>\n\t\t\t\t\t\t\t\t<\/div>\n\t\t\t\t\t<\/div>\n\t\t<\/section>\n\t\t\t\t\t\t\t\t\t<\/div>\n\t\t\t<\/div>\n\t\t\t\t\t<\/div>\n\t\t","protected":false},"excerpt":{"rendered":"<p>Activitats creatives Encisar-te Manises Encisar-te \u00e9s una associaci\u00f3 sense \u00e0nim de lucre dedicada a divulgar la cer\u00e0mica. El pro-jecte d\u2019aquesta associaci\u00f3 va comen\u00e7ar l\u2019any 2005 i continua fins ara amb &hellip;<\/p>\n<p class=\"read-more\"> <a class=\"\" href=\"https:\/\/manisescityofceramics.es\/ca\/activitats-creatives\/\"> <span class=\"screen-reader-text\">Activitats creatives<\/span> Llegeix m\u00e9s &raquo;<\/a><\/p>\n","protected":false},"author":2,"featured_media":0,"parent":0,"menu_order":0,"comment_status":"closed","ping_status":"closed","template":"","meta":{"_monsterinsights_skip_tracking":false,"_monsterinsights_sitenote_active":false,"_monsterinsights_sitenote_note":"","_monsterinsights_sitenote_category":0},"yoast_head":"<!-- This site is optimized with the Yoast SEO plugin v16.5 - https:\/\/yoast.com\/wordpress\/plugins\/seo\/ -->\r\n<title>Activitats creatives - Manises<\/title>\r\n<meta name=\"robots\" content=\"index, follow, max-snippet:-1, max-image-preview:large, max-video-preview:-1\" \/>\r\n<link rel=\"canonical\" href=\"https:\/\/manisescityofceramics.es\/ca\/activitats-creatives\/\" \/>\r\n<meta property=\"og:locale\" content=\"ca_ES\" \/>\r\n<meta property=\"og:type\" content=\"article\" \/>\r\n<meta property=\"og:title\" content=\"Activitats creatives - Manises\" \/>\r\n<meta property=\"og:description\" content=\"Activitats creatives Encisar-te Manises Encisar-te \u00e9s una associaci\u00f3 sense \u00e0nim de lucre dedicada a divulgar la cer\u00e0mica. El pro-jecte d\u2019aquesta associaci\u00f3 va comen\u00e7ar l\u2019any 2005 i continua fins ara amb &hellip; Activitats creatives Llegeix m\u00e9s &raquo;\" \/>\r\n<meta property=\"og:url\" content=\"https:\/\/manisescityofceramics.es\/ca\/activitats-creatives\/\" \/>\r\n<meta property=\"og:site_name\" content=\"Manises\" \/>\r\n<meta property=\"article:modified_time\" content=\"2021-05-18T12:10:02+00:00\" \/>\r\n<meta property=\"og:image\" content=\"https:\/\/manisescityofceramics.es\/wp-content\/uploads\/2021\/02\/encisarte.jpg\" \/>\r\n<meta name=\"twitter:card\" content=\"summary_large_image\" \/>\r\n<meta name=\"twitter:label1\" content=\"Temps estimat de lectura\" \/>\n\t<meta name=\"twitter:data1\" content=\"2 minuts\" \/>\r\n<script type=\"application\/ld+json\" class=\"yoast-schema-graph\">{\"@context\":\"https:\/\/schema.org\",\"@graph\":[{\"@type\":\"WebSite\",\"@id\":\"https:\/\/manisescityofceramics.es\/#website\",\"url\":\"https:\/\/manisescityofceramics.es\/\",\"name\":\"Manises\",\"description\":\"\",\"potentialAction\":[{\"@type\":\"SearchAction\",\"target\":\"https:\/\/manisescityofceramics.es\/?s={search_term_string}\",\"query-input\":\"required name=search_term_string\"}],\"inLanguage\":\"ca\"},{\"@type\":\"ImageObject\",\"@id\":\"https:\/\/manisescityofceramics.es\/ca\/activitats-creatives\/#primaryimage\",\"inLanguage\":\"ca\",\"url\":\"https:\/\/manisescityofceramics.es\/wp-content\/uploads\/2021\/02\/encisarte.jpg\",\"contentUrl\":\"https:\/\/manisescityofceramics.es\/wp-content\/uploads\/2021\/02\/encisarte.jpg\",\"width\":960,\"height\":480},{\"@type\":\"WebPage\",\"@id\":\"https:\/\/manisescityofceramics.es\/ca\/activitats-creatives\/#webpage\",\"url\":\"https:\/\/manisescityofceramics.es\/ca\/activitats-creatives\/\",\"name\":\"Activitats creatives - Manises\",\"isPartOf\":{\"@id\":\"https:\/\/manisescityofceramics.es\/#website\"},\"primaryImageOfPage\":{\"@id\":\"https:\/\/manisescityofceramics.es\/ca\/activitats-creatives\/#primaryimage\"},\"datePublished\":\"2021-05-18T08:14:07+00:00\",\"dateModified\":\"2021-05-18T12:10:02+00:00\",\"breadcrumb\":{\"@id\":\"https:\/\/manisescityofceramics.es\/ca\/activitats-creatives\/#breadcrumb\"},\"inLanguage\":\"ca\",\"potentialAction\":[{\"@type\":\"ReadAction\",\"target\":[\"https:\/\/manisescityofceramics.es\/ca\/activitats-creatives\/\"]}]},{\"@type\":\"BreadcrumbList\",\"@id\":\"https:\/\/manisescityofceramics.es\/ca\/activitats-creatives\/#breadcrumb\",\"itemListElement\":[{\"@type\":\"ListItem\",\"position\":1,\"name\":\"Inicio\",\"item\":\"https:\/\/manisescityofceramics.es\/ca\/\"},{\"@type\":\"ListItem\",\"position\":2,\"name\":\"Activitats creatives\"}]}]}<\/script>\r\n<!-- \/ Yoast SEO plugin. -->","_links":{"self":[{"href":"https:\/\/manisescityofceramics.es\/ca\/wp-json\/wp\/v2\/pages\/7514"}],"collection":[{"href":"https:\/\/manisescityofceramics.es\/ca\/wp-json\/wp\/v2\/pages"}],"about":[{"href":"https:\/\/manisescityofceramics.es\/ca\/wp-json\/wp\/v2\/types\/page"}],"author":[{"embeddable":true,"href":"https:\/\/manisescityofceramics.es\/ca\/wp-json\/wp\/v2\/users\/2"}],"replies":[{"embeddable":true,"href":"https:\/\/manisescityofceramics.es\/ca\/wp-json\/wp\/v2\/comments?post=7514"}],"version-history":[{"count":7,"href":"https:\/\/manisescityofceramics.es\/ca\/wp-json\/wp\/v2\/pages\/7514\/revisions"}],"predecessor-version":[{"id":7693,"href":"https:\/\/manisescityofceramics.es\/ca\/wp-json\/wp\/v2\/pages\/7514\/revisions\/7693"}],"wp:attachment":[{"href":"https:\/\/manisescityofceramics.es\/ca\/wp-json\/wp\/v2\/media?parent=7514"}],"curies":[{"name":"wp","href":"https:\/\/api.w.org\/{rel}","templated":true}]}}