{"id":7324,"date":"2021-05-14T10:26:56","date_gmt":"2021-05-14T10:26:56","guid":{"rendered":"http:\/\/95.39.50.142\/territorio-y-paisaje\/"},"modified":"2021-05-27T18:28:50","modified_gmt":"2021-05-27T18:28:50","slug":"territori-i-paisatge","status":"publish","type":"page","link":"https:\/\/manisescityofceramics.es\/ca\/territori-i-paisatge\/","title":{"rendered":"Territori i paisatge"},"content":{"rendered":"\t\t<div data-elementor-type=\"wp-page\" data-elementor-id=\"7324\" class=\"elementor elementor-7324 elementor-7265\">\n\t\t\t\t\t\t<div class=\"elementor-inner\">\n\t\t\t\t<div class=\"elementor-section-wrap\">\n\t\t\t\t\t\t\t\t\t<section class=\"elementor-section elementor-top-section elementor-element elementor-element-66741f96 elementor-section-content-middle elementor-section-height-min-height elementor-section-boxed elementor-section-height-default elementor-section-items-middle\" data-id=\"66741f96\" data-element_type=\"section\" data-settings=\"{&quot;background_background&quot;:&quot;classic&quot;}\">\n\t\t\t\t\t\t<div class=\"elementor-container elementor-column-gap-no\">\n\t\t\t\t\t\t\t<div class=\"elementor-row\">\n\t\t\t\t\t<div class=\"elementor-column elementor-col-100 elementor-top-column elementor-element elementor-element-128262a5\" data-id=\"128262a5\" data-element_type=\"column\">\n\t\t\t<div class=\"elementor-column-wrap elementor-element-populated\">\n\t\t\t\t\t\t\t<div class=\"elementor-widget-wrap\">\n\t\t\t\t\t\t<div class=\"elementor-element elementor-element-69fbaeb8 elementor-widget elementor-widget-heading\" data-id=\"69fbaeb8\" data-element_type=\"widget\" data-widget_type=\"heading.default\">\n\t\t\t\t<div class=\"elementor-widget-container\">\n\t\t\t<h1 class=\"elementor-heading-title elementor-size-default\">Territorio y<br>paisaje<\/h1>\t\t<\/div>\n\t\t\t\t<\/div>\n\t\t\t\t\t\t<\/div>\n\t\t\t\t\t<\/div>\n\t\t<\/div>\n\t\t\t\t\t\t\t\t<\/div>\n\t\t\t\t\t<\/div>\n\t\t<\/section>\n\t\t\t\t<section class=\"elementor-section elementor-top-section elementor-element elementor-element-6fdac2b1 elementor-section-boxed elementor-section-height-default elementor-section-height-default\" data-id=\"6fdac2b1\" data-element_type=\"section\">\n\t\t\t\t\t\t<div class=\"elementor-container elementor-column-gap-default\">\n\t\t\t\t\t\t\t<div class=\"elementor-row\">\n\t\t\t\t\t<div class=\"elementor-column elementor-col-50 elementor-top-column elementor-element elementor-element-700457d8\" data-id=\"700457d8\" data-element_type=\"column\">\n\t\t\t<div class=\"elementor-column-wrap elementor-element-populated\">\n\t\t\t\t\t\t\t<div class=\"elementor-widget-wrap\">\n\t\t\t\t\t\t<div class=\"elementor-element elementor-element-627fc8cf elementor-widget elementor-widget-text-editor\" data-id=\"627fc8cf\" data-element_type=\"widget\" data-widget_type=\"text-editor.default\">\n\t\t\t\t<div class=\"elementor-widget-container\">\n\t\t\t\t\t\t\t\t<div class=\"elementor-text-editor elementor-clearfix\">\n\t\t\t\t<p>Manises es una localidad mediterr\u00e1nea ubicada en el \u00e1rea metropolitana de Val\u00e8ncia (Espa\u00f1a), a 8 km al NO de la ciudad. Este municipio (21 km2) se encuentra en la margen derecha del r\u00edo T\u00faria y forma parte de la Horta de Val\u00e8ncia, un paisaje cultural relacionado con el hist\u00f3rico sistema de regad\u00edo tradicional romano que a\u00fan se encuentra en funcionamiento y regido por el Tribunal de las Aguas.\u00a0<\/p><p>Es un municipio de tama\u00f1o medio con 30.919 habitantes que est\u00e1 muy bien comunicado por carretera y metro con el centro de Val\u00e8ncia, con las principales carreteras regionales (autov\u00eda E-901) y el puerto valenciano. Adem\u00e1s, el Aeropuerto Internacional de Val\u00e8ncia se encuentra en Manises. La econom\u00eda del municipio se basa en los servicios, la industria ligera, el comercio y la agricultura de regad\u00edo (naranjas, hortalizas, legumbres, etc.).<\/p>\t\t\t\t\t<\/div>\n\t\t\t\t\t\t<\/div>\n\t\t\t\t<\/div>\n\t\t\t\t\t\t<\/div>\n\t\t\t\t\t<\/div>\n\t\t<\/div>\n\t\t\t\t<div class=\"elementor-column elementor-col-50 elementor-top-column elementor-element elementor-element-585619e5\" data-id=\"585619e5\" data-element_type=\"column\">\n\t\t\t<div class=\"elementor-column-wrap elementor-element-populated\">\n\t\t\t\t\t\t\t<div class=\"elementor-widget-wrap\">\n\t\t\t\t\t\t<div class=\"elementor-element elementor-element-c8b17e8 elementor-aspect-ratio-169 elementor-widget elementor-widget-video\" data-id=\"c8b17e8\" data-element_type=\"widget\" data-settings=\"{&quot;autoplay&quot;:&quot;yes&quot;,&quot;play_on_mobile&quot;:&quot;yes&quot;,&quot;mute&quot;:&quot;yes&quot;,&quot;video_type&quot;:&quot;hosted&quot;,&quot;aspect_ratio&quot;:&quot;169&quot;}\" data-widget_type=\"video.default\">\n\t\t\t\t<div class=\"elementor-widget-container\">\n\t\t\t\t\t<div class=\"e-hosted-video elementor-wrapper elementor-fit-aspect-ratio elementor-open-inline\">\n\t\t\t\t\t<video class=\"elementor-video\" src=\"https:\/\/manisescityofceramics.es\/wp-content\/uploads\/video-manises.mp4\" autoplay=\"\" muted=\"muted\" playsinline=\"\" controlsList=\"nodownload\"><\/video>\n\t\t\t\t<\/div>\n\t\t\t\t<\/div>\n\t\t\t\t<\/div>\n\t\t\t\t\t\t<\/div>\n\t\t\t\t\t<\/div>\n\t\t<\/div>\n\t\t\t\t\t\t\t\t<\/div>\n\t\t\t\t\t<\/div>\n\t\t<\/section>\n\t\t\t\t<section class=\"elementor-section elementor-top-section elementor-element elementor-element-fe587d2 elementor-section-boxed elementor-section-height-default elementor-section-height-default\" data-id=\"fe587d2\" data-element_type=\"section\">\n\t\t\t\t\t\t<div class=\"elementor-container elementor-column-gap-default\">\n\t\t\t\t\t\t\t<div class=\"elementor-row\">\n\t\t\t\t\t<div class=\"elementor-column elementor-col-50 elementor-top-column elementor-element elementor-element-716dd27\" data-id=\"716dd27\" data-element_type=\"column\">\n\t\t\t<div class=\"elementor-column-wrap elementor-element-populated\">\n\t\t\t\t\t\t\t<div class=\"elementor-widget-wrap\">\n\t\t\t\t\t\t<div class=\"elementor-element elementor-element-7e32c41 elementor-widget elementor-widget-image\" data-id=\"7e32c41\" data-element_type=\"widget\" data-widget_type=\"image.default\">\n\t\t\t\t<div class=\"elementor-widget-container\">\n\t\t\t\t\t\t\t\t<div class=\"elementor-image\">\n\t\t\t\t\t\t\t\t\t\t\t\t<img width=\"683\" height=\"1024\" src=\"https:\/\/manisescityofceramics.es\/wp-content\/uploads\/2021\/05\/JAMBAS-683x1024.jpg\" class=\"attachment-large size-large\" alt=\"\" loading=\"lazy\" srcset=\"https:\/\/manisescityofceramics.es\/wp-content\/uploads\/2021\/05\/JAMBAS-683x1024.jpg 683w, https:\/\/manisescityofceramics.es\/wp-content\/uploads\/2021\/05\/JAMBAS-200x300.jpg 200w, https:\/\/manisescityofceramics.es\/wp-content\/uploads\/2021\/05\/JAMBAS-768x1152.jpg 768w, https:\/\/manisescityofceramics.es\/wp-content\/uploads\/2021\/05\/JAMBAS.jpg 852w\" sizes=\"(max-width: 683px) 100vw, 683px\" \/>\t\t\t\t\t\t\t\t\t\t\t\t\t\t<\/div>\n\t\t\t\t\t\t<\/div>\n\t\t\t\t<\/div>\n\t\t\t\t\t\t<\/div>\n\t\t\t\t\t<\/div>\n\t\t<\/div>\n\t\t\t\t<div class=\"elementor-column elementor-col-50 elementor-top-column elementor-element elementor-element-167fb58\" data-id=\"167fb58\" data-element_type=\"column\">\n\t\t\t<div class=\"elementor-column-wrap elementor-element-populated\">\n\t\t\t\t\t\t\t<div class=\"elementor-widget-wrap\">\n\t\t\t\t\t\t<div class=\"elementor-element elementor-element-6362706 elementor-widget elementor-widget-text-editor\" data-id=\"6362706\" data-element_type=\"widget\" data-widget_type=\"text-editor.default\">\n\t\t\t\t<div class=\"elementor-widget-container\">\n\t\t\t\t\t\t\t\t<div class=\"elementor-text-editor elementor-clearfix\">\n\t\t\t\t<p>A nivel internacional, Manises forma parte de varias redes internacionales que se ocupan de cuestiones cer\u00e1micas como la RUTA EUROPEA DE LA CER\u00c1MICA del Consejo de Europa, la AGRUPACI\u00d3N EUROPEA DE COOPERACI\u00d3N TERRITORIAL CIUDADES DE CER\u00c1MICA (AeuCC), creada dentro de la Uni\u00f3n Europea y a la que est\u00e1n afiliadas 120 ciudades, con Manises actualmente ocupa la presidencia, y la ACADEMIA INTERNACIONAL INTERNACIONAL DE CER\u00c1MICA, adscrita a la UNESCO, que es la principal organizaci\u00f3n que representa los intereses de los ceramistas a nivel mundial, y en la que actualmente se incluye a Manises.\u00a0<\/p><p>En otros \u00e1mbitos, Manises forma parte de la ALIANZA MUNDIAL DE CIUDADES CONTRA LA POBREZA, formada por iniciativa del Programa de las Naciones Unidas para el Desarrollo (PNUD) que promueve el intercambio de experiencias, fortalece la capacidad local y la cooperaci\u00f3n ciudad a ciudad en la lucha contra la pobreza y de la RED INTERNACIONAL DE HOSPITALES Y SERVICIOS DE SALUD PROMOTORES DE LA SALUD, creada por la Organizaci\u00f3n Mundial de la Salud (OMS) para promover la salud en la poblaci\u00f3n y la sostenibilidad ambiental desde las propias instituciones de salud. Asimismo, Manises es miembro de la RED ESPA\u00d1OLA DE MUNICIPIOS DE ALOJAMIENTO DE REFUGIADOS que facilita el proceso de acogida y ayuda a la integraci\u00f3n de las personas desplazadas.<\/p><p>Adicionalmente, el municipio forma parte de las dos alianzas regionales: una es la ALIANZA DE CIUDADES PARA EL DESARROLLO SOSTENIBLE, antes mencionada, y la RED DE MUNICIPIOS DE LUCHA CONTRA LA VIOLENCIA DE G\u00c9NERO.<\/p>\t\t\t\t\t<\/div>\n\t\t\t\t\t\t<\/div>\n\t\t\t\t<\/div>\n\t\t\t\t\t\t<\/div>\n\t\t\t\t\t<\/div>\n\t\t<\/div>\n\t\t\t\t\t\t\t\t<\/div>\n\t\t\t\t\t<\/div>\n\t\t<\/section>\n\t\t\t\t\t\t\t\t\t<\/div>\n\t\t\t<\/div>\n\t\t\t\t\t<\/div>\n\t\t","protected":false},"excerpt":{"rendered":"<p>Territorio y paisaje Manises es una localidad mediterr\u00e1nea ubicada en el \u00e1rea metropolitana de Val\u00e8ncia (Espa\u00f1a), a 8 km al NO de la ciudad. Este municipio (21 km2) se encuentra &hellip;<\/p>\n<p class=\"read-more\"> <a class=\"\" href=\"https:\/\/manisescityofceramics.es\/ca\/territori-i-paisatge\/\"> <span class=\"screen-reader-text\">Territori i paisatge<\/span> Llegeix m\u00e9s &raquo;<\/a><\/p>\n","protected":false},"author":2,"featured_media":0,"parent":0,"menu_order":0,"comment_status":"closed","ping_status":"closed","template":"","meta":{"_monsterinsights_skip_tracking":false,"_monsterinsights_sitenote_active":false,"_monsterinsights_sitenote_note":"","_monsterinsights_sitenote_category":0},"yoast_head":"<!-- This site is optimized with the Yoast SEO plugin v16.5 - https:\/\/yoast.com\/wordpress\/plugins\/seo\/ -->\r\n<title>Territori i paisatge - Manises<\/title>\r\n<meta name=\"robots\" content=\"index, follow, max-snippet:-1, max-image-preview:large, max-video-preview:-1\" \/>\r\n<link rel=\"canonical\" href=\"https:\/\/manisescityofceramics.es\/ca\/territori-i-paisatge\/\" \/>\r\n<meta property=\"og:locale\" content=\"ca_ES\" \/>\r\n<meta property=\"og:type\" content=\"article\" \/>\r\n<meta property=\"og:title\" content=\"Territori i paisatge - Manises\" \/>\r\n<meta property=\"og:description\" content=\"Territorio y paisaje Manises es una localidad mediterr\u00e1nea ubicada en el \u00e1rea metropolitana de Val\u00e8ncia (Espa\u00f1a), a 8 km al NO de la ciudad. Este municipio (21 km2) se encuentra &hellip; Territori i paisatge Llegeix m\u00e9s &raquo;\" \/>\r\n<meta property=\"og:url\" content=\"https:\/\/manisescityofceramics.es\/ca\/territori-i-paisatge\/\" \/>\r\n<meta property=\"og:site_name\" content=\"Manises\" \/>\r\n<meta property=\"article:modified_time\" content=\"2021-05-27T18:28:50+00:00\" \/>\r\n<meta property=\"og:image\" content=\"https:\/\/manisescityofceramics.es\/wp-content\/uploads\/2021\/05\/JAMBAS-683x1024.jpg\" \/>\r\n<meta name=\"twitter:card\" content=\"summary_large_image\" \/>\r\n<meta name=\"twitter:label1\" content=\"Temps estimat de lectura\" \/>\n\t<meta name=\"twitter:data1\" content=\"2 minuts\" \/>\r\n<script type=\"application\/ld+json\" class=\"yoast-schema-graph\">{\"@context\":\"https:\/\/schema.org\",\"@graph\":[{\"@type\":\"WebSite\",\"@id\":\"https:\/\/manisescityofceramics.es\/#website\",\"url\":\"https:\/\/manisescityofceramics.es\/\",\"name\":\"Manises\",\"description\":\"\",\"potentialAction\":[{\"@type\":\"SearchAction\",\"target\":\"https:\/\/manisescityofceramics.es\/?s={search_term_string}\",\"query-input\":\"required name=search_term_string\"}],\"inLanguage\":\"ca\"},{\"@type\":\"ImageObject\",\"@id\":\"https:\/\/manisescityofceramics.es\/ca\/territori-i-paisatge\/#primaryimage\",\"inLanguage\":\"ca\",\"url\":\"https:\/\/manisescityofceramics.es\/wp-content\/uploads\/2021\/05\/JAMBAS.jpg\",\"contentUrl\":\"https:\/\/manisescityofceramics.es\/wp-content\/uploads\/2021\/05\/JAMBAS.jpg\",\"width\":852,\"height\":1278},{\"@type\":\"WebPage\",\"@id\":\"https:\/\/manisescityofceramics.es\/ca\/territori-i-paisatge\/#webpage\",\"url\":\"https:\/\/manisescityofceramics.es\/ca\/territori-i-paisatge\/\",\"name\":\"Territori i paisatge - Manises\",\"isPartOf\":{\"@id\":\"https:\/\/manisescityofceramics.es\/#website\"},\"primaryImageOfPage\":{\"@id\":\"https:\/\/manisescityofceramics.es\/ca\/territori-i-paisatge\/#primaryimage\"},\"datePublished\":\"2021-05-14T10:26:56+00:00\",\"dateModified\":\"2021-05-27T18:28:50+00:00\",\"breadcrumb\":{\"@id\":\"https:\/\/manisescityofceramics.es\/ca\/territori-i-paisatge\/#breadcrumb\"},\"inLanguage\":\"ca\",\"potentialAction\":[{\"@type\":\"ReadAction\",\"target\":[\"https:\/\/manisescityofceramics.es\/ca\/territori-i-paisatge\/\"]}]},{\"@type\":\"BreadcrumbList\",\"@id\":\"https:\/\/manisescityofceramics.es\/ca\/territori-i-paisatge\/#breadcrumb\",\"itemListElement\":[{\"@type\":\"ListItem\",\"position\":1,\"name\":\"Inicio\",\"item\":\"https:\/\/manisescityofceramics.es\/ca\/\"},{\"@type\":\"ListItem\",\"position\":2,\"name\":\"Territori i paisatge\"}]}]}<\/script>\r\n<!-- \/ Yoast SEO plugin. -->","_links":{"self":[{"href":"https:\/\/manisescityofceramics.es\/ca\/wp-json\/wp\/v2\/pages\/7324"}],"collection":[{"href":"https:\/\/manisescityofceramics.es\/ca\/wp-json\/wp\/v2\/pages"}],"about":[{"href":"https:\/\/manisescityofceramics.es\/ca\/wp-json\/wp\/v2\/types\/page"}],"author":[{"embeddable":true,"href":"https:\/\/manisescityofceramics.es\/ca\/wp-json\/wp\/v2\/users\/2"}],"replies":[{"embeddable":true,"href":"https:\/\/manisescityofceramics.es\/ca\/wp-json\/wp\/v2\/comments?post=7324"}],"version-history":[{"count":39,"href":"https:\/\/manisescityofceramics.es\/ca\/wp-json\/wp\/v2\/pages\/7324\/revisions"}],"predecessor-version":[{"id":8245,"href":"https:\/\/manisescityofceramics.es\/ca\/wp-json\/wp\/v2\/pages\/7324\/revisions\/8245"}],"wp:attachment":[{"href":"https:\/\/manisescityofceramics.es\/ca\/wp-json\/wp\/v2\/media?parent=7324"}],"curies":[{"name":"wp","href":"https:\/\/api.w.org\/{rel}","templated":true}]}}