{"id":7208,"date":"2021-05-10T07:25:12","date_gmt":"2021-05-10T07:25:12","guid":{"rendered":"http:\/\/95.39.50.142\/intercambio-academico\/"},"modified":"2021-05-10T08:08:37","modified_gmt":"2021-05-10T08:08:37","slug":"intercanvi-academic","status":"publish","type":"page","link":"https:\/\/manisescityofceramics.es\/ca\/intercanvi-academic\/","title":{"rendered":"Intercanvi Acad\u00e8mic"},"content":{"rendered":"\t\t<div data-elementor-type=\"wp-page\" data-elementor-id=\"7208\" class=\"elementor elementor-7208 elementor-7186\">\n\t\t\t\t\t\t<div class=\"elementor-inner\">\n\t\t\t\t<div class=\"elementor-section-wrap\">\n\t\t\t\t\t\t\t\t\t<section class=\"elementor-section elementor-top-section elementor-element elementor-element-1d2aa93 elementor-section-content-middle elementor-section-height-min-height elementor-section-boxed elementor-section-height-default elementor-section-items-middle\" data-id=\"1d2aa93\" data-element_type=\"section\" data-settings=\"{&quot;background_background&quot;:&quot;classic&quot;}\">\n\t\t\t\t\t\t\t<div class=\"elementor-background-overlay\"><\/div>\n\t\t\t\t\t\t\t<div class=\"elementor-container elementor-column-gap-no\">\n\t\t\t\t\t\t\t<div class=\"elementor-row\">\n\t\t\t\t\t<div class=\"elementor-column elementor-col-100 elementor-top-column elementor-element elementor-element-005c677\" data-id=\"005c677\" data-element_type=\"column\">\n\t\t\t<div class=\"elementor-column-wrap elementor-element-populated\">\n\t\t\t\t\t\t\t<div class=\"elementor-widget-wrap\">\n\t\t\t\t\t\t<div class=\"elementor-element elementor-element-662832f elementor-widget elementor-widget-heading\" data-id=\"662832f\" data-element_type=\"widget\" data-widget_type=\"heading.default\">\n\t\t\t\t<div class=\"elementor-widget-container\">\n\t\t\t<h1 class=\"elementor-heading-title elementor-size-default\">Intercanvi <br>Acad\u00e8mic<\/h1>\t\t<\/div>\n\t\t\t\t<\/div>\n\t\t\t\t\t\t<\/div>\n\t\t\t\t\t<\/div>\n\t\t<\/div>\n\t\t\t\t\t\t\t\t<\/div>\n\t\t\t\t\t<\/div>\n\t\t<\/section>\n\t\t\t\t<section class=\"elementor-section elementor-top-section elementor-element elementor-element-db83ab0 elementor-section-boxed elementor-section-height-default elementor-section-height-default\" data-id=\"db83ab0\" data-element_type=\"section\">\n\t\t\t\t\t\t<div class=\"elementor-container elementor-column-gap-default\">\n\t\t\t\t\t\t\t<div class=\"elementor-row\">\n\t\t\t\t\t<div class=\"elementor-column elementor-col-100 elementor-top-column elementor-element elementor-element-12dbdf3\" data-id=\"12dbdf3\" data-element_type=\"column\">\n\t\t\t<div class=\"elementor-column-wrap elementor-element-populated\">\n\t\t\t\t\t\t\t<div class=\"elementor-widget-wrap\">\n\t\t\t\t\t\t<section class=\"elementor-section elementor-inner-section elementor-element elementor-element-2ddc29c elementor-section-boxed elementor-section-height-default elementor-section-height-default\" data-id=\"2ddc29c\" data-element_type=\"section\">\n\t\t\t\t\t\t<div class=\"elementor-container elementor-column-gap-default\">\n\t\t\t\t\t\t\t<div class=\"elementor-row\">\n\t\t\t\t\t<div class=\"elementor-column elementor-col-50 elementor-inner-column elementor-element elementor-element-9d59881\" data-id=\"9d59881\" data-element_type=\"column\">\n\t\t\t<div class=\"elementor-column-wrap elementor-element-populated\">\n\t\t\t\t\t\t\t<div class=\"elementor-widget-wrap\">\n\t\t\t\t\t\t<div class=\"elementor-element elementor-element-095e841 elementor-widget elementor-widget-heading\" data-id=\"095e841\" data-element_type=\"widget\" data-widget_type=\"heading.default\">\n\t\t\t\t<div class=\"elementor-widget-container\">\n\t\t\t<h2 class=\"elementor-heading-title elementor-size-default\"><span style=\"color: #cc6633;font-weight:500;\">IES <\/span> Jos\u00e9 Rodrigo Botet<\/h2>\t\t<\/div>\n\t\t\t\t<\/div>\n\t\t\t\t<div class=\"elementor-element elementor-element-e56e54e elementor-widget elementor-widget-text-editor\" data-id=\"e56e54e\" data-element_type=\"widget\" data-widget_type=\"text-editor.default\">\n\t\t\t\t<div class=\"elementor-widget-container\">\n\t\t\t\t\t\t\t\t<div class=\"elementor-text-editor elementor-clearfix\">\n\t\t\t\t<p>Des de fa m\u00e9s de 15 anys, l\u2019<strong>IES<\/strong> <strong>Jos\u00e9 Rodrigo Botet<\/strong> ha apostat per impulsar la visi\u00f3 europea del centre per mitj\u00e0 de projectes internacionals en els quals sempre \u00e9s prioritari donar a con\u00e9ixer la ciutat.<\/p><p>Aix\u00ed, aquest centre educatiu, en el marc del projecte Erasmus \u201cCreuant fronteres amb l\u2019art i la tecnologia\u201d (2017-19), va desenvolupar un programa d\u2019activitats vinculades amb la cer\u00e0mica per donar a con\u00e9ixer els senyals d\u2019identitat de la localitat. Entre d\u2019altres, destaquen un taller de cer\u00e0mica a l\u2019Escola d\u2019Arts, la visita tant al Museu de la cer\u00e0mica com a una ind\u00fastria ceramista o diverses presentacions de l\u2019origen i la hist\u00f2ria de les diverses t\u00e8cniques i tradicions art\u00edstiques de Manises, a m\u00e9s de visites guiades per a donar a con\u00e9ixer la bellesa intr\u00ednseca de la cer\u00e0mica present en els seus carrers.<\/p><p>Aquest projecte permet combinar i continuar treballant, tant des del punt de vista acad\u00e8mic com social, una de les prioritats del centre, que \u00e9s lluitar contra el frac\u00e0s escolar i les desigualtats refor\u00e7ant la inclusi\u00f3 social i fomentant els valors de di\u00e0leg i la conviv\u00e8ncia pac\u00edfica a Europa i al m\u00f3n.<\/p>\t\t\t\t\t<\/div>\n\t\t\t\t\t\t<\/div>\n\t\t\t\t<\/div>\n\t\t\t\t\t\t<\/div>\n\t\t\t\t\t<\/div>\n\t\t<\/div>\n\t\t\t\t<div class=\"elementor-column elementor-col-50 elementor-inner-column elementor-element elementor-element-0437f3d\" data-id=\"0437f3d\" data-element_type=\"column\">\n\t\t\t<div class=\"elementor-column-wrap elementor-element-populated\">\n\t\t\t\t\t\t\t<div class=\"elementor-widget-wrap\">\n\t\t\t\t\t\t<div class=\"elementor-element elementor-element-067f89c elementor-widget elementor-widget-image\" data-id=\"067f89c\" data-element_type=\"widget\" data-widget_type=\"image.default\">\n\t\t\t\t<div class=\"elementor-widget-container\">\n\t\t\t\t\t\t\t\t<div class=\"elementor-image\">\n\t\t\t\t\t\t\t\t\t\t\t\t<img width=\"393\" height=\"575\" src=\"https:\/\/manisescityofceramics.es\/wp-content\/uploads\/2021\/04\/el-otro-erasmus-rodrigo-botet.jpg\" class=\"attachment-large size-large\" alt=\"\" loading=\"lazy\" srcset=\"https:\/\/manisescityofceramics.es\/wp-content\/uploads\/2021\/04\/el-otro-erasmus-rodrigo-botet.jpg 393w, https:\/\/manisescityofceramics.es\/wp-content\/uploads\/2021\/04\/el-otro-erasmus-rodrigo-botet-205x300.jpg 205w\" sizes=\"(max-width: 393px) 100vw, 393px\" \/>\t\t\t\t\t\t\t\t\t\t\t\t\t\t<\/div>\n\t\t\t\t\t\t<\/div>\n\t\t\t\t<\/div>\n\t\t\t\t\t\t<\/div>\n\t\t\t\t\t<\/div>\n\t\t<\/div>\n\t\t\t\t\t\t\t\t<\/div>\n\t\t\t\t\t<\/div>\n\t\t<\/section>\n\t\t\t\t\t\t<\/div>\n\t\t\t\t\t<\/div>\n\t\t<\/div>\n\t\t\t\t\t\t\t\t<\/div>\n\t\t\t\t\t<\/div>\n\t\t<\/section>\n\t\t\t\t<section class=\"elementor-section elementor-top-section elementor-element elementor-element-46e4393 elementor-section-boxed elementor-section-height-default elementor-section-height-default\" data-id=\"46e4393\" data-element_type=\"section\" data-settings=\"{&quot;background_background&quot;:&quot;classic&quot;}\">\n\t\t\t\t\t\t<div class=\"elementor-container elementor-column-gap-default\">\n\t\t\t\t\t\t\t<div class=\"elementor-row\">\n\t\t\t\t\t<div class=\"elementor-column elementor-col-100 elementor-top-column elementor-element elementor-element-24a3d45\" data-id=\"24a3d45\" data-element_type=\"column\">\n\t\t\t<div class=\"elementor-column-wrap elementor-element-populated\">\n\t\t\t\t\t\t\t<div class=\"elementor-widget-wrap\">\n\t\t\t\t\t\t<section class=\"elementor-section elementor-inner-section elementor-element elementor-element-e34da30 elementor-section-boxed elementor-section-height-default elementor-section-height-default\" data-id=\"e34da30\" data-element_type=\"section\">\n\t\t\t\t\t\t<div class=\"elementor-container elementor-column-gap-default\">\n\t\t\t\t\t\t\t<div class=\"elementor-row\">\n\t\t\t\t\t<div class=\"elementor-column elementor-col-100 elementor-inner-column elementor-element elementor-element-8210d68\" data-id=\"8210d68\" data-element_type=\"column\">\n\t\t\t<div class=\"elementor-column-wrap elementor-element-populated\">\n\t\t\t\t\t\t\t<div class=\"elementor-widget-wrap\">\n\t\t\t\t\t\t<div class=\"elementor-element elementor-element-db8c637 elementor-widget elementor-widget-heading\" data-id=\"db8c637\" data-element_type=\"widget\" data-widget_type=\"heading.default\">\n\t\t\t\t<div class=\"elementor-widget-container\">\n\t\t\t<h2 class=\"elementor-heading-title elementor-size-default\"><span style=\"color: #cc6633;font-weight:500;\">I.E.S. <\/span> Pere Bo\u00efl<\/h2>\t\t<\/div>\n\t\t\t\t<\/div>\n\t\t\t\t<div class=\"elementor-element elementor-element-07e4f0b elementor-widget elementor-widget-text-editor\" data-id=\"07e4f0b\" data-element_type=\"widget\" data-widget_type=\"text-editor.default\">\n\t\t\t\t<div class=\"elementor-widget-container\">\n\t\t\t\t\t\t\t\t<div class=\"elementor-text-editor elementor-clearfix\">\n\t\t\t\t<p>L\u2019Institut d\u2019Educaci\u00f3 Secund\u00e0ria Pere Bo\u00efl t\u00e9 clara la seua vocaci\u00f3 internacional, i n\u2019\u00e9s una prova la participaci\u00f3 en diversos programes internacionals com ara Commenius, Erasmus, Leonardo da Vinci, Grundtvig o Jean Monnet, dirigits a tots els nivells educatius, des de l\u2019etapa infantil fins a l\u2019educaci\u00f3 d\u2019adults passant per les etapes de prim\u00e0ria, secund\u00e0ria i la formaci\u00f3 professional. A m\u00e9s, aquest centre de formaci\u00f3 aposta per facilitar l\u2019intercanvi, la cooperaci\u00f3 i la mobilitat entre els sistemes d\u2019educaci\u00f3 i formaci\u00f3 dels pa\u00efsos europeus.\u00a0<\/p><p>La formaci\u00f3 en cer\u00e0mica est\u00e0 present en el marc del programa Commenius, que t\u00e9 per objectiu con\u00e9ixer els lla\u00e7os d\u2019uni\u00f3 a trav\u00e9s de la cer\u00e0mica com a expressi\u00f3 art\u00edstica, hist\u00f2rica, econ\u00f2mica i comercial. En concret, aquest programa se centra a investigar les petjades de la cer\u00e0mica de reflex met\u00e0l\u00b7lic i la decorada en blau entre els segles XV i XVI escampades per Europa, i que van donar fama europea a la producci\u00f3 cer\u00e0mica de la ciutat de Manises, que era sol\u00b7licitada per pr\u00ednceps i pont\u00edfexs. En aquest projecte participen, a m\u00e9s de l\u2019IES Pere Bo\u00efl de Manises, els instituts Grotius College de Delft, Holanda, i Liceo Scientifico Ettore Majorana de Scordia, It\u00e0lia.<\/p>\t\t\t\t\t<\/div>\n\t\t\t\t\t\t<\/div>\n\t\t\t\t<\/div>\n\t\t\t\t\t\t<\/div>\n\t\t\t\t\t<\/div>\n\t\t<\/div>\n\t\t\t\t\t\t\t\t<\/div>\n\t\t\t\t\t<\/div>\n\t\t<\/section>\n\t\t\t\t\t\t<\/div>\n\t\t\t\t\t<\/div>\n\t\t<\/div>\n\t\t\t\t\t\t\t\t<\/div>\n\t\t\t\t\t<\/div>\n\t\t<\/section>\n\t\t\t\t\t\t\t\t\t<\/div>\n\t\t\t<\/div>\n\t\t\t\t\t<\/div>\n\t\t","protected":false},"excerpt":{"rendered":"<p>Intercanvi Acad\u00e8mic IES Jos\u00e9 Rodrigo Botet Des de fa m\u00e9s de 15 anys, l\u2019IES Jos\u00e9 Rodrigo Botet ha apostat per impulsar la visi\u00f3 europea del centre per mitj\u00e0 de projectes &hellip;<\/p>\n<p class=\"read-more\"> <a class=\"\" href=\"https:\/\/manisescityofceramics.es\/ca\/intercanvi-academic\/\"> <span class=\"screen-reader-text\">Intercanvi Acad\u00e8mic<\/span> Llegeix m\u00e9s &raquo;<\/a><\/p>\n","protected":false},"author":2,"featured_media":0,"parent":0,"menu_order":0,"comment_status":"closed","ping_status":"closed","template":"","meta":{"_monsterinsights_skip_tracking":false,"_monsterinsights_sitenote_active":false,"_monsterinsights_sitenote_note":"","_monsterinsights_sitenote_category":0},"yoast_head":"<!-- This site is optimized with the Yoast SEO plugin v16.5 - https:\/\/yoast.com\/wordpress\/plugins\/seo\/ -->\r\n<title>Intercanvi Acad\u00e8mic - Manises<\/title>\r\n<meta name=\"robots\" content=\"index, follow, max-snippet:-1, max-image-preview:large, max-video-preview:-1\" \/>\r\n<link rel=\"canonical\" href=\"https:\/\/manisescityofceramics.es\/ca\/intercanvi-academic\/\" \/>\r\n<meta property=\"og:locale\" content=\"ca_ES\" \/>\r\n<meta property=\"og:type\" content=\"article\" \/>\r\n<meta property=\"og:title\" content=\"Intercanvi Acad\u00e8mic - Manises\" \/>\r\n<meta property=\"og:description\" content=\"Intercanvi Acad\u00e8mic IES Jos\u00e9 Rodrigo Botet Des de fa m\u00e9s de 15 anys, l\u2019IES Jos\u00e9 Rodrigo Botet ha apostat per impulsar la visi\u00f3 europea del centre per mitj\u00e0 de projectes &hellip; Intercanvi Acad\u00e8mic Llegeix m\u00e9s &raquo;\" \/>\r\n<meta property=\"og:url\" content=\"https:\/\/manisescityofceramics.es\/ca\/intercanvi-academic\/\" \/>\r\n<meta property=\"og:site_name\" content=\"Manises\" \/>\r\n<meta property=\"article:modified_time\" content=\"2021-05-10T08:08:37+00:00\" \/>\r\n<meta property=\"og:image\" content=\"https:\/\/manisescityofceramics.es\/wp-content\/uploads\/2021\/04\/el-otro-erasmus-rodrigo-botet.jpg\" \/>\r\n<meta name=\"twitter:card\" content=\"summary_large_image\" \/>\r\n<meta name=\"twitter:label1\" content=\"Temps estimat de lectura\" \/>\n\t<meta name=\"twitter:data1\" content=\"2 minuts\" \/>\r\n<script type=\"application\/ld+json\" class=\"yoast-schema-graph\">{\"@context\":\"https:\/\/schema.org\",\"@graph\":[{\"@type\":\"WebSite\",\"@id\":\"https:\/\/manisescityofceramics.es\/#website\",\"url\":\"https:\/\/manisescityofceramics.es\/\",\"name\":\"Manises\",\"description\":\"\",\"potentialAction\":[{\"@type\":\"SearchAction\",\"target\":\"https:\/\/manisescityofceramics.es\/?s={search_term_string}\",\"query-input\":\"required name=search_term_string\"}],\"inLanguage\":\"ca\"},{\"@type\":\"ImageObject\",\"@id\":\"https:\/\/manisescityofceramics.es\/ca\/intercanvi-academic\/#primaryimage\",\"inLanguage\":\"ca\",\"url\":\"https:\/\/manisescityofceramics.es\/wp-content\/uploads\/2021\/04\/el-otro-erasmus-rodrigo-botet.jpg\",\"contentUrl\":\"https:\/\/manisescityofceramics.es\/wp-content\/uploads\/2021\/04\/el-otro-erasmus-rodrigo-botet.jpg\",\"width\":393,\"height\":575},{\"@type\":\"WebPage\",\"@id\":\"https:\/\/manisescityofceramics.es\/ca\/intercanvi-academic\/#webpage\",\"url\":\"https:\/\/manisescityofceramics.es\/ca\/intercanvi-academic\/\",\"name\":\"Intercanvi Acad\\u00e8mic - Manises\",\"isPartOf\":{\"@id\":\"https:\/\/manisescityofceramics.es\/#website\"},\"primaryImageOfPage\":{\"@id\":\"https:\/\/manisescityofceramics.es\/ca\/intercanvi-academic\/#primaryimage\"},\"datePublished\":\"2021-05-10T07:25:12+00:00\",\"dateModified\":\"2021-05-10T08:08:37+00:00\",\"breadcrumb\":{\"@id\":\"https:\/\/manisescityofceramics.es\/ca\/intercanvi-academic\/#breadcrumb\"},\"inLanguage\":\"ca\",\"potentialAction\":[{\"@type\":\"ReadAction\",\"target\":[\"https:\/\/manisescityofceramics.es\/ca\/intercanvi-academic\/\"]}]},{\"@type\":\"BreadcrumbList\",\"@id\":\"https:\/\/manisescityofceramics.es\/ca\/intercanvi-academic\/#breadcrumb\",\"itemListElement\":[{\"@type\":\"ListItem\",\"position\":1,\"name\":\"Inicio\",\"item\":\"https:\/\/manisescityofceramics.es\/ca\/\"},{\"@type\":\"ListItem\",\"position\":2,\"name\":\"Intercanvi Acad\\u00e8mic\"}]}]}<\/script>\r\n<!-- \/ Yoast SEO plugin. -->","_links":{"self":[{"href":"https:\/\/manisescityofceramics.es\/ca\/wp-json\/wp\/v2\/pages\/7208"}],"collection":[{"href":"https:\/\/manisescityofceramics.es\/ca\/wp-json\/wp\/v2\/pages"}],"about":[{"href":"https:\/\/manisescityofceramics.es\/ca\/wp-json\/wp\/v2\/types\/page"}],"author":[{"embeddable":true,"href":"https:\/\/manisescityofceramics.es\/ca\/wp-json\/wp\/v2\/users\/2"}],"replies":[{"embeddable":true,"href":"https:\/\/manisescityofceramics.es\/ca\/wp-json\/wp\/v2\/comments?post=7208"}],"version-history":[{"count":4,"href":"https:\/\/manisescityofceramics.es\/ca\/wp-json\/wp\/v2\/pages\/7208\/revisions"}],"predecessor-version":[{"id":7215,"href":"https:\/\/manisescityofceramics.es\/ca\/wp-json\/wp\/v2\/pages\/7208\/revisions\/7215"}],"wp:attachment":[{"href":"https:\/\/manisescityofceramics.es\/ca\/wp-json\/wp\/v2\/media?parent=7208"}],"curies":[{"name":"wp","href":"https:\/\/api.w.org\/{rel}","templated":true}]}}