{"id":6305,"date":"2021-03-22T14:00:18","date_gmt":"2021-03-22T14:00:18","guid":{"rendered":"http:\/\/95.39.50.142\/la-ceramica-de-reflejo-metalico\/"},"modified":"2021-05-18T12:40:10","modified_gmt":"2021-05-18T12:40:10","slug":"la-ceramica-de-reflex-metallic","status":"publish","type":"page","link":"https:\/\/manisescityofceramics.es\/ca\/la-ceramica-de-reflex-metallic\/","title":{"rendered":"La cer\u00e0mica de reflex met\u00e0l\u00b7lic"},"content":{"rendered":"\t\t<div data-elementor-type=\"wp-page\" data-elementor-id=\"6305\" class=\"elementor elementor-6305 elementor-6271\">\n\t\t\t\t\t\t<div class=\"elementor-inner\">\n\t\t\t\t<div class=\"elementor-section-wrap\">\n\t\t\t\t\t\t\t\t\t<section class=\"elementor-section elementor-top-section elementor-element elementor-element-29327b8f elementor-section-content-middle elementor-section-height-min-height elementor-section-boxed elementor-section-height-default elementor-section-items-middle\" data-id=\"29327b8f\" data-element_type=\"section\" data-settings=\"{&quot;background_background&quot;:&quot;classic&quot;}\">\n\t\t\t\t\t\t\t<div class=\"elementor-background-overlay\"><\/div>\n\t\t\t\t\t\t\t<div class=\"elementor-container elementor-column-gap-no\">\n\t\t\t\t\t\t\t<div class=\"elementor-row\">\n\t\t\t\t\t<div class=\"elementor-column elementor-col-100 elementor-top-column elementor-element elementor-element-42772659\" data-id=\"42772659\" data-element_type=\"column\">\n\t\t\t<div class=\"elementor-column-wrap elementor-element-populated\">\n\t\t\t\t\t\t\t<div class=\"elementor-widget-wrap\">\n\t\t\t\t\t\t<div class=\"elementor-element elementor-element-5d21b188 elementor-widget elementor-widget-heading\" data-id=\"5d21b188\" data-element_type=\"widget\" data-widget_type=\"heading.default\">\n\t\t\t\t<div class=\"elementor-widget-container\">\n\t\t\t<h1 class=\"elementor-heading-title elementor-size-default\">La cer\u00e0mica de<br> reflex met\u00e0l\u00b7lic<\/h1>\t\t<\/div>\n\t\t\t\t<\/div>\n\t\t\t\t\t\t<\/div>\n\t\t\t\t\t<\/div>\n\t\t<\/div>\n\t\t\t\t\t\t\t\t<\/div>\n\t\t\t\t\t<\/div>\n\t\t<\/section>\n\t\t\t\t<section class=\"elementor-section elementor-top-section elementor-element elementor-element-59bd9142 elementor-section-boxed elementor-section-height-default elementor-section-height-default\" data-id=\"59bd9142\" data-element_type=\"section\">\n\t\t\t\t\t\t<div class=\"elementor-container elementor-column-gap-default\">\n\t\t\t\t\t\t\t<div class=\"elementor-row\">\n\t\t\t\t\t<div class=\"elementor-column elementor-col-50 elementor-top-column elementor-element elementor-element-3236d0b3\" data-id=\"3236d0b3\" data-element_type=\"column\">\n\t\t\t<div class=\"elementor-column-wrap elementor-element-populated\">\n\t\t\t\t\t\t\t<div class=\"elementor-widget-wrap\">\n\t\t\t\t\t\t<div class=\"elementor-element elementor-element-67f2bfb9 elementor-widget elementor-widget-heading\" data-id=\"67f2bfb9\" data-element_type=\"widget\" data-widget_type=\"heading.default\">\n\t\t\t\t<div class=\"elementor-widget-container\">\n\t\t\t<h2 class=\"elementor-heading-title elementor-size-default\"><span style=\"color: #cc6633;font-weight:500;\">El reflex <\/span>  met\u00e0l\u00b7lic <\/h2>\t\t<\/div>\n\t\t\t\t<\/div>\n\t\t\t\t<div class=\"elementor-element elementor-element-14e7f824 elementor-widget elementor-widget-text-editor\" data-id=\"14e7f824\" data-element_type=\"widget\" data-widget_type=\"text-editor.default\">\n\t\t\t\t<div class=\"elementor-widget-container\">\n\t\t\t\t\t\t\t\t<div class=\"elementor-text-editor elementor-clearfix\">\n\t\t\t\tEl reflex met\u00e0l\u00b7lic \u00e9s una t\u00e8cnica cer\u00e0mica que es fabrica a Manises des del segle XIV. Les primeres refer\u00e8ncies escrites que en coneixem (1326) la descriuen com opus aureum; \u00e9s a dir, \u2018obra daurada\u2019. Va gaudir d\u2019un ampli reconeixement en l\u2019\u00e0mbit europeu, ja que el llibre de Francesc Eiximenis Regiment de la Cosa Publica (1383), que glossa les meravelles de Val\u00e8ncia, esmenta: \u00abMes sobretot \u00e9s la bellesa de l\u2019obra de Manises, daurada i magistralment pintada, que ja a tot el m\u00f3n ha enamorat, en tant que el papa, els cardenals i els pr\u00ednceps del m\u00f3n, per l\u2019especial gr\u00e0cia, la requereixen i es meravellen que de terra es puga fer una obra aix\u00ed d\u2019excel\u00b7lent i noble\u00bb.   \t\t\t\t\t<\/div>\n\t\t\t\t\t\t<\/div>\n\t\t\t\t<\/div>\n\t\t\t\t\t\t<\/div>\n\t\t\t\t\t<\/div>\n\t\t<\/div>\n\t\t\t\t<div class=\"elementor-column elementor-col-50 elementor-top-column elementor-element elementor-element-1357e3e4\" data-id=\"1357e3e4\" data-element_type=\"column\">\n\t\t\t<div class=\"elementor-column-wrap elementor-element-populated\">\n\t\t\t\t\t\t\t<div class=\"elementor-widget-wrap\">\n\t\t\t\t\t\t<div class=\"elementor-element elementor-element-b1cf3e9 elementor-widget elementor-widget-image\" data-id=\"b1cf3e9\" data-element_type=\"widget\" data-widget_type=\"image.default\">\n\t\t\t\t<div class=\"elementor-widget-container\">\n\t\t\t\t\t\t\t\t<div class=\"elementor-image\">\n\t\t\t\t\t\t\t\t\t\t\t\t<img width=\"1024\" height=\"683\" src=\"https:\/\/manisescityofceramics.es\/wp-content\/uploads\/2021\/05\/reflejo-ceramico5-1024x683.jpg\" class=\"attachment-large size-large\" alt=\"\" loading=\"lazy\" srcset=\"https:\/\/manisescityofceramics.es\/wp-content\/uploads\/2021\/05\/reflejo-ceramico5-1024x683.jpg 1024w, https:\/\/manisescityofceramics.es\/wp-content\/uploads\/2021\/05\/reflejo-ceramico5-300x200.jpg 300w, https:\/\/manisescityofceramics.es\/wp-content\/uploads\/2021\/05\/reflejo-ceramico5-768x512.jpg 768w, https:\/\/manisescityofceramics.es\/wp-content\/uploads\/2021\/05\/reflejo-ceramico5.jpg 1200w\" sizes=\"(max-width: 1024px) 100vw, 1024px\" \/>\t\t\t\t\t\t\t\t\t\t\t\t\t\t<\/div>\n\t\t\t\t\t\t<\/div>\n\t\t\t\t<\/div>\n\t\t\t\t\t\t<\/div>\n\t\t\t\t\t<\/div>\n\t\t<\/div>\n\t\t\t\t\t\t\t\t<\/div>\n\t\t\t\t\t<\/div>\n\t\t<\/section>\n\t\t\t\t<section class=\"elementor-section elementor-top-section elementor-element elementor-element-0a62e6b elementor-reverse-tablet elementor-reverse-mobile elementor-section-boxed elementor-section-height-default elementor-section-height-default\" data-id=\"0a62e6b\" data-element_type=\"section\">\n\t\t\t\t\t\t<div class=\"elementor-container elementor-column-gap-default\">\n\t\t\t\t\t\t\t<div class=\"elementor-row\">\n\t\t\t\t\t<div class=\"elementor-column elementor-col-50 elementor-top-column elementor-element elementor-element-cf2b041\" data-id=\"cf2b041\" data-element_type=\"column\">\n\t\t\t<div class=\"elementor-column-wrap elementor-element-populated\">\n\t\t\t\t\t\t\t<div class=\"elementor-widget-wrap\">\n\t\t\t\t\t\t<div class=\"elementor-element elementor-element-fa0bb91 elementor-widget elementor-widget-image\" data-id=\"fa0bb91\" data-element_type=\"widget\" data-widget_type=\"image.default\">\n\t\t\t\t<div class=\"elementor-widget-container\">\n\t\t\t\t\t\t\t\t<div class=\"elementor-image\">\n\t\t\t\t\t\t\t\t\t\t\t\t<img width=\"503\" height=\"800\" src=\"https:\/\/manisescityofceramics.es\/wp-content\/uploads\/2021\/03\/vaso-alhambra-gacelas-MCM-de-reflejo.jpg\" class=\"attachment-large size-large\" alt=\"\" loading=\"lazy\" srcset=\"https:\/\/manisescityofceramics.es\/wp-content\/uploads\/2021\/03\/vaso-alhambra-gacelas-MCM-de-reflejo.jpg 503w, https:\/\/manisescityofceramics.es\/wp-content\/uploads\/2021\/03\/vaso-alhambra-gacelas-MCM-de-reflejo-189x300.jpg 189w\" sizes=\"(max-width: 503px) 100vw, 503px\" \/>\t\t\t\t\t\t\t\t\t\t\t\t\t\t<\/div>\n\t\t\t\t\t\t<\/div>\n\t\t\t\t<\/div>\n\t\t\t\t\t\t<\/div>\n\t\t\t\t\t<\/div>\n\t\t<\/div>\n\t\t\t\t<div class=\"elementor-column elementor-col-50 elementor-top-column elementor-element elementor-element-d3c6401\" data-id=\"d3c6401\" data-element_type=\"column\">\n\t\t\t<div class=\"elementor-column-wrap elementor-element-populated\">\n\t\t\t\t\t\t\t<div class=\"elementor-widget-wrap\">\n\t\t\t\t\t\t<div class=\"elementor-element elementor-element-2ae8cbd0 elementor-widget elementor-widget-text-editor\" data-id=\"2ae8cbd0\" data-element_type=\"widget\" data-widget_type=\"text-editor.default\">\n\t\t\t\t<div class=\"elementor-widget-container\">\n\t\t\t\t\t\t\t\t<div class=\"elementor-text-editor elementor-clearfix\">\n\t\t\t\t<p>La fascinaci\u00f3 per aquesta pisa es deu al seu origen com una t\u00e8cnica dif\u00edcil i ja admirada des de la seua difusi\u00f3 en el califat abb\u00e0ssida de Bagdad. La composici\u00f3 del seu pigment, en el qual es mesclaven compostos de plata i coure, es registra en tractats orientals dels segles XI i XIII.<\/p><p>Possiblement l\u2019emulaci\u00f3 de l\u2019or i la plata en les vaixelles de la cort de Bizanci va promoure que els califes n\u2019impulsaren la producci\u00f3, at\u00e9s que l\u2019\u00fas de metalls preciosos per a menjar i beure es desaconsella en l\u2019Alcor\u00e0. \u00c9s sabut que des del segle IX es va convertir en un producte d\u2019alta representaci\u00f3 i es va utilitzar per a enriquir amb taulells daurats els palaus de Samarra a l\u2019Iraq, i el de Sabra al-Mansuriya o la mesquita de Kairuan a Tun\u00edsia. Des del segle XI, la seua fabricaci\u00f3 es va impulsar a Al-Andalus als regnes taifes de Sevilla i Saragossa, encara que despr\u00e9s va aconseguir fama a M\u00farcia, Granada i M\u00e0laga, ciutats d\u2019on van eixir els mestres que en van iniciar la fabricaci\u00f3 al regne de Val\u00e8ncia. A Manises trobem en el segle XIV mestres canterers anomenats Al-Murc\u00ed de cognom, que fabricaven \u00abobra de terra pintada similar a la de M\u00e0laga\u00bb \u00abamb pintura daurada com \u00e9s propi d\u2019aquesta obra\u00bb.<\/p><p>El reflex met\u00e0l\u00b7lic \u00e9s una fina pel\u00b7l\u00edcula de part\u00edcules met\u00e0l\u00b7liques que es forma sobre el vidrat cer\u00e0mic i, en el cas de Manises, tradicionalment sobre un esmalt de plom i estany. En la pisa valenciana es preparava amb un pigment que contenia plata i coure, cinabri i ocre roig, tot dissolt en vinagre, es pintava amb pinzell o una ploma d\u2019ocell i es co\u00efa amb gasos reductors. Utilitzant t\u00e8cniques d\u2019an\u00e0lisi microsc\u00f2pica veiem que, despr\u00e9s de la cocci\u00f3, les part\u00edcules es distribueixen en diferents grand\u00e0ries i concentracions en el vidre formant diversos nivells microm\u00e8trics. <\/p>\t\t\t\t\t<\/div>\n\t\t\t\t\t\t<\/div>\n\t\t\t\t<\/div>\n\t\t\t\t\t\t<\/div>\n\t\t\t\t\t<\/div>\n\t\t<\/div>\n\t\t\t\t\t\t\t\t<\/div>\n\t\t\t\t\t<\/div>\n\t\t<\/section>\n\t\t\t\t<section class=\"elementor-section elementor-top-section elementor-element elementor-element-6159208b elementor-section-boxed elementor-section-height-default elementor-section-height-default\" data-id=\"6159208b\" data-element_type=\"section\">\n\t\t\t\t\t\t<div class=\"elementor-container elementor-column-gap-default\">\n\t\t\t\t\t\t\t<div class=\"elementor-row\">\n\t\t\t\t\t<div class=\"elementor-column elementor-col-50 elementor-top-column elementor-element elementor-element-35d2e09c\" data-id=\"35d2e09c\" data-element_type=\"column\">\n\t\t\t<div class=\"elementor-column-wrap elementor-element-populated\">\n\t\t\t\t\t\t\t<div class=\"elementor-widget-wrap\">\n\t\t\t\t\t\t<div class=\"elementor-element elementor-element-a91cba9 elementor-widget elementor-widget-text-editor\" data-id=\"a91cba9\" data-element_type=\"widget\" data-widget_type=\"text-editor.default\">\n\t\t\t\t<div class=\"elementor-widget-container\">\n\t\t\t\t\t\t\t\t<div class=\"elementor-text-editor elementor-clearfix\">\n\t\t\t\t<p>Aquesta estructura permet que aparega una reflect\u00e0ncia brillant, met\u00e0l\u00b7lica i iridescent i que canvia de color a mesura que canvia la incid\u00e8ncia de la llum que reflecteix.<\/p><p>Tamb\u00e9 pot presentar diversos colors per efecte de la densitat de pigment o de processos de cocci\u00f3 que provoquen canvis en la concentraci\u00f3 de les part\u00edcules, per exemple entre les vores i el centre d\u2019un tra\u00e7 aplicat amb pinzell. Les diferents proporcions en \u00f2xids del pigment abans de la seua reducci\u00f3, amb m\u00e9s o menys plata, i fins i tot les difer\u00e8ncies de composici\u00f3 dels vidrats, possibiliten tamb\u00e9 canvis en el color, la brillantor o la iridesc\u00e8ncia.<\/p>\t\t\t\t\t<\/div>\n\t\t\t\t\t\t<\/div>\n\t\t\t\t<\/div>\n\t\t\t\t\t\t<\/div>\n\t\t\t\t\t<\/div>\n\t\t<\/div>\n\t\t\t\t<div class=\"elementor-column elementor-col-50 elementor-top-column elementor-element elementor-element-b422a6a\" data-id=\"b422a6a\" data-element_type=\"column\">\n\t\t\t<div class=\"elementor-column-wrap elementor-element-populated\">\n\t\t\t\t\t\t\t<div class=\"elementor-widget-wrap\">\n\t\t\t\t\t\t<div class=\"elementor-element elementor-element-4c6b414d elementor-widget elementor-widget-image\" data-id=\"4c6b414d\" data-element_type=\"widget\" data-widget_type=\"image.default\">\n\t\t\t\t<div class=\"elementor-widget-container\">\n\t\t\t\t\t\t\t\t<div class=\"elementor-image\">\n\t\t\t\t\t\t\t\t\t\t\t\t<img width=\"1024\" height=\"683\" src=\"https:\/\/manisescityofceramics.es\/wp-content\/uploads\/2021\/05\/reflejo-ceramico6-1024x683.jpg\" class=\"attachment-large size-large\" alt=\"\" loading=\"lazy\" srcset=\"https:\/\/manisescityofceramics.es\/wp-content\/uploads\/2021\/05\/reflejo-ceramico6-1024x683.jpg 1024w, https:\/\/manisescityofceramics.es\/wp-content\/uploads\/2021\/05\/reflejo-ceramico6-300x200.jpg 300w, https:\/\/manisescityofceramics.es\/wp-content\/uploads\/2021\/05\/reflejo-ceramico6-768x512.jpg 768w, https:\/\/manisescityofceramics.es\/wp-content\/uploads\/2021\/05\/reflejo-ceramico6.jpg 1200w\" sizes=\"(max-width: 1024px) 100vw, 1024px\" \/>\t\t\t\t\t\t\t\t\t\t\t\t\t\t<\/div>\n\t\t\t\t\t\t<\/div>\n\t\t\t\t<\/div>\n\t\t\t\t\t\t<\/div>\n\t\t\t\t\t<\/div>\n\t\t<\/div>\n\t\t\t\t\t\t\t\t<\/div>\n\t\t\t\t\t<\/div>\n\t\t<\/section>\n\t\t\t\t<section class=\"elementor-section elementor-top-section elementor-element elementor-element-57405fec elementor-reverse-tablet elementor-reverse-mobile elementor-section-boxed elementor-section-height-default elementor-section-height-default\" data-id=\"57405fec\" data-element_type=\"section\">\n\t\t\t\t\t\t<div class=\"elementor-container elementor-column-gap-default\">\n\t\t\t\t\t\t\t<div class=\"elementor-row\">\n\t\t\t\t\t<div class=\"elementor-column elementor-col-50 elementor-top-column elementor-element elementor-element-4e3c12c\" data-id=\"4e3c12c\" data-element_type=\"column\">\n\t\t\t<div class=\"elementor-column-wrap elementor-element-populated\">\n\t\t\t\t\t\t\t<div class=\"elementor-widget-wrap\">\n\t\t\t\t\t\t<div class=\"elementor-element elementor-element-373f35c3 elementor-widget elementor-widget-image\" data-id=\"373f35c3\" data-element_type=\"widget\" data-widget_type=\"image.default\">\n\t\t\t\t<div class=\"elementor-widget-container\">\n\t\t\t\t\t\t\t\t<div class=\"elementor-image\">\n\t\t\t\t\t\t\t\t\t\t\t\t<img width=\"533\" height=\"800\" src=\"https:\/\/manisescityofceramics.es\/wp-content\/uploads\/2021\/03\/reflejo-metalico.jpg\" class=\"attachment-large size-large\" alt=\"\" loading=\"lazy\" srcset=\"https:\/\/manisescityofceramics.es\/wp-content\/uploads\/2021\/03\/reflejo-metalico.jpg 533w, https:\/\/manisescityofceramics.es\/wp-content\/uploads\/2021\/03\/reflejo-metalico-200x300.jpg 200w\" sizes=\"(max-width: 533px) 100vw, 533px\" \/>\t\t\t\t\t\t\t\t\t\t\t\t\t\t<\/div>\n\t\t\t\t\t\t<\/div>\n\t\t\t\t<\/div>\n\t\t\t\t\t\t<\/div>\n\t\t\t\t\t<\/div>\n\t\t<\/div>\n\t\t\t\t<div class=\"elementor-column elementor-col-50 elementor-top-column elementor-element elementor-element-4fb92ecb\" data-id=\"4fb92ecb\" data-element_type=\"column\">\n\t\t\t<div class=\"elementor-column-wrap elementor-element-populated\">\n\t\t\t\t\t\t\t<div class=\"elementor-widget-wrap\">\n\t\t\t\t\t\t<div class=\"elementor-element elementor-element-41bb9288 elementor-widget elementor-widget-text-editor\" data-id=\"41bb9288\" data-element_type=\"widget\" data-widget_type=\"text-editor.default\">\n\t\t\t\t<div class=\"elementor-widget-container\">\n\t\t\t\t\t\t\t\t<div class=\"elementor-text-editor elementor-clearfix\">\n\t\t\t\t<p>La mida de les part\u00edcules, el nombre de nivells en qu\u00e8 es concentren i la seua profunditat depenen de factors com la composici\u00f3 del vidrat, la temperatura aplicada i la forma en qu\u00e8 s\u2019ha condu\u00eft la cocci\u00f3.<\/p><p>Si b\u00e9 \u00e9s possible obtindre el reflex met\u00e0l\u00b7lic en un ambient controlat, \u00e9s dif\u00edcil aconseguir resultats perfectament homogenis, i m\u00e9s encara en condicions de treball artesanal. Emp\u00edricament, mitjan\u00e7ant la centen\u00e0ria experi\u00e8ncia valenciana, l\u2019obtenci\u00f3 del reflex met\u00e0l\u00b7lic es basa en tres factors principals: l\u2019\u00fas d\u2019un forn que treballa en atmosfera reductora, la composici\u00f3 del pigment i la manera de preparar-lo i finalment el procediment utilitzat per a la seua cocci\u00f3 en reducci\u00f3.<\/p><p>Al llarg dels segles, Manises ha usat vidrats opacificats amb estany o, m\u00e9s tard, vidrats compostos nom\u00e9s per plom, s\u00edlice i al\u00famina, i per aix\u00f2 va obtindre tant vidrats daurats com rogencs en \u00e8poques tardanes.<\/p><p>El reflex met\u00e0l\u00b7lic de Manises va ser una pisa costosa que en \u00e8poca medieval va arribar fins a Fustat, Crimea, Moscou, Copenhage, Bergen o a Am\u00e8rica amb Crist\u00f2fol Colom. La van encarregar reis d\u2019Arag\u00f3, Sic\u00edlia, Castella o Fran\u00e7a, nobles de tot Europa, mercaders italians o papes i cardenals, i va continuar com la pisa m\u00e9s admirada del secret de la qual estaven orgullosos els ceramistes de Manises fins a finals del segle XVIII.<\/p><p>L\u2019Alcora va arreplegar la f\u00f3rmula i la va incorporar a les seues receptes com a \u00abdaurat de Manises\u00bb (1749).<\/p>\t\t\t\t\t<\/div>\n\t\t\t\t\t\t<\/div>\n\t\t\t\t<\/div>\n\t\t\t\t\t\t<\/div>\n\t\t\t\t\t<\/div>\n\t\t<\/div>\n\t\t\t\t\t\t\t\t<\/div>\n\t\t\t\t\t<\/div>\n\t\t<\/section>\n\t\t\t\t<section class=\"elementor-section elementor-top-section elementor-element elementor-element-a284d28 elementor-section-boxed elementor-section-height-default elementor-section-height-default\" data-id=\"a284d28\" data-element_type=\"section\">\n\t\t\t\t\t\t<div class=\"elementor-container elementor-column-gap-default\">\n\t\t\t\t\t\t\t<div class=\"elementor-row\">\n\t\t\t\t\t<div class=\"elementor-column elementor-col-50 elementor-top-column elementor-element elementor-element-d92be52\" data-id=\"d92be52\" data-element_type=\"column\">\n\t\t\t<div class=\"elementor-column-wrap elementor-element-populated\">\n\t\t\t\t\t\t\t<div class=\"elementor-widget-wrap\">\n\t\t\t\t\t\t<div class=\"elementor-element elementor-element-34acba9 elementor-widget elementor-widget-text-editor\" data-id=\"34acba9\" data-element_type=\"widget\" data-widget_type=\"text-editor.default\">\n\t\t\t\t<div class=\"elementor-widget-container\">\n\t\t\t\t\t\t\t\t<div class=\"elementor-text-editor elementor-clearfix\">\n\t\t\t\t<p>El ministre Floridablanca va demanar a l\u2019alcalde Mart\u00ednez de Irujo que elaborara un informe titulat \u00abSobre la manera de fabricar l\u2019antiga cer\u00e0mica daurada de Manises\u00bb i aix\u00ed estendre-ho a altres llocs (1785). En el segle XIX va ser reconeguda per antiquaris, estudiosos i col\u00b7leccionistes, i la seua t\u00e8cnica preservada per dos ceramistes anomenats Juan Bautista Casa\u00f1 i Juan Bautista Torrent, que van permetre la seua superviv\u00e8ncia i la seua recuperaci\u00f3 pels nous ceramistes de Manises impulsors de la ind\u00fastria local. Aquests van demostrar el seu mestratge confeccionant c\u00f2pies dels pitxers de l\u2019Alhambra al final del segle XIX.<\/p><p>Hui dia Manises mant\u00e9 el reflex met\u00e0l\u00b7lic com un senyal d\u2019identitat i una t\u00e8cnica viva utilitzada per alguns dels seus ceramistes que tenen m\u00e9s reconeixement internacional.<\/p><p>La ciutat desenvolupa exposicions i trobades per a promoure\u2019l i dona suport a la seua investigaci\u00f3 i difusi\u00f3 mitjan\u00e7ant produccions audiovisuals i les noves tecnologies.\u00a0<\/p>\t\t\t\t\t<\/div>\n\t\t\t\t\t\t<\/div>\n\t\t\t\t<\/div>\n\t\t\t\t\t\t<\/div>\n\t\t\t\t\t<\/div>\n\t\t<\/div>\n\t\t\t\t<div class=\"elementor-column elementor-col-50 elementor-top-column elementor-element elementor-element-cf116e4\" data-id=\"cf116e4\" data-element_type=\"column\">\n\t\t\t<div class=\"elementor-column-wrap elementor-element-populated\">\n\t\t\t\t\t\t\t<div class=\"elementor-widget-wrap\">\n\t\t\t\t\t\t<div class=\"elementor-element elementor-element-e88a80b elementor-widget elementor-widget-image\" data-id=\"e88a80b\" data-element_type=\"widget\" data-widget_type=\"image.default\">\n\t\t\t\t<div class=\"elementor-widget-container\">\n\t\t\t\t\t\t\t\t<div class=\"elementor-image\">\n\t\t\t\t\t\t\t\t\t\t\t\t<img width=\"1024\" height=\"683\" src=\"https:\/\/manisescityofceramics.es\/wp-content\/uploads\/2021\/03\/reflejo-ceramico2-1024x683.jpg\" class=\"attachment-large size-large\" alt=\"\" loading=\"lazy\" srcset=\"https:\/\/manisescityofceramics.es\/wp-content\/uploads\/2021\/03\/reflejo-ceramico2-1024x683.jpg 1024w, https:\/\/manisescityofceramics.es\/wp-content\/uploads\/2021\/03\/reflejo-ceramico2-300x200.jpg 300w, https:\/\/manisescityofceramics.es\/wp-content\/uploads\/2021\/03\/reflejo-ceramico2-768x512.jpg 768w, https:\/\/manisescityofceramics.es\/wp-content\/uploads\/2021\/03\/reflejo-ceramico2.jpg 1200w\" sizes=\"(max-width: 1024px) 100vw, 1024px\" \/>\t\t\t\t\t\t\t\t\t\t\t\t\t\t<\/div>\n\t\t\t\t\t\t<\/div>\n\t\t\t\t<\/div>\n\t\t\t\t\t\t<\/div>\n\t\t\t\t\t<\/div>\n\t\t<\/div>\n\t\t\t\t\t\t\t\t<\/div>\n\t\t\t\t\t<\/div>\n\t\t<\/section>\n\t\t\t\t\t\t\t\t\t<\/div>\n\t\t\t<\/div>\n\t\t\t\t\t<\/div>\n\t\t","protected":false},"excerpt":{"rendered":"<p>La cer\u00e0mica de reflex met\u00e0l\u00b7lic El reflex met\u00e0l\u00b7lic El reflex met\u00e0l\u00b7lic \u00e9s una t\u00e8cnica cer\u00e0mica que es fabrica a Manises des del segle XIV. Les primeres refer\u00e8ncies escrites que en &hellip;<\/p>\n<p class=\"read-more\"> <a class=\"\" href=\"https:\/\/manisescityofceramics.es\/ca\/la-ceramica-de-reflex-metallic\/\"> <span class=\"screen-reader-text\">La cer\u00e0mica de reflex met\u00e0l\u00b7lic<\/span> Llegeix m\u00e9s &raquo;<\/a><\/p>\n","protected":false},"author":2,"featured_media":0,"parent":0,"menu_order":0,"comment_status":"closed","ping_status":"closed","template":"","meta":{"_monsterinsights_skip_tracking":false,"_monsterinsights_sitenote_active":false,"_monsterinsights_sitenote_note":"","_monsterinsights_sitenote_category":0},"yoast_head":"<!-- This site is optimized with the Yoast SEO plugin v16.5 - https:\/\/yoast.com\/wordpress\/plugins\/seo\/ -->\r\n<title>La cer\u00e0mica de reflex met\u00e0l\u00b7lic - Manises<\/title>\r\n<meta name=\"robots\" content=\"index, follow, max-snippet:-1, max-image-preview:large, max-video-preview:-1\" \/>\r\n<link rel=\"canonical\" href=\"https:\/\/manisescityofceramics.es\/ca\/la-ceramica-de-reflex-metallic\/\" \/>\r\n<meta property=\"og:locale\" content=\"ca_ES\" \/>\r\n<meta property=\"og:type\" content=\"article\" \/>\r\n<meta property=\"og:title\" content=\"La cer\u00e0mica de reflex met\u00e0l\u00b7lic - Manises\" \/>\r\n<meta property=\"og:description\" content=\"La cer\u00e0mica de reflex met\u00e0l\u00b7lic El reflex met\u00e0l\u00b7lic El reflex met\u00e0l\u00b7lic \u00e9s una t\u00e8cnica cer\u00e0mica que es fabrica a Manises des del segle XIV. Les primeres refer\u00e8ncies escrites que en &hellip; La cer\u00e0mica de reflex met\u00e0l\u00b7lic Llegeix m\u00e9s &raquo;\" \/>\r\n<meta property=\"og:url\" content=\"https:\/\/manisescityofceramics.es\/ca\/la-ceramica-de-reflex-metallic\/\" \/>\r\n<meta property=\"og:site_name\" content=\"Manises\" \/>\r\n<meta property=\"article:modified_time\" content=\"2021-05-18T12:40:10+00:00\" \/>\r\n<meta property=\"og:image\" content=\"https:\/\/manisescityofceramics.es\/wp-content\/uploads\/2021\/05\/reflejo-ceramico5-1024x683.jpg\" \/>\r\n<meta name=\"twitter:card\" content=\"summary_large_image\" \/>\r\n<meta name=\"twitter:label1\" content=\"Temps estimat de lectura\" \/>\n\t<meta name=\"twitter:data1\" content=\"6 minuts\" \/>\r\n<script type=\"application\/ld+json\" class=\"yoast-schema-graph\">{\"@context\":\"https:\/\/schema.org\",\"@graph\":[{\"@type\":\"WebSite\",\"@id\":\"https:\/\/manisescityofceramics.es\/#website\",\"url\":\"https:\/\/manisescityofceramics.es\/\",\"name\":\"Manises\",\"description\":\"\",\"potentialAction\":[{\"@type\":\"SearchAction\",\"target\":\"https:\/\/manisescityofceramics.es\/?s={search_term_string}\",\"query-input\":\"required name=search_term_string\"}],\"inLanguage\":\"ca\"},{\"@type\":\"ImageObject\",\"@id\":\"https:\/\/manisescityofceramics.es\/ca\/la-ceramica-de-reflex-metallic\/#primaryimage\",\"inLanguage\":\"ca\",\"url\":\"https:\/\/manisescityofceramics.es\/wp-content\/uploads\/2021\/05\/reflejo-ceramico5.jpg\",\"contentUrl\":\"https:\/\/manisescityofceramics.es\/wp-content\/uploads\/2021\/05\/reflejo-ceramico5.jpg\",\"width\":1200,\"height\":800},{\"@type\":\"WebPage\",\"@id\":\"https:\/\/manisescityofceramics.es\/ca\/la-ceramica-de-reflex-metallic\/#webpage\",\"url\":\"https:\/\/manisescityofceramics.es\/ca\/la-ceramica-de-reflex-metallic\/\",\"name\":\"La cer\\u00e0mica de reflex met\\u00e0l\\u00b7lic - Manises\",\"isPartOf\":{\"@id\":\"https:\/\/manisescityofceramics.es\/#website\"},\"primaryImageOfPage\":{\"@id\":\"https:\/\/manisescityofceramics.es\/ca\/la-ceramica-de-reflex-metallic\/#primaryimage\"},\"datePublished\":\"2021-03-22T14:00:18+00:00\",\"dateModified\":\"2021-05-18T12:40:10+00:00\",\"breadcrumb\":{\"@id\":\"https:\/\/manisescityofceramics.es\/ca\/la-ceramica-de-reflex-metallic\/#breadcrumb\"},\"inLanguage\":\"ca\",\"potentialAction\":[{\"@type\":\"ReadAction\",\"target\":[\"https:\/\/manisescityofceramics.es\/ca\/la-ceramica-de-reflex-metallic\/\"]}]},{\"@type\":\"BreadcrumbList\",\"@id\":\"https:\/\/manisescityofceramics.es\/ca\/la-ceramica-de-reflex-metallic\/#breadcrumb\",\"itemListElement\":[{\"@type\":\"ListItem\",\"position\":1,\"name\":\"Inicio\",\"item\":\"https:\/\/manisescityofceramics.es\/ca\/\"},{\"@type\":\"ListItem\",\"position\":2,\"name\":\"La cer\\u00e0mica de reflex met\\u00e0l\\u00b7lic\"}]}]}<\/script>\r\n<!-- \/ Yoast SEO plugin. -->","_links":{"self":[{"href":"https:\/\/manisescityofceramics.es\/ca\/wp-json\/wp\/v2\/pages\/6305"}],"collection":[{"href":"https:\/\/manisescityofceramics.es\/ca\/wp-json\/wp\/v2\/pages"}],"about":[{"href":"https:\/\/manisescityofceramics.es\/ca\/wp-json\/wp\/v2\/types\/page"}],"author":[{"embeddable":true,"href":"https:\/\/manisescityofceramics.es\/ca\/wp-json\/wp\/v2\/users\/2"}],"replies":[{"embeddable":true,"href":"https:\/\/manisescityofceramics.es\/ca\/wp-json\/wp\/v2\/comments?post=6305"}],"version-history":[{"count":7,"href":"https:\/\/manisescityofceramics.es\/ca\/wp-json\/wp\/v2\/pages\/6305\/revisions"}],"predecessor-version":[{"id":7709,"href":"https:\/\/manisescityofceramics.es\/ca\/wp-json\/wp\/v2\/pages\/6305\/revisions\/7709"}],"wp:attachment":[{"href":"https:\/\/manisescityofceramics.es\/ca\/wp-json\/wp\/v2\/media?parent=6305"}],"curies":[{"name":"wp","href":"https:\/\/api.w.org\/{rel}","templated":true}]}}