{"id":6057,"date":"2021-03-17T12:01:05","date_gmt":"2021-03-17T12:01:05","guid":{"rendered":"http:\/\/95.39.50.142\/ruta-de-la-ceramica-a-tu-aire\/"},"modified":"2021-06-12T07:49:45","modified_gmt":"2021-06-12T07:49:45","slug":"paisatge-ceramic-de-centre-historic","status":"publish","type":"page","link":"https:\/\/manisescityofceramics.es\/ca\/paisatge-ceramic-de-centre-historic\/","title":{"rendered":"Paisatge cer\u00e0mic de centre hist\u00f2ric"},"content":{"rendered":"\t\t<div data-elementor-type=\"wp-page\" data-elementor-id=\"6057\" class=\"elementor elementor-6057 elementor-6042\">\n\t\t\t\t\t\t<div class=\"elementor-inner\">\n\t\t\t\t<div class=\"elementor-section-wrap\">\n\t\t\t\t\t\t\t\t\t<section class=\"elementor-section elementor-top-section elementor-element elementor-element-aba7517 elementor-section-content-middle elementor-section-height-min-height elementor-section-boxed elementor-section-height-default elementor-section-items-middle\" data-id=\"aba7517\" data-element_type=\"section\" data-settings=\"{&quot;background_background&quot;:&quot;classic&quot;}\">\n\t\t\t\t\t\t\t<div class=\"elementor-background-overlay\"><\/div>\n\t\t\t\t\t\t\t<div class=\"elementor-container elementor-column-gap-no\">\n\t\t\t\t\t\t\t<div class=\"elementor-row\">\n\t\t\t\t\t<div class=\"elementor-column elementor-col-100 elementor-top-column elementor-element elementor-element-22a26180\" data-id=\"22a26180\" data-element_type=\"column\">\n\t\t\t<div class=\"elementor-column-wrap elementor-element-populated\">\n\t\t\t\t\t\t\t<div class=\"elementor-widget-wrap\">\n\t\t\t\t\t\t<div class=\"elementor-element elementor-element-3769cb7a elementor-widget elementor-widget-heading\" data-id=\"3769cb7a\" data-element_type=\"widget\" data-widget_type=\"heading.default\">\n\t\t\t\t<div class=\"elementor-widget-container\">\n\t\t\t<h1 class=\"elementor-heading-title elementor-size-default\">Paisatge Cer\u00e0mic <br>de Centre Hist\u00f2ric<\/h1>\t\t<\/div>\n\t\t\t\t<\/div>\n\t\t\t\t\t\t<\/div>\n\t\t\t\t\t<\/div>\n\t\t<\/div>\n\t\t\t\t\t\t\t\t<\/div>\n\t\t\t\t\t<\/div>\n\t\t<\/section>\n\t\t\t\t<section class=\"elementor-section elementor-top-section elementor-element elementor-element-5f29072a elementor-section-boxed elementor-section-height-default elementor-section-height-default\" data-id=\"5f29072a\" data-element_type=\"section\">\n\t\t\t\t\t\t<div class=\"elementor-container elementor-column-gap-default\">\n\t\t\t\t\t\t\t<div class=\"elementor-row\">\n\t\t\t\t\t<div class=\"elementor-column elementor-col-100 elementor-top-column elementor-element elementor-element-3160f414\" data-id=\"3160f414\" data-element_type=\"column\">\n\t\t\t<div class=\"elementor-column-wrap elementor-element-populated\">\n\t\t\t\t\t\t\t<div class=\"elementor-widget-wrap\">\n\t\t\t\t\t\t<div class=\"elementor-element elementor-element-64cb0b66 elementor-widget elementor-widget-text-editor\" data-id=\"64cb0b66\" data-element_type=\"widget\" data-widget_type=\"text-editor.default\">\n\t\t\t\t<div class=\"elementor-widget-container\">\n\t\t\t\t\t\t\t\t<div class=\"elementor-text-editor elementor-clearfix\">\n\t\t\t\t<p>La Ruta \u00abPaisatge Cer\u00e0mic de Centre Hist\u00f2ric\u00bb \u00e9s un itinerari urb\u00e0 per con\u00e8ixer els monuments m\u00e9s importants de la ciutat de Manises. El recorregut, que comen\u00e7a a l&#8217;antiga estaci\u00f3 de tren, permet con\u00e8ixer edificis tan emblem\u00e0tics com s\u00f3n &#8220;L&#8217;Art&#8221;, el Museu de Cer\u00e0mica de Manises, l&#8217;esgl\u00e9sia de Sant Joan Baptista o la f\u00e0brica &#8220;La Cer\u00e0mica Valenciana de Jos\u00e9 Gimeno&#8221;. Aquesta ruta es pot fer en qualsevol \u00e8poca de l&#8217;any gaudint d&#8217;un passeig a l&#8217;aire lliure.<\/p>\t\t\t\t\t<\/div>\n\t\t\t\t\t\t<\/div>\n\t\t\t\t<\/div>\n\t\t\t\t\t\t<\/div>\n\t\t\t\t\t<\/div>\n\t\t<\/div>\n\t\t\t\t\t\t\t\t<\/div>\n\t\t\t\t\t<\/div>\n\t\t<\/section>\n\t\t\t\t<section class=\"elementor-section elementor-top-section elementor-element elementor-element-20dd58e elementor-reverse-tablet elementor-reverse-mobile elementor-section-boxed elementor-section-height-default elementor-section-height-default\" data-id=\"20dd58e\" data-element_type=\"section\">\n\t\t\t\t\t\t<div class=\"elementor-container elementor-column-gap-default\">\n\t\t\t\t\t\t\t<div class=\"elementor-row\">\n\t\t\t\t\t<div class=\"elementor-column elementor-col-100 elementor-top-column elementor-element elementor-element-2bef16c9\" data-id=\"2bef16c9\" data-element_type=\"column\">\n\t\t\t<div class=\"elementor-column-wrap elementor-element-populated\">\n\t\t\t\t\t\t\t<div class=\"elementor-widget-wrap\">\n\t\t\t\t\t\t<div class=\"elementor-element elementor-element-44842526 elementor-widget elementor-widget-image\" data-id=\"44842526\" data-element_type=\"widget\" data-widget_type=\"image.default\">\n\t\t\t\t<div class=\"elementor-widget-container\">\n\t\t\t\t\t\t\t\t<div class=\"elementor-image\">\n\t\t\t\t\t\t\t\t\t\t\t\t<img width=\"1200\" height=\"849\" src=\"https:\/\/manisescityofceramics.es\/wp-content\/uploads\/2021\/03\/ruta-de-la-ceramica.jpg\" class=\"attachment-full size-full\" alt=\"\" loading=\"lazy\" srcset=\"https:\/\/manisescityofceramics.es\/wp-content\/uploads\/2021\/03\/ruta-de-la-ceramica.jpg 1200w, https:\/\/manisescityofceramics.es\/wp-content\/uploads\/2021\/03\/ruta-de-la-ceramica-300x212.jpg 300w, https:\/\/manisescityofceramics.es\/wp-content\/uploads\/2021\/03\/ruta-de-la-ceramica-1024x724.jpg 1024w, https:\/\/manisescityofceramics.es\/wp-content\/uploads\/2021\/03\/ruta-de-la-ceramica-768x543.jpg 768w\" sizes=\"(max-width: 1200px) 100vw, 1200px\" \/>\t\t\t\t\t\t\t\t\t\t\t\t\t\t<\/div>\n\t\t\t\t\t\t<\/div>\n\t\t\t\t<\/div>\n\t\t\t\t<section class=\"elementor-section elementor-inner-section elementor-element elementor-element-37a4660 elementor-section-boxed elementor-section-height-default elementor-section-height-default\" data-id=\"37a4660\" data-element_type=\"section\">\n\t\t\t\t\t\t<div class=\"elementor-container elementor-column-gap-default\">\n\t\t\t\t\t\t\t<div class=\"elementor-row\">\n\t\t\t\t\t<div class=\"elementor-column elementor-col-33 elementor-inner-column elementor-element elementor-element-c504c70\" data-id=\"c504c70\" data-element_type=\"column\">\n\t\t\t<div class=\"elementor-column-wrap\">\n\t\t\t\t\t\t\t<div class=\"elementor-widget-wrap\">\n\t\t\t\t\t\t\t\t<\/div>\n\t\t\t\t\t<\/div>\n\t\t<\/div>\n\t\t\t\t<div class=\"elementor-column elementor-col-33 elementor-inner-column elementor-element elementor-element-e252561\" data-id=\"e252561\" data-element_type=\"column\">\n\t\t\t<div class=\"elementor-column-wrap elementor-element-populated\">\n\t\t\t\t\t\t\t<div class=\"elementor-widget-wrap\">\n\t\t\t\t\t\t<div class=\"elementor-element elementor-element-799eeae elementor-align-justify elementor-mobile-align-justify elementor-widget elementor-widget-button\" data-id=\"799eeae\" data-element_type=\"widget\" data-widget_type=\"button.default\">\n\t\t\t\t<div class=\"elementor-widget-container\">\n\t\t\t\t\t<div class=\"elementor-button-wrapper\">\n\t\t\t<a href=\"https:\/\/www.manises.es\/es\/turismo-rutas\/pagina\/ruta-ceramica-aire\" class=\"elementor-button-link elementor-button elementor-size-lg elementor-animation-shrink\" role=\"button\">\n\t\t\t\t\t\t<span class=\"elementor-button-content-wrapper\">\n\t\t\t\t\t\t<span class=\"elementor-button-text\">AUDIOGUIES<\/span>\n\t\t<\/span>\n\t\t\t\t\t<\/a>\n\t\t<\/div>\n\t\t\t\t<\/div>\n\t\t\t\t<\/div>\n\t\t\t\t\t\t<\/div>\n\t\t\t\t\t<\/div>\n\t\t<\/div>\n\t\t\t\t<div class=\"elementor-column elementor-col-33 elementor-inner-column elementor-element elementor-element-8c81e0f\" data-id=\"8c81e0f\" data-element_type=\"column\">\n\t\t\t<div class=\"elementor-column-wrap\">\n\t\t\t\t\t\t\t<div class=\"elementor-widget-wrap\">\n\t\t\t\t\t\t\t\t<\/div>\n\t\t\t\t\t<\/div>\n\t\t<\/div>\n\t\t\t\t\t\t\t\t<\/div>\n\t\t\t\t\t<\/div>\n\t\t<\/section>\n\t\t\t\t\t\t<\/div>\n\t\t\t\t\t<\/div>\n\t\t<\/div>\n\t\t\t\t\t\t\t\t<\/div>\n\t\t\t\t\t<\/div>\n\t\t<\/section>\n\t\t\t\t\t\t\t\t\t<\/div>\n\t\t\t<\/div>\n\t\t\t\t\t<\/div>\n\t\t","protected":false},"excerpt":{"rendered":"<p>Paisatge Cer\u00e0mic de Centre Hist\u00f2ric La Ruta \u00abPaisatge Cer\u00e0mic de Centre Hist\u00f2ric\u00bb \u00e9s un itinerari urb\u00e0 per con\u00e8ixer els monuments m\u00e9s importants de la ciutat de Manises. El recorregut, que &hellip;<\/p>\n<p class=\"read-more\"> <a class=\"\" href=\"https:\/\/manisescityofceramics.es\/ca\/paisatge-ceramic-de-centre-historic\/\"> <span class=\"screen-reader-text\">Paisatge cer\u00e0mic de centre hist\u00f2ric<\/span> Llegeix m\u00e9s &raquo;<\/a><\/p>\n","protected":false},"author":2,"featured_media":0,"parent":0,"menu_order":0,"comment_status":"closed","ping_status":"closed","template":"","meta":{"_monsterinsights_skip_tracking":false,"_monsterinsights_sitenote_active":false,"_monsterinsights_sitenote_note":"","_monsterinsights_sitenote_category":0},"yoast_head":"<!-- This site is optimized with the Yoast SEO plugin v16.5 - https:\/\/yoast.com\/wordpress\/plugins\/seo\/ -->\r\n<title>Paisatge cer\u00e0mic de centre hist\u00f2ric - Manises<\/title>\r\n<meta name=\"robots\" content=\"index, follow, max-snippet:-1, max-image-preview:large, max-video-preview:-1\" \/>\r\n<link rel=\"canonical\" href=\"https:\/\/manisescityofceramics.es\/ca\/paisatge-ceramic-de-centre-historic\/\" \/>\r\n<meta property=\"og:locale\" content=\"ca_ES\" \/>\r\n<meta property=\"og:type\" content=\"article\" \/>\r\n<meta property=\"og:title\" content=\"Paisatge cer\u00e0mic de centre hist\u00f2ric - Manises\" \/>\r\n<meta property=\"og:description\" content=\"Paisatge Cer\u00e0mic de Centre Hist\u00f2ric La Ruta \u00abPaisatge Cer\u00e0mic de Centre Hist\u00f2ric\u00bb \u00e9s un itinerari urb\u00e0 per con\u00e8ixer els monuments m\u00e9s importants de la ciutat de Manises. El recorregut, que &hellip; Paisatge cer\u00e0mic de centre hist\u00f2ric Llegeix m\u00e9s &raquo;\" \/>\r\n<meta property=\"og:url\" content=\"https:\/\/manisescityofceramics.es\/ca\/paisatge-ceramic-de-centre-historic\/\" \/>\r\n<meta property=\"og:site_name\" content=\"Manises\" \/>\r\n<meta property=\"article:modified_time\" content=\"2021-06-12T07:49:45+00:00\" \/>\r\n<meta property=\"og:image\" content=\"https:\/\/manisescityofceramics.es\/wp-content\/uploads\/2021\/03\/ruta-de-la-ceramica.jpg\" \/>\r\n<meta name=\"twitter:card\" content=\"summary_large_image\" \/>\r\n<meta name=\"twitter:label1\" content=\"Temps estimat de lectura\" \/>\n\t<meta name=\"twitter:data1\" content=\"1 minut\" \/>\r\n<script type=\"application\/ld+json\" class=\"yoast-schema-graph\">{\"@context\":\"https:\/\/schema.org\",\"@graph\":[{\"@type\":\"WebSite\",\"@id\":\"https:\/\/manisescityofceramics.es\/#website\",\"url\":\"https:\/\/manisescityofceramics.es\/\",\"name\":\"Manises\",\"description\":\"\",\"potentialAction\":[{\"@type\":\"SearchAction\",\"target\":\"https:\/\/manisescityofceramics.es\/?s={search_term_string}\",\"query-input\":\"required name=search_term_string\"}],\"inLanguage\":\"ca\"},{\"@type\":\"ImageObject\",\"@id\":\"https:\/\/manisescityofceramics.es\/ca\/paisatge-ceramic-de-centre-historic\/#primaryimage\",\"inLanguage\":\"ca\",\"url\":\"https:\/\/manisescityofceramics.es\/wp-content\/uploads\/2021\/03\/ruta-de-la-ceramica.jpg\",\"contentUrl\":\"https:\/\/manisescityofceramics.es\/wp-content\/uploads\/2021\/03\/ruta-de-la-ceramica.jpg\",\"width\":1200,\"height\":849},{\"@type\":\"WebPage\",\"@id\":\"https:\/\/manisescityofceramics.es\/ca\/paisatge-ceramic-de-centre-historic\/#webpage\",\"url\":\"https:\/\/manisescityofceramics.es\/ca\/paisatge-ceramic-de-centre-historic\/\",\"name\":\"Paisatge cer\\u00e0mic de centre hist\\u00f2ric - Manises\",\"isPartOf\":{\"@id\":\"https:\/\/manisescityofceramics.es\/#website\"},\"primaryImageOfPage\":{\"@id\":\"https:\/\/manisescityofceramics.es\/ca\/paisatge-ceramic-de-centre-historic\/#primaryimage\"},\"datePublished\":\"2021-03-17T12:01:05+00:00\",\"dateModified\":\"2021-06-12T07:49:45+00:00\",\"breadcrumb\":{\"@id\":\"https:\/\/manisescityofceramics.es\/ca\/paisatge-ceramic-de-centre-historic\/#breadcrumb\"},\"inLanguage\":\"ca\",\"potentialAction\":[{\"@type\":\"ReadAction\",\"target\":[\"https:\/\/manisescityofceramics.es\/ca\/paisatge-ceramic-de-centre-historic\/\"]}]},{\"@type\":\"BreadcrumbList\",\"@id\":\"https:\/\/manisescityofceramics.es\/ca\/paisatge-ceramic-de-centre-historic\/#breadcrumb\",\"itemListElement\":[{\"@type\":\"ListItem\",\"position\":1,\"name\":\"Inicio\",\"item\":\"https:\/\/manisescityofceramics.es\/ca\/\"},{\"@type\":\"ListItem\",\"position\":2,\"name\":\"Paisatge cer\\u00e0mic de centre hist\\u00f2ric\"}]}]}<\/script>\r\n<!-- \/ Yoast SEO plugin. -->","_links":{"self":[{"href":"https:\/\/manisescityofceramics.es\/ca\/wp-json\/wp\/v2\/pages\/6057"}],"collection":[{"href":"https:\/\/manisescityofceramics.es\/ca\/wp-json\/wp\/v2\/pages"}],"about":[{"href":"https:\/\/manisescityofceramics.es\/ca\/wp-json\/wp\/v2\/types\/page"}],"author":[{"embeddable":true,"href":"https:\/\/manisescityofceramics.es\/ca\/wp-json\/wp\/v2\/users\/2"}],"replies":[{"embeddable":true,"href":"https:\/\/manisescityofceramics.es\/ca\/wp-json\/wp\/v2\/comments?post=6057"}],"version-history":[{"count":20,"href":"https:\/\/manisescityofceramics.es\/ca\/wp-json\/wp\/v2\/pages\/6057\/revisions"}],"predecessor-version":[{"id":8466,"href":"https:\/\/manisescityofceramics.es\/ca\/wp-json\/wp\/v2\/pages\/6057\/revisions\/8466"}],"wp:attachment":[{"href":"https:\/\/manisescityofceramics.es\/ca\/wp-json\/wp\/v2\/media?parent=6057"}],"curies":[{"name":"wp","href":"https:\/\/api.w.org\/{rel}","templated":true}]}}