{"id":5903,"date":"2021-03-16T19:18:58","date_gmt":"2021-03-16T19:18:58","guid":{"rendered":"http:\/\/95.39.50.142\/el-turno-del-torno\/"},"modified":"2021-03-16T19:43:33","modified_gmt":"2021-03-16T19:43:33","slug":"torn-del-torn","status":"publish","type":"page","link":"https:\/\/manisescityofceramics.es\/ca\/torn-del-torn\/","title":{"rendered":"Torn del Torn"},"content":{"rendered":"\t\t<div data-elementor-type=\"wp-page\" data-elementor-id=\"5903\" class=\"elementor elementor-5903 elementor-5881\">\n\t\t\t\t\t\t<div class=\"elementor-inner\">\n\t\t\t\t<div class=\"elementor-section-wrap\">\n\t\t\t\t\t\t\t\t\t<section class=\"elementor-section elementor-top-section elementor-element elementor-element-4a8ffb2b elementor-section-content-middle elementor-section-height-min-height elementor-section-boxed elementor-section-height-default elementor-section-items-middle\" data-id=\"4a8ffb2b\" data-element_type=\"section\" data-settings=\"{&quot;background_background&quot;:&quot;classic&quot;}\">\n\t\t\t\t\t\t\t<div class=\"elementor-background-overlay\"><\/div>\n\t\t\t\t\t\t\t<div class=\"elementor-container elementor-column-gap-no\">\n\t\t\t\t\t\t\t<div class=\"elementor-row\">\n\t\t\t\t\t<div class=\"elementor-column elementor-col-100 elementor-top-column elementor-element elementor-element-7fa71cf8\" data-id=\"7fa71cf8\" data-element_type=\"column\">\n\t\t\t<div class=\"elementor-column-wrap elementor-element-populated\">\n\t\t\t\t\t\t\t<div class=\"elementor-widget-wrap\">\n\t\t\t\t\t\t<div class=\"elementor-element elementor-element-73076fc5 elementor-widget elementor-widget-heading\" data-id=\"73076fc5\" data-element_type=\"widget\" data-widget_type=\"heading.default\">\n\t\t\t\t<div class=\"elementor-widget-container\">\n\t\t\t<h1 class=\"elementor-heading-title elementor-size-default\">Torn del Torn<\/h1>\t\t<\/div>\n\t\t\t\t<\/div>\n\t\t\t\t\t\t<\/div>\n\t\t\t\t\t<\/div>\n\t\t<\/div>\n\t\t\t\t\t\t\t\t<\/div>\n\t\t\t\t\t<\/div>\n\t\t<\/section>\n\t\t\t\t<section class=\"elementor-section elementor-top-section elementor-element elementor-element-1190479a elementor-section-boxed elementor-section-height-default elementor-section-height-default\" data-id=\"1190479a\" data-element_type=\"section\">\n\t\t\t\t\t\t<div class=\"elementor-container elementor-column-gap-default\">\n\t\t\t\t\t\t\t<div class=\"elementor-row\">\n\t\t\t\t\t<div class=\"elementor-column elementor-col-100 elementor-top-column elementor-element elementor-element-74cdd592\" data-id=\"74cdd592\" data-element_type=\"column\">\n\t\t\t<div class=\"elementor-column-wrap elementor-element-populated\">\n\t\t\t\t\t\t\t<div class=\"elementor-widget-wrap\">\n\t\t\t\t\t\t<div class=\"elementor-element elementor-element-4816d99e elementor-widget elementor-widget-heading\" data-id=\"4816d99e\" data-element_type=\"widget\" data-widget_type=\"heading.default\">\n\t\t\t\t<div class=\"elementor-widget-container\">\n\t\t\t<h2 class=\"elementor-heading-title elementor-size-default\"><span style=\"color: #cc6633;font-weight:500;\">Torn<\/span>  del Torn<\/h2>\t\t<\/div>\n\t\t\t\t<\/div>\n\t\t\t\t<div class=\"elementor-element elementor-element-35961f7d elementor-widget elementor-widget-text-editor\" data-id=\"35961f7d\" data-element_type=\"widget\" data-widget_type=\"text-editor.default\">\n\t\t\t\t<div class=\"elementor-widget-container\">\n\t\t\t\t\t\t\t\t<div class=\"elementor-text-editor elementor-clearfix\">\n\t\t\t\t<p>A Manises se celebra la Trobada Internacional de Cer\u00e0mica \u201cEl Torn del Torn\u201d.\u00a0<\/p><p>Un esdeveniment de repercussi\u00f3 internacional que pret\u00e9n consolidar i donar continu\u00eftat i projecci\u00f3 a aquesta t\u00e8cnica, la primera edici\u00f3 del qual es va celebrar l\u2019any 2015; la segona edici\u00f3, en 2016; i la tercera, en 2019.<\/p><p>Els objectius que es busquen en aquestes jornades s\u00f3n:<\/p>\t\t\t\t\t<\/div>\n\t\t\t\t\t\t<\/div>\n\t\t\t\t<\/div>\n\t\t\t\t<div class=\"elementor-element elementor-element-3a6a601a elementor-widget elementor-widget-text-editor\" data-id=\"3a6a601a\" data-element_type=\"widget\" data-widget_type=\"text-editor.default\">\n\t\t\t\t<div class=\"elementor-widget-container\">\n\t\t\t\t\t\t\t\t<div class=\"elementor-text-editor elementor-clearfix\">\n\t\t\t\t<ul><li><p>Donar a con\u00e9ixer les possibilitats art\u00edstiques del torn als professionals de la cer\u00e0mica i d\u2019altres disciplines i a tots els visitants que s\u2019acosten a la nostra localitat aquests dies.<\/p><\/li><li><p>Assistir a un esdeveniment on conflu\u00efsquen arts multidisciplinaris.<\/p><\/li><li><p>Facilitar la trobada i el di\u00e0leg entre artistes de diferents pa\u00efsos.<\/p><\/li><li><p>Fomentar i divulgar la cer\u00e0mica tradicional i contempor\u00e0nia.<\/p><\/li><li><p>Utilitzar la cer\u00e0mica com a mitj\u00e0 d\u2019expressi\u00f3 art\u00edstica i element de disseny per a l\u2019ambientaci\u00f3 de grans espais.<\/p><\/li><li><p>Refor\u00e7ar la imatge de Manises com a ciutat que aposta per la cer\u00e0mica.<\/p><\/li><li><p>Vincular el nom de \u201cCer\u00e0mica de Manises\u201d a la cer\u00e0mica de nivell i prestigi m\u00e9s alt.<\/p><\/li><li><p>Revifar els sectors empresarial i artesanal.<\/p><\/li><li><p>Proporcionar una nova trobada de la ciutat de Manises amb la cer\u00e0mica, conscienciar el ciutad\u00e0 de la import\u00e0ncia dels seus senyals d\u2019identitat, i el visitant de la vinculaci\u00f3 de Manises amb la cer\u00e0mica durant m\u00e9s de 700 anys.<\/p><\/li><\/ul>\t\t\t\t\t<\/div>\n\t\t\t\t\t\t<\/div>\n\t\t\t\t<\/div>\n\t\t\t\t\t\t<\/div>\n\t\t\t\t\t<\/div>\n\t\t<\/div>\n\t\t\t\t\t\t\t\t<\/div>\n\t\t\t\t\t<\/div>\n\t\t<\/section>\n\t\t\t\t<section class=\"elementor-section elementor-top-section elementor-element elementor-element-46e3112 elementor-section-boxed elementor-section-height-default elementor-section-height-default\" data-id=\"46e3112\" data-element_type=\"section\">\n\t\t\t\t\t\t<div class=\"elementor-container elementor-column-gap-default\">\n\t\t\t\t\t\t\t<div class=\"elementor-row\">\n\t\t\t\t\t<div class=\"elementor-column elementor-col-50 elementor-top-column elementor-element elementor-element-d3bf305\" data-id=\"d3bf305\" data-element_type=\"column\">\n\t\t\t<div class=\"elementor-column-wrap elementor-element-populated\">\n\t\t\t\t\t\t\t<div class=\"elementor-widget-wrap\">\n\t\t\t\t\t\t<div class=\"elementor-element elementor-element-a2df066 elementor-widget elementor-widget-image\" data-id=\"a2df066\" data-element_type=\"widget\" data-widget_type=\"image.default\">\n\t\t\t\t<div class=\"elementor-widget-container\">\n\t\t\t\t\t\t\t\t<div class=\"elementor-image\">\n\t\t\t\t\t\t\t\t\t\t\t\t<img width=\"1024\" height=\"683\" src=\"https:\/\/manisescityofceramics.es\/wp-content\/uploads\/2021\/03\/turno-del-torno-1024x683.jpg\" class=\"attachment-large size-large\" alt=\"\" loading=\"lazy\" srcset=\"https:\/\/manisescityofceramics.es\/wp-content\/uploads\/2021\/03\/turno-del-torno-1024x683.jpg 1024w, https:\/\/manisescityofceramics.es\/wp-content\/uploads\/2021\/03\/turno-del-torno-300x200.jpg 300w, https:\/\/manisescityofceramics.es\/wp-content\/uploads\/2021\/03\/turno-del-torno-768x512.jpg 768w, https:\/\/manisescityofceramics.es\/wp-content\/uploads\/2021\/03\/turno-del-torno.jpg 1200w\" sizes=\"(max-width: 1024px) 100vw, 1024px\" \/>\t\t\t\t\t\t\t\t\t\t\t\t\t\t<\/div>\n\t\t\t\t\t\t<\/div>\n\t\t\t\t<\/div>\n\t\t\t\t\t\t<\/div>\n\t\t\t\t\t<\/div>\n\t\t<\/div>\n\t\t\t\t<div class=\"elementor-column elementor-col-50 elementor-top-column elementor-element elementor-element-cb995b7\" data-id=\"cb995b7\" data-element_type=\"column\">\n\t\t\t<div class=\"elementor-column-wrap elementor-element-populated\">\n\t\t\t\t\t\t\t<div class=\"elementor-widget-wrap\">\n\t\t\t\t\t\t<div class=\"elementor-element elementor-element-571b987 elementor-widget elementor-widget-text-editor\" data-id=\"571b987\" data-element_type=\"widget\" data-widget_type=\"text-editor.default\">\n\t\t\t\t<div class=\"elementor-widget-container\">\n\t\t\t\t\t\t\t\t<div class=\"elementor-text-editor elementor-clearfix\">\n\t\t\t\t<p>Aquest esdeveniment aconsegueix vincular tots els agents professionals i institucionals com s\u00f3n l\u2019Ajuntament de Manises, EA+SC Manises, el Museu de Cer\u00e0mica de Manises, les regidories de Turisme i de Promoci\u00f3 de la Cer\u00e0mica de Manises, el Museu Nacional de Cer\u00e0mica Gonz\u00e1lez Mart\u00ed, el Centre d\u2019Artesania de la Comunitat Valenciana, AVEC-GREMI i ANPEC en aquest mateix fi com\u00fa.<\/p><p>Les jornades engloben dos tipus d\u2019activitats:<\/p><p><strong>En l\u2019\u00faltim \u201cTorn del Torn\u201d que es va celebrar en 2019, hi havia unes activitats per als participants de les jornades i unes altres per al p\u00fablic general: classes magistrals, workshops i col\u00b7loquis.<\/strong><\/p>\t\t\t\t\t<\/div>\n\t\t\t\t\t\t<\/div>\n\t\t\t\t<\/div>\n\t\t\t\t\t\t<\/div>\n\t\t\t\t\t<\/div>\n\t\t<\/div>\n\t\t\t\t\t\t\t\t<\/div>\n\t\t\t\t\t<\/div>\n\t\t<\/section>\n\t\t\t\t<section class=\"elementor-section elementor-top-section elementor-element elementor-element-6e37061c elementor-reverse-tablet elementor-reverse-mobile elementor-section-boxed elementor-section-height-default elementor-section-height-default\" data-id=\"6e37061c\" data-element_type=\"section\">\n\t\t\t\t\t\t<div class=\"elementor-container elementor-column-gap-default\">\n\t\t\t\t\t\t\t<div class=\"elementor-row\">\n\t\t\t\t\t<div class=\"elementor-column elementor-col-100 elementor-top-column elementor-element elementor-element-7d60f4e0\" data-id=\"7d60f4e0\" data-element_type=\"column\">\n\t\t\t<div class=\"elementor-column-wrap elementor-element-populated\">\n\t\t\t\t\t\t\t<div class=\"elementor-widget-wrap\">\n\t\t\t\t\t\t<div class=\"elementor-element elementor-element-3e069391 elementor-widget elementor-widget-text-editor\" data-id=\"3e069391\" data-element_type=\"widget\" data-widget_type=\"text-editor.default\">\n\t\t\t\t<div class=\"elementor-widget-container\">\n\t\t\t\t\t\t\t\t<div class=\"elementor-text-editor elementor-clearfix\">\n\t\t\t\t<p><strong>Actes gratu\u00efts i oberts al p\u00fablic en general:<\/strong><\/p><ul><li><strong>Exposici\u00f3 <\/strong>de les obres dels ceramistes convidats de les III Jornades Internacionals de Cer\u00e0mica \u201cEl Torn del Torn\u201d.<\/li><li><strong>Realitzaci\u00f3 i cocci\u00f3 de peces <\/strong>en un forn drac a c\u00e0rrec dels ceramistes Jaime Romero i Pepe Royo. En aquest taller s\u2019observar\u00e0 la construcci\u00f3 d\u2019un forn <em>Anagama <\/em>estil <em>kilntrain<\/em>, que se situar\u00e0 al pati de la Cer\u00e0mica Valenciana de Vicente Gimeno a Manises, i es mostrar\u00e0 tot el proc\u00e9s. A m\u00e9s, es decoraran peces amb la cocci\u00f3 de llenya i s\u2019obtindran els t\u00edpics esmalts de cendres.<\/li><li><strong>Concert de m\u00fasica. <\/strong>Obra musical interpretada amb peces cer\u00e0miques a c\u00e0rrec d\u2019Eva, Inma Juan i Ximo de Paterna.<\/li><li><strong>Actuaci\u00f3 de Carlos Llavata. <\/strong><\/li><li><strong>Visita nocturna guiada a la Cer\u00e0mica Valenciana de Jos\u00e9 Gimeno, <\/strong>guiada per M.\u00aa Jos\u00e9 i Vicente Gimeno, propietaris del taller.<\/li><\/ul><p><strong>Visita al MCM, <\/strong>que coincideix amb el concert d\u2019instruments cer\u00e0mics i una mostra de documentals de tem\u00e0tica cer\u00e0mica.<\/p><p>Paral\u00b7lelament tamb\u00e9 naix la \u201cTornocat\u00f2ria\u201d, convocat\u00f2ria d\u2019artesans i artistes al voltant del torn, que perpetua la tradici\u00f3 i, tamb\u00e9, renova els processos i els resultats. Perqu\u00e8 la cer\u00e0mica t\u00e9 molta vida al davant.<\/p><p>Aquest \u00e9s l\u2019objectiu d\u2019aquest projecte que sorgeix en el taller d\u2019Ana Illueca i de la m\u00e0 d\u2019ANPEC (Associaci\u00f3 Nacional de Professionals de Cer\u00e0mica) i que vol sumar terrissaires mestres, ceramistes, dissenyadors i artistes que tenen l\u2019habilitat comuna d\u2019utilitzar el torn com a ferramenta d\u2019expressi\u00f3. \u201cTornocat\u00f2ria\u201d \u00e9s la manera d\u2019acostar la cer\u00e0mica a la societat, posar en valor aquesta disciplina i visibilitzar el talent d\u2019aquesta terra.<\/p>\t\t\t\t\t<\/div>\n\t\t\t\t\t\t<\/div>\n\t\t\t\t<\/div>\n\t\t\t\t\t\t<\/div>\n\t\t\t\t\t<\/div>\n\t\t<\/div>\n\t\t\t\t\t\t\t\t<\/div>\n\t\t\t\t\t<\/div>\n\t\t<\/section>\n\t\t\t\t\t\t\t\t\t<\/div>\n\t\t\t<\/div>\n\t\t\t\t\t<\/div>\n\t\t","protected":false},"excerpt":{"rendered":"<p>Torn del Torn Torn del Torn A Manises se celebra la Trobada Internacional de Cer\u00e0mica \u201cEl Torn del Torn\u201d.\u00a0 Un esdeveniment de repercussi\u00f3 internacional que pret\u00e9n consolidar i donar continu\u00eftat &hellip;<\/p>\n<p class=\"read-more\"> <a class=\"\" href=\"https:\/\/manisescityofceramics.es\/ca\/torn-del-torn\/\"> <span class=\"screen-reader-text\">Torn del Torn<\/span> Llegeix m\u00e9s &raquo;<\/a><\/p>\n","protected":false},"author":2,"featured_media":0,"parent":0,"menu_order":0,"comment_status":"closed","ping_status":"closed","template":"","meta":{"_monsterinsights_skip_tracking":false,"_monsterinsights_sitenote_active":false,"_monsterinsights_sitenote_note":"","_monsterinsights_sitenote_category":0},"yoast_head":"<!-- This site is optimized with the Yoast SEO plugin v16.5 - https:\/\/yoast.com\/wordpress\/plugins\/seo\/ -->\r\n<title>Torn del Torn - Manises<\/title>\r\n<meta name=\"robots\" content=\"index, follow, max-snippet:-1, max-image-preview:large, max-video-preview:-1\" \/>\r\n<link rel=\"canonical\" href=\"https:\/\/manisescityofceramics.es\/ca\/torn-del-torn\/\" \/>\r\n<meta property=\"og:locale\" content=\"ca_ES\" \/>\r\n<meta property=\"og:type\" content=\"article\" \/>\r\n<meta property=\"og:title\" content=\"Torn del Torn - Manises\" \/>\r\n<meta property=\"og:description\" content=\"Torn del Torn Torn del Torn A Manises se celebra la Trobada Internacional de Cer\u00e0mica \u201cEl Torn del Torn\u201d.\u00a0 Un esdeveniment de repercussi\u00f3 internacional que pret\u00e9n consolidar i donar continu\u00eftat &hellip; Torn del Torn Llegeix m\u00e9s &raquo;\" \/>\r\n<meta property=\"og:url\" content=\"https:\/\/manisescityofceramics.es\/ca\/torn-del-torn\/\" \/>\r\n<meta property=\"og:site_name\" content=\"Manises\" \/>\r\n<meta property=\"article:modified_time\" content=\"2021-03-16T19:43:33+00:00\" \/>\r\n<meta property=\"og:image\" content=\"https:\/\/manisescityofceramics.es\/wp-content\/uploads\/2021\/03\/turno-del-torno-1024x683.jpg\" \/>\r\n<meta name=\"twitter:card\" content=\"summary_large_image\" \/>\r\n<meta name=\"twitter:label1\" content=\"Temps estimat de lectura\" \/>\n\t<meta name=\"twitter:data1\" content=\"3 minuts\" \/>\r\n<script type=\"application\/ld+json\" class=\"yoast-schema-graph\">{\"@context\":\"https:\/\/schema.org\",\"@graph\":[{\"@type\":\"WebSite\",\"@id\":\"https:\/\/manisescityofceramics.es\/#website\",\"url\":\"https:\/\/manisescityofceramics.es\/\",\"name\":\"Manises\",\"description\":\"\",\"potentialAction\":[{\"@type\":\"SearchAction\",\"target\":\"https:\/\/manisescityofceramics.es\/?s={search_term_string}\",\"query-input\":\"required name=search_term_string\"}],\"inLanguage\":\"ca\"},{\"@type\":\"ImageObject\",\"@id\":\"https:\/\/manisescityofceramics.es\/ca\/torn-del-torn\/#primaryimage\",\"inLanguage\":\"ca\",\"url\":\"https:\/\/manisescityofceramics.es\/wp-content\/uploads\/2021\/03\/turno-del-torno.jpg\",\"contentUrl\":\"https:\/\/manisescityofceramics.es\/wp-content\/uploads\/2021\/03\/turno-del-torno.jpg\",\"width\":1200,\"height\":800},{\"@type\":\"WebPage\",\"@id\":\"https:\/\/manisescityofceramics.es\/ca\/torn-del-torn\/#webpage\",\"url\":\"https:\/\/manisescityofceramics.es\/ca\/torn-del-torn\/\",\"name\":\"Torn del Torn - Manises\",\"isPartOf\":{\"@id\":\"https:\/\/manisescityofceramics.es\/#website\"},\"primaryImageOfPage\":{\"@id\":\"https:\/\/manisescityofceramics.es\/ca\/torn-del-torn\/#primaryimage\"},\"datePublished\":\"2021-03-16T19:18:58+00:00\",\"dateModified\":\"2021-03-16T19:43:33+00:00\",\"breadcrumb\":{\"@id\":\"https:\/\/manisescityofceramics.es\/ca\/torn-del-torn\/#breadcrumb\"},\"inLanguage\":\"ca\",\"potentialAction\":[{\"@type\":\"ReadAction\",\"target\":[\"https:\/\/manisescityofceramics.es\/ca\/torn-del-torn\/\"]}]},{\"@type\":\"BreadcrumbList\",\"@id\":\"https:\/\/manisescityofceramics.es\/ca\/torn-del-torn\/#breadcrumb\",\"itemListElement\":[{\"@type\":\"ListItem\",\"position\":1,\"name\":\"Inicio\",\"item\":\"https:\/\/manisescityofceramics.es\/ca\/\"},{\"@type\":\"ListItem\",\"position\":2,\"name\":\"Torn del Torn\"}]}]}<\/script>\r\n<!-- \/ Yoast SEO plugin. -->","_links":{"self":[{"href":"https:\/\/manisescityofceramics.es\/ca\/wp-json\/wp\/v2\/pages\/5903"}],"collection":[{"href":"https:\/\/manisescityofceramics.es\/ca\/wp-json\/wp\/v2\/pages"}],"about":[{"href":"https:\/\/manisescityofceramics.es\/ca\/wp-json\/wp\/v2\/types\/page"}],"author":[{"embeddable":true,"href":"https:\/\/manisescityofceramics.es\/ca\/wp-json\/wp\/v2\/users\/2"}],"replies":[{"embeddable":true,"href":"https:\/\/manisescityofceramics.es\/ca\/wp-json\/wp\/v2\/comments?post=5903"}],"version-history":[{"count":4,"href":"https:\/\/manisescityofceramics.es\/ca\/wp-json\/wp\/v2\/pages\/5903\/revisions"}],"predecessor-version":[{"id":5914,"href":"https:\/\/manisescityofceramics.es\/ca\/wp-json\/wp\/v2\/pages\/5903\/revisions\/5914"}],"wp:attachment":[{"href":"https:\/\/manisescityofceramics.es\/ca\/wp-json\/wp\/v2\/media?parent=5903"}],"curies":[{"name":"wp","href":"https:\/\/api.w.org\/{rel}","templated":true}]}}