{"id":5017,"date":"2021-03-01T09:48:55","date_gmt":"2021-03-01T09:48:55","guid":{"rendered":"http:\/\/95.39.50.142\/festividades\/"},"modified":"2021-03-10T11:19:40","modified_gmt":"2021-03-10T11:19:40","slug":"festivitats","status":"publish","type":"page","link":"https:\/\/manisescityofceramics.es\/ca\/festivitats\/","title":{"rendered":"Festivitats"},"content":{"rendered":"\t\t<div data-elementor-type=\"wp-page\" data-elementor-id=\"5017\" class=\"elementor elementor-5017 elementor-4903\">\n\t\t\t\t\t\t<div class=\"elementor-inner\">\n\t\t\t\t<div class=\"elementor-section-wrap\">\n\t\t\t\t\t\t\t\t\t<section class=\"elementor-section elementor-top-section elementor-element elementor-element-383f6be8 elementor-section-content-middle elementor-section-height-min-height elementor-section-boxed elementor-section-height-default elementor-section-items-middle\" data-id=\"383f6be8\" data-element_type=\"section\" data-settings=\"{&quot;background_background&quot;:&quot;classic&quot;}\">\n\t\t\t\t\t\t\t<div class=\"elementor-background-overlay\"><\/div>\n\t\t\t\t\t\t\t<div class=\"elementor-container elementor-column-gap-no\">\n\t\t\t\t\t\t\t<div class=\"elementor-row\">\n\t\t\t\t\t<div class=\"elementor-column elementor-col-100 elementor-top-column elementor-element elementor-element-5b46a745\" data-id=\"5b46a745\" data-element_type=\"column\">\n\t\t\t<div class=\"elementor-column-wrap elementor-element-populated\">\n\t\t\t\t\t\t\t<div class=\"elementor-widget-wrap\">\n\t\t\t\t\t\t<div class=\"elementor-element elementor-element-120b9865 elementor-widget elementor-widget-heading\" data-id=\"120b9865\" data-element_type=\"widget\" data-widget_type=\"heading.default\">\n\t\t\t\t<div class=\"elementor-widget-container\">\n\t\t\t<h1 class=\"elementor-heading-title elementor-size-default\">Festivitats<\/h1>\t\t<\/div>\n\t\t\t\t<\/div>\n\t\t\t\t\t\t<\/div>\n\t\t\t\t\t<\/div>\n\t\t<\/div>\n\t\t\t\t\t\t\t\t<\/div>\n\t\t\t\t\t<\/div>\n\t\t<\/section>\n\t\t\t\t<section class=\"elementor-section elementor-top-section elementor-element elementor-element-65529e23 elementor-section-boxed elementor-section-height-default elementor-section-height-default\" data-id=\"65529e23\" data-element_type=\"section\">\n\t\t\t\t\t\t<div class=\"elementor-container elementor-column-gap-default\">\n\t\t\t\t\t\t\t<div class=\"elementor-row\">\n\t\t\t\t\t<div class=\"elementor-column elementor-col-100 elementor-top-column elementor-element elementor-element-25eb641\" data-id=\"25eb641\" data-element_type=\"column\">\n\t\t\t<div class=\"elementor-column-wrap elementor-element-populated\">\n\t\t\t\t\t\t\t<div class=\"elementor-widget-wrap\">\n\t\t\t\t\t\t<div class=\"elementor-element elementor-element-79f8b53 elementor-widget elementor-widget-heading\" data-id=\"79f8b53\" data-element_type=\"widget\" data-widget_type=\"heading.default\">\n\t\t\t\t<div class=\"elementor-widget-container\">\n\t\t\t<h2 class=\"elementor-heading-title elementor-size-default\"><span style=\"color: #cc6633;font-weight:500;\">\nFestes Patronals \n<\/span>Santes Justa i Rufina<\/h2>\t\t<\/div>\n\t\t\t\t<\/div>\n\t\t\t\t<section class=\"elementor-section elementor-inner-section elementor-element elementor-element-58f9c37 elementor-section-boxed elementor-section-height-default elementor-section-height-default\" data-id=\"58f9c37\" data-element_type=\"section\">\n\t\t\t\t\t\t<div class=\"elementor-container elementor-column-gap-default\">\n\t\t\t\t\t\t\t<div class=\"elementor-row\">\n\t\t\t\t\t<div class=\"elementor-column elementor-col-50 elementor-inner-column elementor-element elementor-element-0ade041\" data-id=\"0ade041\" data-element_type=\"column\">\n\t\t\t<div class=\"elementor-column-wrap elementor-element-populated\">\n\t\t\t\t\t\t\t<div class=\"elementor-widget-wrap\">\n\t\t\t\t\t\t<div class=\"elementor-element elementor-element-4246584c elementor-widget elementor-widget-text-editor\" data-id=\"4246584c\" data-element_type=\"widget\" data-widget_type=\"text-editor.default\">\n\t\t\t\t<div class=\"elementor-widget-container\">\n\t\t\t\t\t\t\t\t<div class=\"elementor-text-editor elementor-clearfix\">\n\t\t\t\t<p>La asociaci\u00f3n La clavaria Santes Justa i Rufina de Manises es una entidad sin \u00e1nimo de lucro encargada de la organizaci\u00f3n de las fiestas patronales de la ciudad de Manises.\u00a0<\/p><p>De entre todos los actos organizados por la clavar\u00eda cabe destacar la centenaria Cabalgata de la Cer\u00e1mica.<\/p><p>La cabalgata, junto a la Festa de la Cer\u00e1mica son fiestas declaradas de inter\u00e9s tur\u00edstico de la Comunidad Valenciana, y todos los a\u00f1os logra congregar a decenas de miles de personas en el recorrido que realiza por las calles de Manises entregando miles de piezas de cer\u00e1mica elaborada en Manises a todos los asistentes.<\/p>\t\t\t\t\t<\/div>\n\t\t\t\t\t\t<\/div>\n\t\t\t\t<\/div>\n\t\t\t\t\t\t<\/div>\n\t\t\t\t\t<\/div>\n\t\t<\/div>\n\t\t\t\t<div class=\"elementor-column elementor-col-50 elementor-inner-column elementor-element elementor-element-39dadcd\" data-id=\"39dadcd\" data-element_type=\"column\">\n\t\t\t<div class=\"elementor-column-wrap elementor-element-populated\">\n\t\t\t\t\t\t\t<div class=\"elementor-widget-wrap\">\n\t\t\t\t\t\t<div class=\"elementor-element elementor-element-45714b6 elementor-widget elementor-widget-image\" data-id=\"45714b6\" data-element_type=\"widget\" data-widget_type=\"image.default\">\n\t\t\t\t<div class=\"elementor-widget-container\">\n\t\t\t\t\t\t\t\t<div class=\"elementor-image\">\n\t\t\t\t\t\t\t\t\t\t\t\t<img width=\"1024\" height=\"683\" src=\"https:\/\/manisescityofceramics.es\/wp-content\/uploads\/2021\/03\/clavaria3-1024x683.jpg\" class=\"attachment-large size-large\" alt=\"\" loading=\"lazy\" srcset=\"https:\/\/manisescityofceramics.es\/wp-content\/uploads\/2021\/03\/clavaria3-1024x683.jpg 1024w, https:\/\/manisescityofceramics.es\/wp-content\/uploads\/2021\/03\/clavaria3-300x200.jpg 300w, https:\/\/manisescityofceramics.es\/wp-content\/uploads\/2021\/03\/clavaria3-768x512.jpg 768w, https:\/\/manisescityofceramics.es\/wp-content\/uploads\/2021\/03\/clavaria3.jpg 1200w\" sizes=\"(max-width: 1024px) 100vw, 1024px\" \/>\t\t\t\t\t\t\t\t\t\t\t\t\t\t<\/div>\n\t\t\t\t\t\t<\/div>\n\t\t\t\t<\/div>\n\t\t\t\t\t\t<\/div>\n\t\t\t\t\t<\/div>\n\t\t<\/div>\n\t\t\t\t\t\t\t\t<\/div>\n\t\t\t\t\t<\/div>\n\t\t<\/section>\n\t\t\t\t<section class=\"elementor-section elementor-inner-section elementor-element elementor-element-c00aa71 elementor-reverse-tablet elementor-reverse-mobile elementor-section-boxed elementor-section-height-default elementor-section-height-default\" data-id=\"c00aa71\" data-element_type=\"section\">\n\t\t\t\t\t\t<div class=\"elementor-container elementor-column-gap-default\">\n\t\t\t\t\t\t\t<div class=\"elementor-row\">\n\t\t\t\t\t<div class=\"elementor-column elementor-col-50 elementor-inner-column elementor-element elementor-element-1c5172d\" data-id=\"1c5172d\" data-element_type=\"column\">\n\t\t\t<div class=\"elementor-column-wrap elementor-element-populated\">\n\t\t\t\t\t\t\t<div class=\"elementor-widget-wrap\">\n\t\t\t\t\t\t<div class=\"elementor-element elementor-element-23247db elementor-widget elementor-widget-image\" data-id=\"23247db\" data-element_type=\"widget\" data-widget_type=\"image.default\">\n\t\t\t\t<div class=\"elementor-widget-container\">\n\t\t\t\t\t\t\t\t<div class=\"elementor-image\">\n\t\t\t\t\t\t\t\t\t\t\t\t<img width=\"1024\" height=\"683\" src=\"https:\/\/manisescityofceramics.es\/wp-content\/uploads\/2021\/03\/clavaria-1024x683.jpg\" class=\"attachment-large size-large\" alt=\"\" loading=\"lazy\" srcset=\"https:\/\/manisescityofceramics.es\/wp-content\/uploads\/2021\/03\/clavaria-1024x683.jpg 1024w, https:\/\/manisescityofceramics.es\/wp-content\/uploads\/2021\/03\/clavaria-300x200.jpg 300w, https:\/\/manisescityofceramics.es\/wp-content\/uploads\/2021\/03\/clavaria-768x512.jpg 768w, https:\/\/manisescityofceramics.es\/wp-content\/uploads\/2021\/03\/clavaria.jpg 1200w\" sizes=\"(max-width: 1024px) 100vw, 1024px\" \/>\t\t\t\t\t\t\t\t\t\t\t\t\t\t<\/div>\n\t\t\t\t\t\t<\/div>\n\t\t\t\t<\/div>\n\t\t\t\t\t\t<\/div>\n\t\t\t\t\t<\/div>\n\t\t<\/div>\n\t\t\t\t<div class=\"elementor-column elementor-col-50 elementor-inner-column elementor-element elementor-element-949301f\" data-id=\"949301f\" data-element_type=\"column\">\n\t\t\t<div class=\"elementor-column-wrap elementor-element-populated\">\n\t\t\t\t\t\t\t<div class=\"elementor-widget-wrap\">\n\t\t\t\t\t\t<div class=\"elementor-element elementor-element-e333596 elementor-widget elementor-widget-text-editor\" data-id=\"e333596\" data-element_type=\"widget\" data-widget_type=\"text-editor.default\">\n\t\t\t\t<div class=\"elementor-widget-container\">\n\t\t\t\t\t\t\t\t<div class=\"elementor-text-editor elementor-clearfix\">\n\t\t\t\t<p>Se celebra la vesprada del 18 de juliol i \u00e9s una festa, amb m\u00e9s de 100 anys d\u2019hist\u00f2ria, per la qual els manisers\/es sentim un afecte molt especial, ja que serveix per a mostrar als milers de visitants que s\u2019acosten a Manises la import\u00e0ncia i repercussi\u00f3 que va tindre i continua tenint en el nostre municipi la cer\u00e0mica.<\/p><p>La clavaria, dins de l\u2019organitzaci\u00f3 de les festes patronals de Manises del mes de juliol, inclou actes de tota mena: culturals, religiosos, gastron\u00f2mics, esportius, musicals i infantils. Cada any entreguem el premi \u00c0mfora d\u2019Or a persones o entitats per la seua contrastada traject\u00f2ria en diferents \u00e0rees. Tamb\u00e9 organitzem concerts i orquestres musicals, a m\u00e9s d\u2019actes infantils i actes gastron\u00f2mics com la paella gegant o \u201cla botifarr\u00e0\u201d.<\/p>\t\t\t\t\t<\/div>\n\t\t\t\t\t\t<\/div>\n\t\t\t\t<\/div>\n\t\t\t\t\t\t<\/div>\n\t\t\t\t\t<\/div>\n\t\t<\/div>\n\t\t\t\t\t\t\t\t<\/div>\n\t\t\t\t\t<\/div>\n\t\t<\/section>\n\t\t\t\t<section class=\"elementor-section elementor-inner-section elementor-element elementor-element-09b4858 elementor-section-boxed elementor-section-height-default elementor-section-height-default\" data-id=\"09b4858\" data-element_type=\"section\">\n\t\t\t\t\t\t<div class=\"elementor-container elementor-column-gap-default\">\n\t\t\t\t\t\t\t<div class=\"elementor-row\">\n\t\t\t\t\t<div class=\"elementor-column elementor-col-50 elementor-inner-column elementor-element elementor-element-acbd0b4\" data-id=\"acbd0b4\" data-element_type=\"column\">\n\t\t\t<div class=\"elementor-column-wrap elementor-element-populated\">\n\t\t\t\t\t\t\t<div class=\"elementor-widget-wrap\">\n\t\t\t\t\t\t<div class=\"elementor-element elementor-element-5636e51 elementor-widget elementor-widget-text-editor\" data-id=\"5636e51\" data-element_type=\"widget\" data-widget_type=\"text-editor.default\">\n\t\t\t\t<div class=\"elementor-widget-container\">\n\t\t\t\t\t\t\t\t<div class=\"elementor-text-editor elementor-clearfix\">\n\t\t\t\t<p>Aquests estan oberts a tota la ciutadania, sense cap cost per a ells. Per a finalitzar la setmana de festes, la clavaria organitza la missa i process\u00f3 en honor a les Santes Patrones de la nostra ciutat, Santes Justa i Rufina, nomenades patrones de Manises pel seu ofici com a terrisseres.<\/p><p>La cer\u00e0mica de Manises \u00e9s el fil conductor de tots els actes organitzats per la clavaria durant l&#8217;any i, principalment, durant la setmana de festes patronals. Tots els nostres actes tenen, d\u2019una forma directa o indirecta, la cer\u00e0mica de la nostra localitat com a referent o com a nota diferenciadora. Per aix\u00f2, cada any encarreguem als artesans ceramistes l\u2019elaboraci\u00f3 de peces \u00faniques, com la famosa \u201cescuraeta\u201d o \u201cels platerets de les Santes\u201d, que s\u00f3n entregades en els diversos actes realitzats.<\/p><p>Visca les Santes!!<\/p>\t\t\t\t\t<\/div>\n\t\t\t\t\t\t<\/div>\n\t\t\t\t<\/div>\n\t\t\t\t\t\t<\/div>\n\t\t\t\t\t<\/div>\n\t\t<\/div>\n\t\t\t\t<div class=\"elementor-column elementor-col-50 elementor-inner-column elementor-element elementor-element-7f48bf3\" data-id=\"7f48bf3\" data-element_type=\"column\">\n\t\t\t<div class=\"elementor-column-wrap elementor-element-populated\">\n\t\t\t\t\t\t\t<div class=\"elementor-widget-wrap\">\n\t\t\t\t\t\t<div class=\"elementor-element elementor-element-74359a0 elementor-widget elementor-widget-image\" data-id=\"74359a0\" data-element_type=\"widget\" data-widget_type=\"image.default\">\n\t\t\t\t<div class=\"elementor-widget-container\">\n\t\t\t\t\t\t\t\t<div class=\"elementor-image\">\n\t\t\t\t\t\t\t\t\t\t\t\t<img width=\"1024\" height=\"683\" src=\"https:\/\/manisescityofceramics.es\/wp-content\/uploads\/2021\/03\/clavaria2-1024x683.jpg\" class=\"attachment-large size-large\" alt=\"\" loading=\"lazy\" srcset=\"https:\/\/manisescityofceramics.es\/wp-content\/uploads\/2021\/03\/clavaria2-1024x683.jpg 1024w, https:\/\/manisescityofceramics.es\/wp-content\/uploads\/2021\/03\/clavaria2-300x200.jpg 300w, https:\/\/manisescityofceramics.es\/wp-content\/uploads\/2021\/03\/clavaria2-768x512.jpg 768w, https:\/\/manisescityofceramics.es\/wp-content\/uploads\/2021\/03\/clavaria2.jpg 1200w\" sizes=\"(max-width: 1024px) 100vw, 1024px\" \/>\t\t\t\t\t\t\t\t\t\t\t\t\t\t<\/div>\n\t\t\t\t\t\t<\/div>\n\t\t\t\t<\/div>\n\t\t\t\t\t\t<\/div>\n\t\t\t\t\t<\/div>\n\t\t<\/div>\n\t\t\t\t\t\t\t\t<\/div>\n\t\t\t\t\t<\/div>\n\t\t<\/section>\n\t\t\t\t\t\t<\/div>\n\t\t\t\t\t<\/div>\n\t\t<\/div>\n\t\t\t\t\t\t\t\t<\/div>\n\t\t\t\t\t<\/div>\n\t\t<\/section>\n\t\t\t\t\t\t\t\t\t<\/div>\n\t\t\t<\/div>\n\t\t\t\t\t<\/div>\n\t\t","protected":false},"excerpt":{"rendered":"<p>Festivitats Festes Patronals Santes Justa i Rufina La asociaci\u00f3n La clavaria Santes Justa i Rufina de Manises es una entidad sin \u00e1nimo de lucro encargada de la organizaci\u00f3n de las &hellip;<\/p>\n<p class=\"read-more\"> <a class=\"\" href=\"https:\/\/manisescityofceramics.es\/ca\/festivitats\/\"> <span class=\"screen-reader-text\">Festivitats<\/span> Llegeix m\u00e9s &raquo;<\/a><\/p>\n","protected":false},"author":2,"featured_media":0,"parent":0,"menu_order":0,"comment_status":"closed","ping_status":"closed","template":"","meta":{"_monsterinsights_skip_tracking":false,"_monsterinsights_sitenote_active":false,"_monsterinsights_sitenote_note":"","_monsterinsights_sitenote_category":0},"yoast_head":"<!-- This site is optimized with the Yoast SEO plugin v16.5 - https:\/\/yoast.com\/wordpress\/plugins\/seo\/ -->\r\n<title>Festivitats - Manises<\/title>\r\n<meta name=\"robots\" content=\"index, follow, max-snippet:-1, max-image-preview:large, max-video-preview:-1\" \/>\r\n<link rel=\"canonical\" href=\"https:\/\/manisescityofceramics.es\/ca\/festivitats\/\" \/>\r\n<meta property=\"og:locale\" content=\"ca_ES\" \/>\r\n<meta property=\"og:type\" content=\"article\" \/>\r\n<meta property=\"og:title\" content=\"Festivitats - Manises\" \/>\r\n<meta property=\"og:description\" content=\"Festivitats Festes Patronals Santes Justa i Rufina La asociaci\u00f3n La clavaria Santes Justa i Rufina de Manises es una entidad sin \u00e1nimo de lucro encargada de la organizaci\u00f3n de las &hellip; Festivitats Llegeix m\u00e9s &raquo;\" \/>\r\n<meta property=\"og:url\" content=\"https:\/\/manisescityofceramics.es\/ca\/festivitats\/\" \/>\r\n<meta property=\"og:site_name\" content=\"Manises\" \/>\r\n<meta property=\"article:modified_time\" content=\"2021-03-10T11:19:40+00:00\" \/>\r\n<meta property=\"og:image\" content=\"https:\/\/manisescityofceramics.es\/wp-content\/uploads\/2021\/03\/clavaria3-1024x683.jpg\" \/>\r\n<meta name=\"twitter:card\" content=\"summary_large_image\" \/>\r\n<meta name=\"twitter:label1\" content=\"Temps estimat de lectura\" \/>\n\t<meta name=\"twitter:data1\" content=\"3 minuts\" \/>\r\n<script type=\"application\/ld+json\" class=\"yoast-schema-graph\">{\"@context\":\"https:\/\/schema.org\",\"@graph\":[{\"@type\":\"WebSite\",\"@id\":\"https:\/\/manisescityofceramics.es\/#website\",\"url\":\"https:\/\/manisescityofceramics.es\/\",\"name\":\"Manises\",\"description\":\"\",\"potentialAction\":[{\"@type\":\"SearchAction\",\"target\":\"https:\/\/manisescityofceramics.es\/?s={search_term_string}\",\"query-input\":\"required name=search_term_string\"}],\"inLanguage\":\"ca\"},{\"@type\":\"ImageObject\",\"@id\":\"https:\/\/manisescityofceramics.es\/ca\/festivitats\/#primaryimage\",\"inLanguage\":\"ca\",\"url\":\"https:\/\/manisescityofceramics.es\/wp-content\/uploads\/2021\/03\/clavaria3.jpg\",\"contentUrl\":\"https:\/\/manisescityofceramics.es\/wp-content\/uploads\/2021\/03\/clavaria3.jpg\",\"width\":1200,\"height\":800},{\"@type\":\"WebPage\",\"@id\":\"https:\/\/manisescityofceramics.es\/ca\/festivitats\/#webpage\",\"url\":\"https:\/\/manisescityofceramics.es\/ca\/festivitats\/\",\"name\":\"Festivitats - Manises\",\"isPartOf\":{\"@id\":\"https:\/\/manisescityofceramics.es\/#website\"},\"primaryImageOfPage\":{\"@id\":\"https:\/\/manisescityofceramics.es\/ca\/festivitats\/#primaryimage\"},\"datePublished\":\"2021-03-01T09:48:55+00:00\",\"dateModified\":\"2021-03-10T11:19:40+00:00\",\"breadcrumb\":{\"@id\":\"https:\/\/manisescityofceramics.es\/ca\/festivitats\/#breadcrumb\"},\"inLanguage\":\"ca\",\"potentialAction\":[{\"@type\":\"ReadAction\",\"target\":[\"https:\/\/manisescityofceramics.es\/ca\/festivitats\/\"]}]},{\"@type\":\"BreadcrumbList\",\"@id\":\"https:\/\/manisescityofceramics.es\/ca\/festivitats\/#breadcrumb\",\"itemListElement\":[{\"@type\":\"ListItem\",\"position\":1,\"name\":\"Inicio\",\"item\":\"https:\/\/manisescityofceramics.es\/ca\/\"},{\"@type\":\"ListItem\",\"position\":2,\"name\":\"Festivitats\"}]}]}<\/script>\r\n<!-- \/ Yoast SEO plugin. -->","_links":{"self":[{"href":"https:\/\/manisescityofceramics.es\/ca\/wp-json\/wp\/v2\/pages\/5017"}],"collection":[{"href":"https:\/\/manisescityofceramics.es\/ca\/wp-json\/wp\/v2\/pages"}],"about":[{"href":"https:\/\/manisescityofceramics.es\/ca\/wp-json\/wp\/v2\/types\/page"}],"author":[{"embeddable":true,"href":"https:\/\/manisescityofceramics.es\/ca\/wp-json\/wp\/v2\/users\/2"}],"replies":[{"embeddable":true,"href":"https:\/\/manisescityofceramics.es\/ca\/wp-json\/wp\/v2\/comments?post=5017"}],"version-history":[{"count":7,"href":"https:\/\/manisescityofceramics.es\/ca\/wp-json\/wp\/v2\/pages\/5017\/revisions"}],"predecessor-version":[{"id":5669,"href":"https:\/\/manisescityofceramics.es\/ca\/wp-json\/wp\/v2\/pages\/5017\/revisions\/5669"}],"wp:attachment":[{"href":"https:\/\/manisescityofceramics.es\/ca\/wp-json\/wp\/v2\/media?parent=5017"}],"curies":[{"name":"wp","href":"https:\/\/api.w.org\/{rel}","templated":true}]}}