{"id":4965,"date":"2021-03-01T09:58:42","date_gmt":"2021-03-01T09:58:42","guid":{"rendered":"http:\/\/95.39.50.142\/cabalgata-de-la-ceramica\/"},"modified":"2021-03-01T11:55:22","modified_gmt":"2021-03-01T11:55:22","slug":"cavalcada-de-la-ceramica","status":"publish","type":"page","link":"https:\/\/manisescityofceramics.es\/ca\/cavalcada-de-la-ceramica\/","title":{"rendered":"Cavalcada de la Cer\u00e0mica"},"content":{"rendered":"\t\t<div data-elementor-type=\"wp-page\" data-elementor-id=\"4965\" class=\"elementor elementor-4965 elementor-4913\">\n\t\t\t\t\t\t<div class=\"elementor-inner\">\n\t\t\t\t<div class=\"elementor-section-wrap\">\n\t\t\t\t\t\t\t\t\t<section class=\"elementor-section elementor-top-section elementor-element elementor-element-7f4d2c69 elementor-section-content-middle elementor-section-height-min-height elementor-section-boxed elementor-section-height-default elementor-section-items-middle\" data-id=\"7f4d2c69\" data-element_type=\"section\" data-settings=\"{&quot;background_background&quot;:&quot;classic&quot;}\">\n\t\t\t\t\t\t\t<div class=\"elementor-background-overlay\"><\/div>\n\t\t\t\t\t\t\t<div class=\"elementor-container elementor-column-gap-no\">\n\t\t\t\t\t\t\t<div class=\"elementor-row\">\n\t\t\t\t\t<div class=\"elementor-column elementor-col-100 elementor-top-column elementor-element elementor-element-a988ad3\" data-id=\"a988ad3\" data-element_type=\"column\">\n\t\t\t<div class=\"elementor-column-wrap elementor-element-populated\">\n\t\t\t\t\t\t\t<div class=\"elementor-widget-wrap\">\n\t\t\t\t\t\t<div class=\"elementor-element elementor-element-7721be3d elementor-widget elementor-widget-heading\" data-id=\"7721be3d\" data-element_type=\"widget\" data-widget_type=\"heading.default\">\n\t\t\t\t<div class=\"elementor-widget-container\">\n\t\t\t<h1 class=\"elementor-heading-title elementor-size-default\">Cavalcada de<br> la Cer\u00e0mica<\/h1>\t\t<\/div>\n\t\t\t\t<\/div>\n\t\t\t\t\t\t<\/div>\n\t\t\t\t\t<\/div>\n\t\t<\/div>\n\t\t\t\t\t\t\t\t<\/div>\n\t\t\t\t\t<\/div>\n\t\t<\/section>\n\t\t\t\t<section class=\"elementor-section elementor-top-section elementor-element elementor-element-7190a90b elementor-section-boxed elementor-section-height-default elementor-section-height-default\" data-id=\"7190a90b\" data-element_type=\"section\">\n\t\t\t\t\t\t<div class=\"elementor-container elementor-column-gap-default\">\n\t\t\t\t\t\t\t<div class=\"elementor-row\">\n\t\t\t\t\t<div class=\"elementor-column elementor-col-50 elementor-top-column elementor-element elementor-element-24632663\" data-id=\"24632663\" data-element_type=\"column\">\n\t\t\t<div class=\"elementor-column-wrap elementor-element-populated\">\n\t\t\t\t\t\t\t<div class=\"elementor-widget-wrap\">\n\t\t\t\t\t\t<div class=\"elementor-element elementor-element-aaadd7e elementor-widget elementor-widget-heading\" data-id=\"aaadd7e\" data-element_type=\"widget\" data-widget_type=\"heading.default\">\n\t\t\t\t<div class=\"elementor-widget-container\">\n\t\t\t<h2 class=\"elementor-heading-title elementor-size-default\"><span style=\"color: #cc6633;font-weight:500;\">Cavalcada<\/span> Cer\u00e0mica<\/h2>\t\t<\/div>\n\t\t\t\t<\/div>\n\t\t\t\t<div class=\"elementor-element elementor-element-4a17982 elementor-widget elementor-widget-text-editor\" data-id=\"4a17982\" data-element_type=\"widget\" data-widget_type=\"text-editor.default\">\n\t\t\t\t<div class=\"elementor-widget-container\">\n\t\t\t\t\t\t\t\t<div class=\"elementor-text-editor elementor-clearfix\">\n\t\t\t\t<p>Si hi ha dos actes en les Festes Patronals de Manises que no et pots perdre s\u00f3n, sens dubte, la Festa i la Cavalcada de la Cer\u00e0mica de Manises.<\/p><p>Estan declarats Festa d\u2019Inter\u00e9s Tur\u00edstic Auton\u00f2mic de la Comunitat Valenciana, i el seu objectiu \u00e9s continuar posant en valor la seua cer\u00e0mica i les <strong>tradicions m\u00e9s vinculades a la cultura i la hist\u00f2ria de Manises.<\/strong><\/p><p>La <strong>Cavalcada de la Cer\u00e0mica se celebra el<\/strong> <strong>18 de juliol<\/strong>, vespra de la festa major en honor de les santes Justa i Rufina. I \u00e9s \u00fanica al m\u00f3n i digna de veure.<\/p>\t\t\t\t\t<\/div>\n\t\t\t\t\t\t<\/div>\n\t\t\t\t<\/div>\n\t\t\t\t\t\t<\/div>\n\t\t\t\t\t<\/div>\n\t\t<\/div>\n\t\t\t\t<div class=\"elementor-column elementor-col-50 elementor-top-column elementor-element elementor-element-52b3d273\" data-id=\"52b3d273\" data-element_type=\"column\">\n\t\t\t<div class=\"elementor-column-wrap elementor-element-populated\">\n\t\t\t\t\t\t\t<div class=\"elementor-widget-wrap\">\n\t\t\t\t\t\t<div class=\"elementor-element elementor-element-51940288 elementor-widget elementor-widget-image\" data-id=\"51940288\" data-element_type=\"widget\" data-widget_type=\"image.default\">\n\t\t\t\t<div class=\"elementor-widget-container\">\n\t\t\t\t\t\t\t\t<div class=\"elementor-image\">\n\t\t\t\t\t\t\t\t\t\t\t\t<img width=\"1024\" height=\"683\" src=\"https:\/\/manisescityofceramics.es\/wp-content\/uploads\/2021\/03\/cabalgata-ceramica-1024x683.jpg\" class=\"attachment-large size-large\" alt=\"\" loading=\"lazy\" srcset=\"https:\/\/manisescityofceramics.es\/wp-content\/uploads\/2021\/03\/cabalgata-ceramica-1024x683.jpg 1024w, https:\/\/manisescityofceramics.es\/wp-content\/uploads\/2021\/03\/cabalgata-ceramica-300x200.jpg 300w, https:\/\/manisescityofceramics.es\/wp-content\/uploads\/2021\/03\/cabalgata-ceramica-768x512.jpg 768w, https:\/\/manisescityofceramics.es\/wp-content\/uploads\/2021\/03\/cabalgata-ceramica.jpg 1200w\" sizes=\"(max-width: 1024px) 100vw, 1024px\" \/>\t\t\t\t\t\t\t\t\t\t\t\t\t\t<\/div>\n\t\t\t\t\t\t<\/div>\n\t\t\t\t<\/div>\n\t\t\t\t\t\t<\/div>\n\t\t\t\t\t<\/div>\n\t\t<\/div>\n\t\t\t\t\t\t\t\t<\/div>\n\t\t\t\t\t<\/div>\n\t\t<\/section>\n\t\t\t\t<section class=\"elementor-section elementor-top-section elementor-element elementor-element-35ab7860 elementor-reverse-tablet elementor-reverse-mobile elementor-section-boxed elementor-section-height-default elementor-section-height-default\" data-id=\"35ab7860\" data-element_type=\"section\">\n\t\t\t\t\t\t<div class=\"elementor-container elementor-column-gap-default\">\n\t\t\t\t\t\t\t<div class=\"elementor-row\">\n\t\t\t\t\t<div class=\"elementor-column elementor-col-50 elementor-top-column elementor-element elementor-element-70422b64\" data-id=\"70422b64\" data-element_type=\"column\">\n\t\t\t<div class=\"elementor-column-wrap elementor-element-populated\">\n\t\t\t\t\t\t\t<div class=\"elementor-widget-wrap\">\n\t\t\t\t\t\t<div class=\"elementor-element elementor-element-24950f0 elementor-widget elementor-widget-image\" data-id=\"24950f0\" data-element_type=\"widget\" data-widget_type=\"image.default\">\n\t\t\t\t<div class=\"elementor-widget-container\">\n\t\t\t\t\t\t\t\t<div class=\"elementor-image\">\n\t\t\t\t\t\t\t\t\t\t\t\t<img width=\"1024\" height=\"683\" src=\"https:\/\/manisescityofceramics.es\/wp-content\/uploads\/2021\/03\/cabalgata-ceramica4-1024x683.jpg\" class=\"attachment-large size-large\" alt=\"\" loading=\"lazy\" srcset=\"https:\/\/manisescityofceramics.es\/wp-content\/uploads\/2021\/03\/cabalgata-ceramica4-1024x683.jpg 1024w, https:\/\/manisescityofceramics.es\/wp-content\/uploads\/2021\/03\/cabalgata-ceramica4-300x200.jpg 300w, https:\/\/manisescityofceramics.es\/wp-content\/uploads\/2021\/03\/cabalgata-ceramica4-768x512.jpg 768w, https:\/\/manisescityofceramics.es\/wp-content\/uploads\/2021\/03\/cabalgata-ceramica4.jpg 1200w\" sizes=\"(max-width: 1024px) 100vw, 1024px\" \/>\t\t\t\t\t\t\t\t\t\t\t\t\t\t<\/div>\n\t\t\t\t\t\t<\/div>\n\t\t\t\t<\/div>\n\t\t\t\t\t\t<\/div>\n\t\t\t\t\t<\/div>\n\t\t<\/div>\n\t\t\t\t<div class=\"elementor-column elementor-col-50 elementor-top-column elementor-element elementor-element-1d51f12a\" data-id=\"1d51f12a\" data-element_type=\"column\">\n\t\t\t<div class=\"elementor-column-wrap elementor-element-populated\">\n\t\t\t\t\t\t\t<div class=\"elementor-widget-wrap\">\n\t\t\t\t\t\t<div class=\"elementor-element elementor-element-4395627c elementor-widget elementor-widget-text-editor\" data-id=\"4395627c\" data-element_type=\"widget\" data-widget_type=\"text-editor.default\">\n\t\t\t\t<div class=\"elementor-widget-container\">\n\t\t\t\t\t\t\t\t<div class=\"elementor-text-editor elementor-clearfix\">\n\t\t\t\t<p>Es tracta d\u2019una desfilada de carrosses, des de les quals els membres de la Clavaria de les Santes Justa i Rufina obsequien els ve\u00efnat i els visitants <strong>amb milers de peces de cer\u00e0mica.<\/strong><\/p><p>La primera const\u00e0ncia apareix en 1900 en el diari <em>Las Provincias<\/em> i ja es referia a l\u2019esdeveniment com \u201cuna llu\u00efda cavalcada en la qual figuraran art\u00edstics i capritxosos carros amb al\u00b7legories de la ind\u00fastria cer\u00e0mica.\u201d<\/p><p>En aquell temps l\u2019organitzaven els fabricants de cer\u00e0mica. Cada empresa s\u2019encarregava d\u2019una plataforma que era decorada pels mateixos treballadors i que, tirada per cavalls, participava en una desfilada molt similar al de la Batalla de les Flors, per\u00f2 que a la nostra ciutat es convertiria en cer\u00e0mica.<\/p>\t\t\t\t\t<\/div>\n\t\t\t\t\t\t<\/div>\n\t\t\t\t<\/div>\n\t\t\t\t\t\t<\/div>\n\t\t\t\t\t<\/div>\n\t\t<\/div>\n\t\t\t\t\t\t\t\t<\/div>\n\t\t\t\t\t<\/div>\n\t\t<\/section>\n\t\t\t\t<section class=\"elementor-section elementor-top-section elementor-element elementor-element-1cd7d174 elementor-section-boxed elementor-section-height-default elementor-section-height-default\" data-id=\"1cd7d174\" data-element_type=\"section\">\n\t\t\t\t\t\t<div class=\"elementor-container elementor-column-gap-default\">\n\t\t\t\t\t\t\t<div class=\"elementor-row\">\n\t\t\t\t\t<div class=\"elementor-column elementor-col-50 elementor-top-column elementor-element elementor-element-6cf2f278\" data-id=\"6cf2f278\" data-element_type=\"column\">\n\t\t\t<div class=\"elementor-column-wrap elementor-element-populated\">\n\t\t\t\t\t\t\t<div class=\"elementor-widget-wrap\">\n\t\t\t\t\t\t<div class=\"elementor-element elementor-element-6bcfc7ef elementor-widget elementor-widget-text-editor\" data-id=\"6bcfc7ef\" data-element_type=\"widget\" data-widget_type=\"text-editor.default\">\n\t\t\t\t<div class=\"elementor-widget-container\">\n\t\t\t\t\t\t\t\t<div class=\"elementor-text-editor elementor-clearfix\">\n\t\t\t\t<p>Les carrosses s\u2019omplien de <em>menudet<\/em> per a regalar: eren peces de miniatura, r\u00e8pliques d\u2019originals, que els fabricants sempre tenien a m\u00e0 per a regalar als compradors.<\/p><p>Quan les comandes baixaven, els treballadors dedicaven part de la seua jornada a elaborar aquestes miniatures amb vista a tindre sempre peces de sobres.<\/p><p>Tamb\u00e9 era molt com\u00fa repartir peces d\u2019<em>escuradeta<\/em>: reproduccions a escala redu\u00efda de parament de cuina d\u2019\u00fas dom\u00e8stic, com ara platerets, tasses, pitxers, fonts, teteres, etc.<\/p>\t\t\t\t\t<\/div>\n\t\t\t\t\t\t<\/div>\n\t\t\t\t<\/div>\n\t\t\t\t\t\t<\/div>\n\t\t\t\t\t<\/div>\n\t\t<\/div>\n\t\t\t\t<div class=\"elementor-column elementor-col-50 elementor-top-column elementor-element elementor-element-63dc0392\" data-id=\"63dc0392\" data-element_type=\"column\">\n\t\t\t<div class=\"elementor-column-wrap elementor-element-populated\">\n\t\t\t\t\t\t\t<div class=\"elementor-widget-wrap\">\n\t\t\t\t\t\t<div class=\"elementor-element elementor-element-4c27e5d7 elementor-widget elementor-widget-image\" data-id=\"4c27e5d7\" data-element_type=\"widget\" data-widget_type=\"image.default\">\n\t\t\t\t<div class=\"elementor-widget-container\">\n\t\t\t\t\t\t\t\t<div class=\"elementor-image\">\n\t\t\t\t\t\t\t\t\t\t\t\t<img width=\"1024\" height=\"683\" src=\"https:\/\/manisescityofceramics.es\/wp-content\/uploads\/2021\/03\/cabalgata-ceramica2-1024x683.jpg\" class=\"attachment-large size-large\" alt=\"\" loading=\"lazy\" srcset=\"https:\/\/manisescityofceramics.es\/wp-content\/uploads\/2021\/03\/cabalgata-ceramica2-1024x683.jpg 1024w, https:\/\/manisescityofceramics.es\/wp-content\/uploads\/2021\/03\/cabalgata-ceramica2-300x200.jpg 300w, https:\/\/manisescityofceramics.es\/wp-content\/uploads\/2021\/03\/cabalgata-ceramica2-768x512.jpg 768w, https:\/\/manisescityofceramics.es\/wp-content\/uploads\/2021\/03\/cabalgata-ceramica2.jpg 1200w\" sizes=\"(max-width: 1024px) 100vw, 1024px\" \/>\t\t\t\t\t\t\t\t\t\t\t\t\t\t<\/div>\n\t\t\t\t\t\t<\/div>\n\t\t\t\t<\/div>\n\t\t\t\t\t\t<\/div>\n\t\t\t\t\t<\/div>\n\t\t<\/div>\n\t\t\t\t\t\t\t\t<\/div>\n\t\t\t\t\t<\/div>\n\t\t<\/section>\n\t\t\t\t<section class=\"elementor-section elementor-top-section elementor-element elementor-element-6475d261 elementor-reverse-tablet elementor-reverse-mobile elementor-section-boxed elementor-section-height-default elementor-section-height-default\" data-id=\"6475d261\" data-element_type=\"section\">\n\t\t\t\t\t\t<div class=\"elementor-container elementor-column-gap-default\">\n\t\t\t\t\t\t\t<div class=\"elementor-row\">\n\t\t\t\t\t<div class=\"elementor-column elementor-col-50 elementor-top-column elementor-element elementor-element-1099723b\" data-id=\"1099723b\" data-element_type=\"column\">\n\t\t\t<div class=\"elementor-column-wrap elementor-element-populated\">\n\t\t\t\t\t\t\t<div class=\"elementor-widget-wrap\">\n\t\t\t\t\t\t<div class=\"elementor-element elementor-element-5bc1b671 elementor-widget elementor-widget-image\" data-id=\"5bc1b671\" data-element_type=\"widget\" data-widget_type=\"image.default\">\n\t\t\t\t<div class=\"elementor-widget-container\">\n\t\t\t\t\t\t\t\t<div class=\"elementor-image\">\n\t\t\t\t\t\t\t\t\t\t\t\t<img width=\"1024\" height=\"683\" src=\"https:\/\/manisescityofceramics.es\/wp-content\/uploads\/2021\/03\/cabalgata-ceramica3-1024x683.jpg\" class=\"attachment-large size-large\" alt=\"\" loading=\"lazy\" srcset=\"https:\/\/manisescityofceramics.es\/wp-content\/uploads\/2021\/03\/cabalgata-ceramica3-1024x683.jpg 1024w, https:\/\/manisescityofceramics.es\/wp-content\/uploads\/2021\/03\/cabalgata-ceramica3-300x200.jpg 300w, https:\/\/manisescityofceramics.es\/wp-content\/uploads\/2021\/03\/cabalgata-ceramica3-768x512.jpg 768w, https:\/\/manisescityofceramics.es\/wp-content\/uploads\/2021\/03\/cabalgata-ceramica3.jpg 1200w\" sizes=\"(max-width: 1024px) 100vw, 1024px\" \/>\t\t\t\t\t\t\t\t\t\t\t\t\t\t<\/div>\n\t\t\t\t\t\t<\/div>\n\t\t\t\t<\/div>\n\t\t\t\t\t\t<\/div>\n\t\t\t\t\t<\/div>\n\t\t<\/div>\n\t\t\t\t<div class=\"elementor-column elementor-col-50 elementor-top-column elementor-element elementor-element-54ddd54d\" data-id=\"54ddd54d\" data-element_type=\"column\">\n\t\t\t<div class=\"elementor-column-wrap elementor-element-populated\">\n\t\t\t\t\t\t\t<div class=\"elementor-widget-wrap\">\n\t\t\t\t\t\t<div class=\"elementor-element elementor-element-79c2fab0 elementor-widget elementor-widget-text-editor\" data-id=\"79c2fab0\" data-element_type=\"widget\" data-widget_type=\"text-editor.default\">\n\t\t\t\t<div class=\"elementor-widget-container\">\n\t\t\t\t\t\t\t\t<div class=\"elementor-text-editor elementor-clearfix\">\n\t\t\t\t<p>Amb el pas dels anys, la Cavalcada de la Cer\u00e0mica ha anat evolucionant. S\u2019han canviat els cavalls per camions i tractors i les carrosses s\u2019han modificat per adaptar-se a les noves mesures de seguretat.<\/p><p>Tamb\u00e9 ha canviat el tipus de peces i, hui dia, es regala als participants no solament l\u2019escuradeta, tamb\u00e9 un altre tipus de peces m\u00e9s grans. Algunes d\u2019aquestes peces, com els plats de les Santes, tenen tanta popularitat que s\u2019han convertit en articles de col\u00b7lecci\u00f3.<\/p><p>Actualment es lliuren milers de peces elaborades per empreses i artesans locals que les elaboren a prop\u00f2sit per a aquesta festa tan \u00fanica com impossible d\u2019oblidar.<\/p><p>\u00a0<\/p>\t\t\t\t\t<\/div>\n\t\t\t\t\t\t<\/div>\n\t\t\t\t<\/div>\n\t\t\t\t\t\t<\/div>\n\t\t\t\t\t<\/div>\n\t\t<\/div>\n\t\t\t\t\t\t\t\t<\/div>\n\t\t\t\t\t<\/div>\n\t\t<\/section>\n\t\t\t\t<section class=\"elementor-section elementor-top-section elementor-element elementor-element-367865d elementor-section-boxed elementor-section-height-default elementor-section-height-default\" data-id=\"367865d\" data-element_type=\"section\">\n\t\t\t\t\t\t<div class=\"elementor-container elementor-column-gap-default\">\n\t\t\t\t\t\t\t<div class=\"elementor-row\">\n\t\t\t\t\t<div class=\"elementor-column elementor-col-50 elementor-top-column elementor-element elementor-element-6f274b2\" data-id=\"6f274b2\" data-element_type=\"column\">\n\t\t\t<div class=\"elementor-column-wrap elementor-element-populated\">\n\t\t\t\t\t\t\t<div class=\"elementor-widget-wrap\">\n\t\t\t\t\t\t<div class=\"elementor-element elementor-element-f1c53a7 elementor-widget elementor-widget-heading\" data-id=\"f1c53a7\" data-element_type=\"widget\" data-widget_type=\"heading.default\">\n\t\t\t\t<div class=\"elementor-widget-container\">\n\t\t\t<h2 class=\"elementor-heading-title elementor-size-default\"><span style=\"color: #cc6633;font-weight:500;\">Horari y<\/span> recorregut<\/h2>\t\t<\/div>\n\t\t\t\t<\/div>\n\t\t\t\t<div class=\"elementor-element elementor-element-c9baef2 elementor-align-left elementor-icon-list--layout-traditional elementor-list-item-link-full_width elementor-widget elementor-widget-icon-list\" data-id=\"c9baef2\" data-element_type=\"widget\" data-widget_type=\"icon-list.default\">\n\t\t\t\t<div class=\"elementor-widget-container\">\n\t\t\t\t\t<ul class=\"elementor-icon-list-items\">\n\t\t\t\t\t\t\t<li class=\"elementor-icon-list-item\">\n\t\t\t\t\t\t\t\t\t\t\t<span class=\"elementor-icon-list-icon\">\n\t\t\t\t\t\t\t<i aria-hidden=\"true\" class=\"fas fa-clock\"><\/i>\t\t\t\t\t\t<\/span>\n\t\t\t\t\t\t\t\t\t\t<span class=\"elementor-icon-list-text\"><strong>Horari<\/strong> A partir de les 19.00 h.<\/span>\n\t\t\t\t\t\t\t\t\t<\/li>\n\t\t\t\t\t\t\t\t<li class=\"elementor-icon-list-item\">\n\t\t\t\t\t\t\t\t\t\t\t<span class=\"elementor-icon-list-icon\">\n\t\t\t\t\t\t\t<i aria-hidden=\"true\" class=\"fas fa-map-marker-alt\"><\/i>\t\t\t\t\t\t<\/span>\n\t\t\t\t\t\t\t\t\t\t<span class=\"elementor-icon-list-text\"><strong>Recorregut:<\/strong> Pl. de la Llenya \u2013 C\/ Mol\u00ed de la Llum \u2013 C\/ Masia la Cova \u2013 C\/ Major \u2013 Av. Blasco Ib\u00e1\u00f1ez.<\/span>\n\t\t\t\t\t\t\t\t\t<\/li>\n\t\t\t\t\t\t<\/ul>\n\t\t\t\t<\/div>\n\t\t\t\t<\/div>\n\t\t\t\t\t\t<\/div>\n\t\t\t\t\t<\/div>\n\t\t<\/div>\n\t\t\t\t<div class=\"elementor-column elementor-col-50 elementor-top-column elementor-element elementor-element-3f076fb\" data-id=\"3f076fb\" data-element_type=\"column\">\n\t\t\t<div class=\"elementor-column-wrap elementor-element-populated\">\n\t\t\t\t\t\t\t<div class=\"elementor-widget-wrap\">\n\t\t\t\t\t\t<div class=\"elementor-element elementor-element-c5be8f9 elementor-widget elementor-widget-image\" data-id=\"c5be8f9\" data-element_type=\"widget\" data-widget_type=\"image.default\">\n\t\t\t\t<div class=\"elementor-widget-container\">\n\t\t\t\t\t\t\t\t<div class=\"elementor-image\">\n\t\t\t\t\t\t\t\t\t\t\t\t<img width=\"1024\" height=\"683\" src=\"https:\/\/manisescityofceramics.es\/wp-content\/uploads\/2021\/03\/cabalgata-ceramica5-1024x683.jpg\" class=\"attachment-large size-large\" alt=\"\" loading=\"lazy\" srcset=\"https:\/\/manisescityofceramics.es\/wp-content\/uploads\/2021\/03\/cabalgata-ceramica5-1024x683.jpg 1024w, https:\/\/manisescityofceramics.es\/wp-content\/uploads\/2021\/03\/cabalgata-ceramica5-300x200.jpg 300w, https:\/\/manisescityofceramics.es\/wp-content\/uploads\/2021\/03\/cabalgata-ceramica5-768x512.jpg 768w, https:\/\/manisescityofceramics.es\/wp-content\/uploads\/2021\/03\/cabalgata-ceramica5.jpg 1200w\" sizes=\"(max-width: 1024px) 100vw, 1024px\" \/>\t\t\t\t\t\t\t\t\t\t\t\t\t\t<\/div>\n\t\t\t\t\t\t<\/div>\n\t\t\t\t<\/div>\n\t\t\t\t\t\t<\/div>\n\t\t\t\t\t<\/div>\n\t\t<\/div>\n\t\t\t\t\t\t\t\t<\/div>\n\t\t\t\t\t<\/div>\n\t\t<\/section>\n\t\t\t\t\t\t\t\t\t<\/div>\n\t\t\t<\/div>\n\t\t\t\t\t<\/div>\n\t\t","protected":false},"excerpt":{"rendered":"<p>Cavalcada de la Cer\u00e0mica Cavalcada Cer\u00e0mica Si hi ha dos actes en les Festes Patronals de Manises que no et pots perdre s\u00f3n, sens dubte, la Festa i la Cavalcada &hellip;<\/p>\n<p class=\"read-more\"> <a class=\"\" href=\"https:\/\/manisescityofceramics.es\/ca\/cavalcada-de-la-ceramica\/\"> <span class=\"screen-reader-text\">Cavalcada de la Cer\u00e0mica<\/span> Llegeix m\u00e9s &raquo;<\/a><\/p>\n","protected":false},"author":2,"featured_media":0,"parent":0,"menu_order":0,"comment_status":"closed","ping_status":"closed","template":"","meta":{"_monsterinsights_skip_tracking":false,"_monsterinsights_sitenote_active":false,"_monsterinsights_sitenote_note":"","_monsterinsights_sitenote_category":0},"yoast_head":"<!-- This site is optimized with the Yoast SEO plugin v16.5 - https:\/\/yoast.com\/wordpress\/plugins\/seo\/ -->\r\n<title>Cavalcada de la Cer\u00e0mica - Manises<\/title>\r\n<meta name=\"robots\" content=\"index, follow, max-snippet:-1, max-image-preview:large, max-video-preview:-1\" \/>\r\n<link rel=\"canonical\" href=\"https:\/\/manisescityofceramics.es\/ca\/cavalcada-de-la-ceramica\/\" \/>\r\n<meta property=\"og:locale\" content=\"ca_ES\" \/>\r\n<meta property=\"og:type\" content=\"article\" \/>\r\n<meta property=\"og:title\" content=\"Cavalcada de la Cer\u00e0mica - Manises\" \/>\r\n<meta property=\"og:description\" content=\"Cavalcada de la Cer\u00e0mica Cavalcada Cer\u00e0mica Si hi ha dos actes en les Festes Patronals de Manises que no et pots perdre s\u00f3n, sens dubte, la Festa i la Cavalcada &hellip; Cavalcada de la Cer\u00e0mica Llegeix m\u00e9s &raquo;\" \/>\r\n<meta property=\"og:url\" content=\"https:\/\/manisescityofceramics.es\/ca\/cavalcada-de-la-ceramica\/\" \/>\r\n<meta property=\"og:site_name\" content=\"Manises\" \/>\r\n<meta property=\"article:modified_time\" content=\"2021-03-01T11:55:22+00:00\" \/>\r\n<meta property=\"og:image\" content=\"https:\/\/manisescityofceramics.es\/wp-content\/uploads\/2021\/03\/cabalgata-ceramica-1024x683.jpg\" \/>\r\n<meta name=\"twitter:card\" content=\"summary_large_image\" \/>\r\n<meta name=\"twitter:label1\" content=\"Temps estimat de lectura\" \/>\n\t<meta name=\"twitter:data1\" content=\"2 minuts\" \/>\r\n<script type=\"application\/ld+json\" class=\"yoast-schema-graph\">{\"@context\":\"https:\/\/schema.org\",\"@graph\":[{\"@type\":\"WebSite\",\"@id\":\"https:\/\/manisescityofceramics.es\/#website\",\"url\":\"https:\/\/manisescityofceramics.es\/\",\"name\":\"Manises\",\"description\":\"\",\"potentialAction\":[{\"@type\":\"SearchAction\",\"target\":\"https:\/\/manisescityofceramics.es\/?s={search_term_string}\",\"query-input\":\"required name=search_term_string\"}],\"inLanguage\":\"ca\"},{\"@type\":\"ImageObject\",\"@id\":\"https:\/\/manisescityofceramics.es\/ca\/cavalcada-de-la-ceramica\/#primaryimage\",\"inLanguage\":\"ca\",\"url\":\"https:\/\/manisescityofceramics.es\/wp-content\/uploads\/2021\/03\/cabalgata-ceramica.jpg\",\"contentUrl\":\"https:\/\/manisescityofceramics.es\/wp-content\/uploads\/2021\/03\/cabalgata-ceramica.jpg\",\"width\":1200,\"height\":800},{\"@type\":\"WebPage\",\"@id\":\"https:\/\/manisescityofceramics.es\/ca\/cavalcada-de-la-ceramica\/#webpage\",\"url\":\"https:\/\/manisescityofceramics.es\/ca\/cavalcada-de-la-ceramica\/\",\"name\":\"Cavalcada de la Cer\\u00e0mica - Manises\",\"isPartOf\":{\"@id\":\"https:\/\/manisescityofceramics.es\/#website\"},\"primaryImageOfPage\":{\"@id\":\"https:\/\/manisescityofceramics.es\/ca\/cavalcada-de-la-ceramica\/#primaryimage\"},\"datePublished\":\"2021-03-01T09:58:42+00:00\",\"dateModified\":\"2021-03-01T11:55:22+00:00\",\"breadcrumb\":{\"@id\":\"https:\/\/manisescityofceramics.es\/ca\/cavalcada-de-la-ceramica\/#breadcrumb\"},\"inLanguage\":\"ca\",\"potentialAction\":[{\"@type\":\"ReadAction\",\"target\":[\"https:\/\/manisescityofceramics.es\/ca\/cavalcada-de-la-ceramica\/\"]}]},{\"@type\":\"BreadcrumbList\",\"@id\":\"https:\/\/manisescityofceramics.es\/ca\/cavalcada-de-la-ceramica\/#breadcrumb\",\"itemListElement\":[{\"@type\":\"ListItem\",\"position\":1,\"name\":\"Inicio\",\"item\":\"https:\/\/manisescityofceramics.es\/ca\/\"},{\"@type\":\"ListItem\",\"position\":2,\"name\":\"Cavalcada de la Cer\\u00e0mica\"}]}]}<\/script>\r\n<!-- \/ Yoast SEO plugin. -->","_links":{"self":[{"href":"https:\/\/manisescityofceramics.es\/ca\/wp-json\/wp\/v2\/pages\/4965"}],"collection":[{"href":"https:\/\/manisescityofceramics.es\/ca\/wp-json\/wp\/v2\/pages"}],"about":[{"href":"https:\/\/manisescityofceramics.es\/ca\/wp-json\/wp\/v2\/types\/page"}],"author":[{"embeddable":true,"href":"https:\/\/manisescityofceramics.es\/ca\/wp-json\/wp\/v2\/users\/2"}],"replies":[{"embeddable":true,"href":"https:\/\/manisescityofceramics.es\/ca\/wp-json\/wp\/v2\/comments?post=4965"}],"version-history":[{"count":7,"href":"https:\/\/manisescityofceramics.es\/ca\/wp-json\/wp\/v2\/pages\/4965\/revisions"}],"predecessor-version":[{"id":4974,"href":"https:\/\/manisescityofceramics.es\/ca\/wp-json\/wp\/v2\/pages\/4965\/revisions\/4974"}],"wp:attachment":[{"href":"https:\/\/manisescityofceramics.es\/ca\/wp-json\/wp\/v2\/media?parent=4965"}],"curies":[{"name":"wp","href":"https:\/\/api.w.org\/{rel}","templated":true}]}}