{"id":4000,"date":"2021-02-18T17:43:07","date_gmt":"2021-02-18T17:43:07","guid":{"rendered":"http:\/\/95.39.50.142\/empresas-auxiliares\/"},"modified":"2021-02-18T17:43:07","modified_gmt":"2021-02-18T17:43:07","slug":"empresas-auxiliares","status":"publish","type":"page","link":"https:\/\/manisescityofceramics.es\/ca\/empresas-auxiliares\/","title":{"rendered":"Empresas auxiliares"},"content":{"rendered":"<h1>Empresas<br \/>  auxiliares<\/h1>\n<h4>Montesa Productos Cer\u00e1micos S.A.<\/h4>\n<p>\t\tFabricaci\u00f3n de materiales cer\u00e1micos. Asistencia t\u00e9cnica profesional y especializada<br \/>\n\t\t\t\t\t\t\t\t\t\t\t\t<a href=\"\">Informaci\u00f3n de contacto<\/a><\/p>\n<ul>\n<li>\n\t\t\t\t\t\t\t\t\t\t652178573\n\t\t\t\t\t\t\t\t\t<\/li>\n<li>\n\t\t\t\t\t\t\t\t\t\tC\/ Oeste, 6 &#8211; Bajo 46940 Manises Valencia\n\t\t\t\t\t\t\t\t\t<\/li>\n<li>\n\t\t\t\t\t\t\t\t\t\thttps:\/\/aliartebp.blogspot.com\/\n\t\t\t\t\t\t\t\t\t<\/li>\n<li>\n\t\t\t\t\t\t\t\t\t\thttps:\/\/www.facebook.com\/aliarteceramica\n\t\t\t\t\t\t\t\t\t<\/li>\n<\/ul>\n<p>\t\thttps:\/\/www.youtube.com\/watch?v=XuZtE_LCbqohttps:\/\/www.youtube.com\/watch?v=Fj8T6OwE2nw\t\t<\/p>\n<h5>Horcemeval<\/h5>\n<p>Elaboraci\u00f3n de hornos industriales de alta calidad para cer\u00e1mica y porcelana<\/p>\n<p>\t\t\t\t\t\t\t\t\t\t\t\t<a href=\"\">Informaci\u00f3n de contacto<\/a><\/p>\n<ul>\n<li>\n\t\t\t\t\t\t\t\t\t\t652178573\n\t\t\t\t\t\t\t\t\t<\/li>\n<li>\n\t\t\t\t\t\t\t\t\t\tC\/ Oeste, 6 &#8211; Bajo 46940 Manises Valencia\n\t\t\t\t\t\t\t\t\t<\/li>\n<li>\n\t\t\t\t\t\t\t\t\t\thttps:\/\/aliartebp.blogspot.com\/\n\t\t\t\t\t\t\t\t\t<\/li>\n<li>\n\t\t\t\t\t\t\t\t\t\thttps:\/\/www.facebook.com\/aliarteceramica\n\t\t\t\t\t\t\t\t\t<\/li>\n<\/ul>\n<div class=\"ast-oembed-container\"><iframe loading=\"lazy\" title=\"Sanchis Penella S.A.  - Manises es Cer\u00e1mica\" width=\"500\" height=\"281\" src=\"https:\/\/www.youtube.com\/embed\/oI23tRRG1VM?feature=oembed\" frameborder=\"0\" allow=\"accelerometer; autoplay; clipboard-write; encrypted-media; gyroscope; picture-in-picture\" allowfullscreen><\/iframe><\/div>\n<h5>Sanchis Penella S.A<\/h5>\n<p>\t\tProducci\u00f3n de cuarzo, feldespatos y arenas feldesp\u00e1ticas en diferentes presentaciones de envasado y granel.<br \/>\n\t\t\t\t\t\t\t\t\t\t\t\t<a href=\"\">Informaci\u00f3n de contacto<\/a><\/p>\n<ul>\n<li>\n\t\t\t\t\t\t\t\t\t\t652178573\n\t\t\t\t\t\t\t\t\t<\/li>\n<li>\n\t\t\t\t\t\t\t\t\t\tC\/ Oeste, 6 &#8211; Bajo 46940 Manises Valencia\n\t\t\t\t\t\t\t\t\t<\/li>\n<li>\n\t\t\t\t\t\t\t\t\t\thttps:\/\/aliartebp.blogspot.com\/\n\t\t\t\t\t\t\t\t\t<\/li>\n<li>\n\t\t\t\t\t\t\t\t\t\thttps:\/\/www.facebook.com\/aliarteceramica\n\t\t\t\t\t\t\t\t\t<\/li>\n<\/ul>\n<div class=\"ast-oembed-container\"><iframe loading=\"lazy\" title=\"Colores Cer\u00e1micos ELCOM S.L. - Manises es Cer\u00e1mica\" width=\"500\" height=\"281\" src=\"https:\/\/www.youtube.com\/embed\/0q3rrKotLko?feature=oembed\" frameborder=\"0\" allow=\"accelerometer; autoplay; clipboard-write; encrypted-media; gyroscope; picture-in-picture\" allowfullscreen><\/iframe><\/div>\n<h5>Colores Cer\u00e1micos<\/h5>\n<p>\t\tElaboraci\u00f3n de colores para azulejos, vidrio, cer\u00e1mica art\u00edstica, esmalter\u00eda de metales y porcelana.<br \/>\n\t\t\t\t\t\t\t\t\t\t\t\t<a href=\"\">Informaci\u00f3n de contacto<\/a><\/p>\n<ul>\n<li>\n\t\t\t\t\t\t\t\t\t\t652178573\n\t\t\t\t\t\t\t\t\t<\/li>\n<li>\n\t\t\t\t\t\t\t\t\t\tC\/ Oeste, 6 &#8211; Bajo 46940 Manises Valencia\n\t\t\t\t\t\t\t\t\t<\/li>\n<li>\n\t\t\t\t\t\t\t\t\t\thttps:\/\/aliartebp.blogspot.com\/\n\t\t\t\t\t\t\t\t\t<\/li>\n<li>\n\t\t\t\t\t\t\t\t\t\thttps:\/\/www.facebook.com\/aliarteceramica\n\t\t\t\t\t\t\t\t\t<\/li>\n<\/ul>\n<div class=\"ast-oembed-container\"><iframe loading=\"lazy\" title=\"PRODESCO S.L. - Manises es Cer\u00e1mica\" width=\"500\" height=\"281\" src=\"https:\/\/www.youtube.com\/embed\/vKpq8Zpbh84?feature=oembed\" frameborder=\"0\" allow=\"accelerometer; autoplay; clipboard-write; encrypted-media; gyroscope; picture-in-picture\" allowfullscreen><\/iframe><\/div>\n<h5>Prodesco S.L.<\/h5>\n<p>\t\tDise\u00f1o, fabricaci\u00f3n de esmaltes y engobes cer\u00e1micos. Comercializaci\u00f3n de estos productos y otros relacionados con el sector cer\u00e1mico<br \/>\n\t\t\t\t\t\t\t\t\t\t\t\t<a href=\"\">Informaci\u00f3n de contacto<\/a><\/p>\n<ul>\n<li>\n\t\t\t\t\t\t\t\t\t\t652178573\n\t\t\t\t\t\t\t\t\t<\/li>\n<li>\n\t\t\t\t\t\t\t\t\t\tC\/ Oeste, 6 &#8211; Bajo 46940 Manises Valencia\n\t\t\t\t\t\t\t\t\t<\/li>\n<li>\n\t\t\t\t\t\t\t\t\t\thttps:\/\/aliartebp.blogspot.com\/\n\t\t\t\t\t\t\t\t\t<\/li>\n<li>\n\t\t\t\t\t\t\t\t\t\thttps:\/\/www.facebook.com\/aliarteceramica\n\t\t\t\t\t\t\t\t\t<\/li>\n<\/ul>\n<div class=\"ast-oembed-container\"><iframe loading=\"lazy\" title=\"Vicente D\u00edez SL -  Manises es Cer\u00e1mica\" width=\"500\" height=\"281\" src=\"https:\/\/www.youtube.com\/embed\/pkWdMBhnaVA?feature=oembed\" frameborder=\"0\" allow=\"accelerometer; autoplay; clipboard-write; encrypted-media; gyroscope; picture-in-picture\" allowfullscreen><\/iframe><\/div>\n<h5>Vicente D\u00edez<\/h5>\n<p>\t\tSuministro de arcillas y minerales para las industrias del sector cer\u00e1mico. Fabricaci\u00f3n y comercializaci\u00f3n de pastas cer\u00e1micas.<br \/>\n\t\t\t\t\t\t\t\t\t\t\t\t<a href=\"\">Informaci\u00f3n de contacto<\/a><\/p>\n<ul>\n<li>\n\t\t\t\t\t\t\t\t\t\t652178573\n\t\t\t\t\t\t\t\t\t<\/li>\n<li>\n\t\t\t\t\t\t\t\t\t\tC\/ Oeste, 6 &#8211; Bajo 46940 Manises Valencia\n\t\t\t\t\t\t\t\t\t<\/li>\n<li>\n\t\t\t\t\t\t\t\t\t\thttps:\/\/aliartebp.blogspot.com\/\n\t\t\t\t\t\t\t\t\t<\/li>\n<li>\n\t\t\t\t\t\t\t\t\t\thttps:\/\/www.facebook.com\/aliarteceramica\n\t\t\t\t\t\t\t\t\t<\/li>\n<\/ul>\n<div class=\"ast-oembed-container\"><iframe loading=\"lazy\" title=\"VICAR S.A. - Manises es Cer\u00e1mica\" width=\"500\" height=\"281\" src=\"https:\/\/www.youtube.com\/embed\/hwTEVL26Uas?feature=oembed\" frameborder=\"0\" allow=\"accelerometer; autoplay; clipboard-write; encrypted-media; gyroscope; picture-in-picture\" allowfullscreen><\/iframe><\/div>\n<h5>VICAR<\/h5>\n<p>\t\tElaboraci\u00f3n de pastas, composiciones cer\u00e1micas y al tratamiento de materias primas.<br \/>\n\t\t\t\t\t\t\t\t\t\t\t\t<a href=\"\">Informaci\u00f3n de contacto<\/a><\/p>\n<ul>\n<li>\n\t\t\t\t\t\t\t\t\t\t652178573\n\t\t\t\t\t\t\t\t\t<\/li>\n<li>\n\t\t\t\t\t\t\t\t\t\tC\/ Oeste, 6 &#8211; Bajo 46940 Manises Valencia\n\t\t\t\t\t\t\t\t\t<\/li>\n<li>\n\t\t\t\t\t\t\t\t\t\thttps:\/\/aliartebp.blogspot.com\/\n\t\t\t\t\t\t\t\t\t<\/li>\n<li>\n\t\t\t\t\t\t\t\t\t\thttps:\/\/www.facebook.com\/aliarteceramica\n\t\t\t\t\t\t\t\t\t<\/li>\n<\/ul>\n<p>\t\t\t\t\t\t\t\t\t\t<img width=\"480\" height=\"480\" src=\"https:\/\/manisescityofceramics.es\/wp-content\/uploads\/2021\/02\/rdm-productos-reflactarios.jpg\" alt=\"\" loading=\"lazy\" srcset=\"https:\/\/manisescityofceramics.es\/wp-content\/uploads\/2021\/02\/rdm-productos-reflactarios.jpg 480w, https:\/\/manisescityofceramics.es\/wp-content\/uploads\/2021\/02\/rdm-productos-reflactarios-300x300.jpg 300w, https:\/\/manisescityofceramics.es\/wp-content\/uploads\/2021\/02\/rdm-productos-reflactarios-150x150.jpg 150w\" sizes=\"(max-width: 480px) 100vw, 480px\" \/>\t\t\t\t\t\t\t\t\t\t\t<\/p>\n<h5>RDM Productos Reflactarios<\/h5>\n<p>\t\tPlacas y soportes para enhornar, ladrillos refractarios, cementos, hormigones, morteros, fibras cer\u00e1micas, piezas conformadas al vac\u00edo, etc.<br \/>\n\t\t\t\t\t\t\t\t\t\t\t\t<a href=\"\">Informaci\u00f3n de contacto<\/a><\/p>\n<ul>\n<li>\n\t\t\t\t\t\t\t\t\t\t652178573\n\t\t\t\t\t\t\t\t\t<\/li>\n<li>\n\t\t\t\t\t\t\t\t\t\tC\/ Oeste, 6 &#8211; Bajo 46940 Manises Valencia\n\t\t\t\t\t\t\t\t\t<\/li>\n<li>\n\t\t\t\t\t\t\t\t\t\thttps:\/\/aliartebp.blogspot.com\/\n\t\t\t\t\t\t\t\t\t<\/li>\n<li>\n\t\t\t\t\t\t\t\t\t\thttps:\/\/www.facebook.com\/aliarteceramica\n\t\t\t\t\t\t\t\t\t<\/li>\n<\/ul>\n","protected":false},"excerpt":{"rendered":"<p>Empresas auxiliares Montesa Productos Cer\u00e1micos S.A. Fabricaci\u00f3n de materiales cer\u00e1micos. Asistencia t\u00e9cnica profesional y especializada Informaci\u00f3n de contacto 652178573 C\/ Oeste, 6 &#8211; Bajo 46940 Manises Valencia https:\/\/aliartebp.blogspot.com\/ https:\/\/www.facebook.com\/aliarteceramica https:\/\/www.youtube.com\/watch?v=XuZtE_LCbqohttps:\/\/www.youtube.com\/watch?v=Fj8T6OwE2nw &hellip;<\/p>\n<p class=\"read-more\"> <a class=\"\" href=\"https:\/\/manisescityofceramics.es\/ca\/empresas-auxiliares\/\"> <span class=\"screen-reader-text\">Empresas auxiliares<\/span> Llegeix m\u00e9s &raquo;<\/a><\/p>\n","protected":false},"author":2,"featured_media":0,"parent":0,"menu_order":0,"comment_status":"closed","ping_status":"closed","template":"","meta":{"_monsterinsights_skip_tracking":false,"_monsterinsights_sitenote_active":false,"_monsterinsights_sitenote_note":"","_monsterinsights_sitenote_category":0},"yoast_head":"<!-- This site is optimized with the Yoast SEO plugin v16.5 - https:\/\/yoast.com\/wordpress\/plugins\/seo\/ -->\r\n<title>Empresas auxiliares - Manises<\/title>\r\n<meta name=\"robots\" content=\"index, follow, max-snippet:-1, max-image-preview:large, max-video-preview:-1\" \/>\r\n<link rel=\"canonical\" href=\"https:\/\/manisescityofceramics.es\/ca\/empresas-auxiliares\/\" \/>\r\n<meta property=\"og:locale\" content=\"ca_ES\" \/>\r\n<meta property=\"og:type\" content=\"article\" \/>\r\n<meta property=\"og:title\" content=\"Empresas auxiliares - Manises\" \/>\r\n<meta property=\"og:description\" content=\"Empresas auxiliares Montesa Productos Cer\u00e1micos S.A. Fabricaci\u00f3n de materiales cer\u00e1micos. Asistencia t\u00e9cnica profesional y especializada Informaci\u00f3n de contacto 652178573 C\/ Oeste, 6 &#8211; Bajo 46940 Manises Valencia https:\/\/aliartebp.blogspot.com\/ https:\/\/www.facebook.com\/aliarteceramica https:\/\/www.youtube.com\/watch?v=XuZtE_LCbqohttps:\/\/www.youtube.com\/watch?v=Fj8T6OwE2nw &hellip; Empresas auxiliares Llegeix m\u00e9s &raquo;\" \/>\r\n<meta property=\"og:url\" content=\"https:\/\/manisescityofceramics.es\/ca\/empresas-auxiliares\/\" \/>\r\n<meta property=\"og:site_name\" content=\"Manises\" \/>\r\n<meta property=\"og:image\" content=\"https:\/\/manisescityofceramics.es\/wp-content\/uploads\/2021\/02\/rdm-productos-reflactarios.jpg\" \/>\r\n<meta name=\"twitter:card\" content=\"summary_large_image\" \/>\r\n<meta name=\"twitter:label1\" content=\"Temps estimat de lectura\" \/>\n\t<meta name=\"twitter:data1\" content=\"2 minuts\" \/>\r\n<script type=\"application\/ld+json\" class=\"yoast-schema-graph\">{\"@context\":\"https:\/\/schema.org\",\"@graph\":[{\"@type\":\"WebSite\",\"@id\":\"https:\/\/manisescityofceramics.es\/#website\",\"url\":\"https:\/\/manisescityofceramics.es\/\",\"name\":\"Manises\",\"description\":\"\",\"potentialAction\":[{\"@type\":\"SearchAction\",\"target\":\"https:\/\/manisescityofceramics.es\/?s={search_term_string}\",\"query-input\":\"required name=search_term_string\"}],\"inLanguage\":\"ca\"},{\"@type\":\"ImageObject\",\"@id\":\"https:\/\/manisescityofceramics.es\/ca\/empresas-auxiliares\/#primaryimage\",\"inLanguage\":\"ca\",\"url\":\"https:\/\/manisescityofceramics.es\/wp-content\/uploads\/2021\/02\/rdm-productos-reflactarios.jpg\",\"contentUrl\":\"https:\/\/manisescityofceramics.es\/wp-content\/uploads\/2021\/02\/rdm-productos-reflactarios.jpg\",\"width\":480,\"height\":480},{\"@type\":\"WebPage\",\"@id\":\"https:\/\/manisescityofceramics.es\/ca\/empresas-auxiliares\/#webpage\",\"url\":\"https:\/\/manisescityofceramics.es\/ca\/empresas-auxiliares\/\",\"name\":\"Empresas auxiliares - Manises\",\"isPartOf\":{\"@id\":\"https:\/\/manisescityofceramics.es\/#website\"},\"primaryImageOfPage\":{\"@id\":\"https:\/\/manisescityofceramics.es\/ca\/empresas-auxiliares\/#primaryimage\"},\"datePublished\":\"2021-02-18T17:43:07+00:00\",\"dateModified\":\"2021-02-18T17:43:07+00:00\",\"breadcrumb\":{\"@id\":\"https:\/\/manisescityofceramics.es\/ca\/empresas-auxiliares\/#breadcrumb\"},\"inLanguage\":\"ca\",\"potentialAction\":[{\"@type\":\"ReadAction\",\"target\":[\"https:\/\/manisescityofceramics.es\/ca\/empresas-auxiliares\/\"]}]},{\"@type\":\"BreadcrumbList\",\"@id\":\"https:\/\/manisescityofceramics.es\/ca\/empresas-auxiliares\/#breadcrumb\",\"itemListElement\":[{\"@type\":\"ListItem\",\"position\":1,\"name\":\"Inicio\",\"item\":\"https:\/\/manisescityofceramics.es\/ca\/\"},{\"@type\":\"ListItem\",\"position\":2,\"name\":\"Empresas auxiliares\"}]}]}<\/script>\r\n<!-- \/ Yoast SEO plugin. -->","_links":{"self":[{"href":"https:\/\/manisescityofceramics.es\/ca\/wp-json\/wp\/v2\/pages\/4000"}],"collection":[{"href":"https:\/\/manisescityofceramics.es\/ca\/wp-json\/wp\/v2\/pages"}],"about":[{"href":"https:\/\/manisescityofceramics.es\/ca\/wp-json\/wp\/v2\/types\/page"}],"author":[{"embeddable":true,"href":"https:\/\/manisescityofceramics.es\/ca\/wp-json\/wp\/v2\/users\/2"}],"replies":[{"embeddable":true,"href":"https:\/\/manisescityofceramics.es\/ca\/wp-json\/wp\/v2\/comments?post=4000"}],"version-history":[{"count":0,"href":"https:\/\/manisescityofceramics.es\/ca\/wp-json\/wp\/v2\/pages\/4000\/revisions"}],"wp:attachment":[{"href":"https:\/\/manisescityofceramics.es\/ca\/wp-json\/wp\/v2\/media?parent=4000"}],"curies":[{"name":"wp","href":"https:\/\/api.w.org\/{rel}","templated":true}]}}